{"id":4051,"date":"2021-09-23T16:13:05","date_gmt":"2021-09-23T14:13:05","guid":{"rendered":"https:\/\/lirpasilicones.com\/accesorios-para-panificacion\/"},"modified":"2021-11-17T18:23:33","modified_gmt":"2021-11-17T16:23:33","slug":"accesorios-para-panificacion","status":"publish","type":"page","link":"https:\/\/lirpasilicones.com\/fr\/accesorios-para-panificacion\/","title":{"rendered":"Accessoires de cuisson"},"content":{"rendered":"<section id=\"bt_bb_section69ebd65b6ab53\" class=\"bt_bb_section bt_bb_layout_boxed_1200 bt_bb_vertical_align_top bt_bb_top_spacing_80 bt_bb_bottom_spacing_large\"  data-bt-override-class=\"null\"><div class=\"bt_bb_port\"><div class=\"bt_bb_cell\"><div class=\"bt_bb_cell_inner\"><div class=\"bt_bb_row \"  data-bt-override-class=\"{}\"><div class=\"bt_bb_row_holder\" ><div  class=\"bt_bb_column col-xxl-8 col-xl-8 col-xs-12 col-sm-12 col-md-12 col-lg-8 bt_bb_vertical_align_top bt_bb_align_left bt_bb_padding_normal bt_bb_animation_fade_in zoom_out animate\" style=\"; --column-width:8;\" data-width=\"8\" data-bt-override-class=\"{&quot;bt_bb_align_&quot;:{&quot;current_class&quot;:&quot;bt_bb_align_left&quot;,&quot;xxl&quot;:&quot;left&quot;,&quot;xl&quot;:&quot;left&quot;}}\"><div class=\"bt_bb_column_content\"><div class=\"bt_bb_column_content_inner\"><div class=\"bt_bb_separator bt_bb_border_style_none bt_bb_top_spacing_medium bt_bb_bottom_spacing_large bt_bb_hidden_xs\" data-bt-override-class=\"null\"><\/div><header class=\"bt_bb_headline bt_bb_color_scheme_2 bt_bb_dash_top bt_bb_superheadline bt_bb_subheadline bt_bb_size_inherit bt_bb_align_inherit bt_bb_hidden_xs bt_bb_hidden_ms\" style=\"; --headline-primary-color:#000000; --headline-secondary-color:#ffffff;;color:rgb(0,0,0);border-color:rgb(0,0,0);\" data-bt-override-class=\"null\"><h1><span class=\"bt_bb_headline_superheadline\"><span><br \/>\n<\/span><\/span><span class=\"bt_bb_headline_content\"><span><br \/><br \/>\nAccessoires de cuisson<br \/><br \/>\n<span class=\"bt_bb_outline_text bt_bb_outline_text_align_inherit bt_bb_outline_text_size_200\"><span>Accessoires<\/span><\/span><\/span><\/span><\/h1><div class=\"bt_bb_headline_subheadline\">Afin d'offrir une solution globale \u00e0 nos clients, LIRPA Silicones renforce son activit\u00e9 avec la distribution d'une large gamme d'accessoires et d'ustensiles pour l'industrie de la boulangerie, de la p\u00e2tisserie et de la p\u00e2tisserie : barquettes et\/ou bo\u00eetes de cuisson et cong\u00e9lation, claies, p\u00e2te ou fermentation tissus et tables de fermentation marine.<\/p><br \/>\n<p>Grilles en acier inoxydable<br \/><br \/>\nGrilles de fermentation ou de pr\u00e9sentation en acier inoxydable ou grilles, avec traverses et avec pieds (en option).<\/div><\/header><header class=\"bt_bb_headline bt_bb_color_scheme_2 bt_bb_dash_top bt_bb_superheadline bt_bb_subheadline bt_bb_size_inherit bt_bb_align_inherit bt_bb_hidden_sm bt_bb_hidden_md bt_bb_hidden_lg\" style=\"; --headline-primary-color:#000000; --headline-secondary-color:#ffffff;;color:rgb(0,0,0);border-color:rgb(0,0,0);\" data-bt-override-class=\"null\"><h1><span class=\"bt_bb_headline_superheadline\"><span><br \/>\n<\/span><\/span><span class=\"bt_bb_headline_content\"><span><br \/><br \/>\nAccessoires de cuisson<br \/><br \/>\n<\/span><\/span><\/h1><div class=\"bt_bb_headline_subheadline\">Afin d'offrir une solution globale \u00e0 nos clients, LIRPA Silicones renforce son activit\u00e9 avec la distribution d'une large gamme d'accessoires et d'ustensiles pour l'industrie de la boulangerie, de la p\u00e2tisserie et de la p\u00e2tisserie : barquettes et\/ou bo\u00eetes de cuisson et cong\u00e9lation, claies, p\u00e2te ou fermentation tissus et tables de fermentation marine.<\/p><br \/>\n<p>Grilles en acier inoxydable<br \/><br \/>\nGrilles de fermentation ou de pr\u00e9sentation en acier inoxydable ou grilles, avec traverses et avec pieds (en option).<\/div><\/header><div class=\"bt_bb_separator bt_bb_border_style_none bt_bb_bottom_spacing_60 bt_bb_hidden_xs bt_bb_hidden_ms\" data-bt-override-class=\"null\"><\/div><\/div><\/div><\/div><div  class=\"bt_bb_column col-xxl-4 col-xl-4 col-xs-12 col-sm-12 col-md-12 col-lg-4 bt_bb_vertical_align_top bt_bb_align_left bt_bb_padding_40 bt_bb_animation_fade_in zoom_out animate\" style=\"; --column-width:4;\" data-width=\"4\" data-bt-override-class=\"{&quot;bt_bb_align_&quot;:{&quot;current_class&quot;:&quot;bt_bb_align_left&quot;,&quot;xxl&quot;:&quot;left&quot;,&quot;xl&quot;:&quot;left&quot;}}\"><div class=\"bt_bb_column_content\"><div class=\"bt_bb_column_content_inner\"><div class=\"bt_bb_separator bt_bb_border_style_none bt_bb_top_spacing_80 bt_bb_bottom_spacing_20 bt_bb_hidden_xs bt_bb_hidden_ms\" data-bt-override-class=\"null\"><\/div><div class=\"bt_bb_image bt_bb_shape_square bt_bb_align_inherit bt_bb_hover_style_simple bt_bb_content_display_always bt_bb_content_align_middle bt_bb_remove_padding_yes bt_bb_fill_background_color_full bt_bb_hidden_xs bt_bb_hidden_ms\" style=\"margin-top: 70px;\" data-bt-override-class=\"null\"><span><img src = \"https:\/\/lirpasilicones.com\/wp-content\/plugins\/bold-page-builder\/img\/blank.gif\" data-full_image_src=\"https:\/\/lirpasilicones.com\/wp-content\/uploads\/2021\/11\/accesoriso.header-1.jpg\" data-image_src=\"https:\/\/lirpasilicones.com\/wp-content\/uploads\/2021\/11\/accesoriso.header-1-768x576.jpg\" title=\"Accesorios para panificaci\u00f3n\" alt=\"Accesorios para panificaci\u00f3n\" class=\"btLazyLoadImage\"><\/span><\/div><div class=\"bt_bb_separator bt_bb_border_style_none bt_bb_top_spacing_40 bt_bb_hidden_xs bt_bb_hidden_ms\" data-bt-override-class=\"null\"><\/div><\/div><\/div><\/div><\/div><\/div><\/div><!-- cell_inner --><\/div><!-- cell --><\/div><!-- port --><\/section><section id=\"bt_bb_section69ebd65b6b612\" class=\"bt_bb_section bt_bb_layout_boxed_1200 bt_bb_vertical_align_top bt_bb_top_spacing_30\" style=\";background-color:rgb(241,241,241);\" data-bt-override-class=\"null\"><div class=\"bt_bb_port\"><div class=\"bt_bb_cell\"><div class=\"bt_bb_cell_inner\"><div class=\"bt_bb_row \"  data-bt-override-class=\"{}\"><div class=\"bt_bb_row_holder\" ><div  class=\"bt_bb_column col-xxl-3 col-xl-3 col-xs-12 col-sm-6 col-md-6 col-lg-3 bt_bb_vertical_align_top bt_bb_align_left bt_bb_padding_text_indent bt_bb_animation_fade_in move_down animate\" style=\"margin-bottom: 2rem;; --column-width:3;\" data-width=\"3\" data-bt-override-class=\"{&quot;bt_bb_align_&quot;:{&quot;current_class&quot;:&quot;bt_bb_align_left&quot;,&quot;xxl&quot;:&quot;left&quot;,&quot;xl&quot;:&quot;left&quot;}}\"><div class=\"bt_bb_column_content\" style=\"background-color:rgb(255,255,255);\"><div class=\"bt_bb_column_content_inner\"><div class=\"bt_bb_image bt_bb_shape_square bt_bb_align_inherit bt_bb_hover_style_simple bt_bb_content_display_always bt_bb_content_align_middle bt_bb_remove_padding_yes bt_bb_fill_background_color_full\" style=\"height:180px; overflow: hidden;\" data-bt-override-class=\"null\"><span><img src = \"https:\/\/lirpasilicones.com\/wp-content\/plugins\/bold-page-builder\/img\/blank.gif\" data-full_image_src=\"https:\/\/lirpasilicones.com\/wp-content\/uploads\/2021\/09\/bandejas_congelacion.jpg\" data-image_src=\"https:\/\/lirpasilicones.com\/wp-content\/uploads\/2021\/09\/bandejas_congelacion.jpg\" title=\"bandejas_congelacion\" alt=\"Bandejas congelaci\u00f3n\" class=\"btLazyLoadImage\"><\/span><\/div><div class=\"bt_bb_separator bt_bb_border_style_none bt_bb_bottom_spacing_25\" data-bt-override-class=\"null\"><\/div><header class=\"bt_bb_headline bt_bb_dash_none bt_bb_subheadline bt_bb_size_small bt_bb_align_inherit\" data-bt-override-class=\"null\"><h2><span class=\"bt_bb_headline_content\"><span>Accessoires de cuisson et cong\u00e9lation<br \/><br \/>\n<\/span><\/span><\/h2><div class=\"bt_bb_headline_subheadline\">Plateaux encastr\u00e9s en aluminium \u00e9paisseur 1 mm, perfor\u00e9s ou non, plateaux aluminium non perfor\u00e9s 2 ou 4 rangs, plateau aluminium conique ou plateaux pr\u00e9sentoirs.<br \/><br \/>\n<\/div><\/header><div class=\"bt_bb_separator bt_bb_border_style_none bt_bb_bottom_spacing_25\" data-bt-override-class=\"null\"><\/div><\/div><\/div><\/div><div  class=\"bt_bb_column col-xxl-3 col-xl-3 col-xs-12 col-sm-6 col-md-6 col-lg-3 bt_bb_vertical_align_top bt_bb_align_left bt_bb_padding_text_indent bt_bb_animation_fade_in move_down animate\" style=\"margin-bottom: 2rem;; --column-width:3;\" data-width=\"3\" data-bt-override-class=\"{&quot;bt_bb_align_&quot;:{&quot;current_class&quot;:&quot;bt_bb_align_left&quot;,&quot;xxl&quot;:&quot;left&quot;,&quot;xl&quot;:&quot;left&quot;}}\"><div class=\"bt_bb_column_content\" style=\"background-color:rgb(255,255,255);\"><div class=\"bt_bb_column_content_inner\"><div class=\"bt_bb_image bt_bb_shape_square bt_bb_align_inherit bt_bb_hover_style_simple bt_bb_content_display_always bt_bb_content_align_middle bt_bb_remove_padding_yes bt_bb_fill_background_color_full\" style=\"height:180px; overflow: hidden;\" data-bt-override-class=\"null\"><span><img src = \"https:\/\/lirpasilicones.com\/wp-content\/plugins\/bold-page-builder\/img\/blank.gif\" data-full_image_src=\"https:\/\/lirpasilicones.com\/wp-content\/uploads\/2021\/10\/17.rejillas_v2.png\" data-image_src=\"https:\/\/lirpasilicones.com\/wp-content\/uploads\/2021\/10\/17.rejillas_v2.png\" title=\"Rejillas para panificaci\u00f3n\" alt=\"Rejillas para panificaci\u00f3n\" class=\"btLazyLoadImage\"><\/span><\/div><div class=\"bt_bb_separator bt_bb_border_style_none bt_bb_bottom_spacing_25\" data-bt-override-class=\"null\"><\/div><header class=\"bt_bb_headline bt_bb_dash_none bt_bb_subheadline bt_bb_size_small bt_bb_align_inherit\" data-bt-override-class=\"null\"><h2><span class=\"bt_bb_headline_content\"><span>Grilles ou grilles<br \/><br \/>\n<\/span><\/span><\/h2><div class=\"bt_bb_headline_subheadline\">Grilles en aluminium, taille standard ou sur mesure<\/div><\/header><div class=\"bt_bb_separator bt_bb_border_style_none bt_bb_bottom_spacing_25\" data-bt-override-class=\"null\"><\/div><\/div><\/div><\/div><div  class=\"bt_bb_column col-xxl-3 col-xl-3 col-xs-12 col-sm-6 col-md-6 col-lg-3 bt_bb_vertical_align_top bt_bb_align_left bt_bb_padding_text_indent bt_bb_animation_fade_in move_down animate\" style=\"margin-bottom: 2rem;; --column-width:3;\" data-width=\"3\" data-bt-override-class=\"{&quot;bt_bb_align_&quot;:{&quot;current_class&quot;:&quot;bt_bb_align_left&quot;,&quot;xxl&quot;:&quot;left&quot;,&quot;xl&quot;:&quot;left&quot;}}\"><div class=\"bt_bb_column_content\" style=\"background-color:rgb(255,255,255);\"><div class=\"bt_bb_column_content_inner\"><div class=\"bt_bb_image bt_bb_shape_square bt_bb_align_inherit bt_bb_hover_style_simple bt_bb_content_display_always bt_bb_content_align_middle bt_bb_remove_padding_yes bt_bb_fill_background_color_full\" style=\"height:180px; overflow: hidden;\" data-bt-override-class=\"null\"><span><img src = \"https:\/\/lirpasilicones.com\/wp-content\/plugins\/bold-page-builder\/img\/blank.gif\" data-full_image_src=\"https:\/\/lirpasilicones.com\/wp-content\/uploads\/2021\/09\/tela_masera.png\" data-image_src=\"https:\/\/lirpasilicones.com\/wp-content\/uploads\/2021\/09\/tela_masera.png\" title=\"tela_masera\" alt=\"https:\/\/lirpasilicones.com\/wp-content\/uploads\/2021\/09\/tela_masera.png\" class=\"btLazyLoadImage\"><\/span><\/div><div class=\"bt_bb_separator bt_bb_border_style_none bt_bb_bottom_spacing_25\" data-bt-override-class=\"null\"><\/div><header class=\"bt_bb_headline bt_bb_dash_none bt_bb_subheadline bt_bb_size_small bt_bb_align_inherit\" data-bt-override-class=\"null\"><h2><span class=\"bt_bb_headline_content\"><span>Chiffon \u00e0 p\u00e2te ou \u00e0 levain<\/p><br \/>\n<p><\/span><\/span><\/h2><div class=\"bt_bb_headline_subheadline\">Tissu en lin, coton ou laine. Mesures personnalis\u00e9es.<br \/><br \/>\n<\/div><\/header><div class=\"bt_bb_separator bt_bb_border_style_none bt_bb_bottom_spacing_25\" data-bt-override-class=\"null\"><\/div><\/div><\/div><\/div><div  class=\"bt_bb_column col-xxl-3 col-xl-3 col-xs-12 col-sm-6 col-md-6 col-lg-3 bt_bb_vertical_align_top bt_bb_align_left bt_bb_padding_text_indent bt_bb_animation_fade_in move_down animate\" style=\"margin-bottom: 2rem;; --column-width:3;\" data-width=\"3\" data-bt-override-class=\"{&quot;bt_bb_align_&quot;:{&quot;current_class&quot;:&quot;bt_bb_align_left&quot;,&quot;xxl&quot;:&quot;left&quot;,&quot;xl&quot;:&quot;left&quot;}}\"><div class=\"bt_bb_column_content\" style=\"background-color:rgb(255,255,255);\"><div class=\"bt_bb_column_content_inner\"><div class=\"bt_bb_image bt_bb_shape_square bt_bb_align_inherit bt_bb_hover_style_simple bt_bb_content_display_always bt_bb_content_align_middle bt_bb_remove_padding_yes bt_bb_fill_background_color_full\" style=\"height:180px; overflow: hidden;\" data-bt-override-class=\"null\"><span><img src = \"https:\/\/lirpasilicones.com\/wp-content\/plugins\/bold-page-builder\/img\/blank.gif\" data-full_image_src=\"https:\/\/lirpasilicones.com\/wp-content\/uploads\/2021\/09\/19.tabla_.marina.png\" data-image_src=\"https:\/\/lirpasilicones.com\/wp-content\/uploads\/2021\/09\/19.tabla_.marina.png\" title=\"19.tabla.marina\" alt=\"https:\/\/lirpasilicones.com\/wp-content\/uploads\/2021\/09\/19.tabla_.marina.png\" class=\"btLazyLoadImage\"><\/span><\/div><div class=\"bt_bb_separator bt_bb_border_style_none bt_bb_bottom_spacing_25\" data-bt-override-class=\"null\"><\/div><header class=\"bt_bb_headline bt_bb_dash_none bt_bb_subheadline bt_bb_size_small bt_bb_align_inherit\" data-bt-override-class=\"null\"><h2><span class=\"bt_bb_headline_content\"><span>Tables de fermentation marine<br \/><br \/>\n<\/span><\/span><\/h2><div class=\"bt_bb_headline_subheadline\">Table anti-humidit\u00e9 avec panneaux \u00e9tanches, id\u00e9ale pour la fermentation naturelle ainsi que pour les chambres de fermentation contr\u00f4l\u00e9es.<\/div><\/header><div class=\"bt_bb_separator bt_bb_border_style_none bt_bb_bottom_spacing_25\" data-bt-override-class=\"null\"><\/div><\/div><\/div><\/div><\/div><\/div><\/div><!-- cell_inner --><\/div><!-- cell --><\/div><!-- port --><\/section><section id=\"bt_bb_section69ebd65b6cbbe\" class=\"bt_bb_section bt_bb_layout_boxed_1200\"  data-bt-override-class=\"null\"><div class=\"bt_bb_port\"><div class=\"bt_bb_cell\"><div class=\"bt_bb_cell_inner\"><div class=\"bt_bb_row \"  data-bt-override-class=\"{}\"><div class=\"bt_bb_row_holder\" ><div  class=\"bt_bb_column col-xxl-8 col-xl-8 col-xs-12 col-sm-12 col-md-12 col-lg-8 bt_bb_vertical_align_top bt_bb_align_left bt_bb_padding_normal\" style=\"; --column-width:8;\" data-width=\"8\" data-bt-override-class=\"{}\"><div class=\"bt_bb_column_content\"><div class=\"bt_bb_column_content_inner\"><div class=\"bt_bb_separator bt_bb_border_style_none bt_bb_top_spacing_40\" data-bt-override-class=\"null\"><\/div><header class=\"bt_bb_headline bt_bb_dash_none bt_bb_size_inherit bt_bb_align_inherit\" data-bt-override-class=\"null\"><h2><span class=\"bt_bb_headline_content\"><span>Questions fr\u00e9quentes<span class=\"bt_bb_outline_text bt_bb_outline_text_align_inherit bt_bb_outline_text_size_inherit\"><span>FAQ<\/span><\/span><\/span><\/span><\/h2><\/header><div class=\"bt_bb_separator bt_bb_border_style_none bt_bb_top_spacing_30\" data-bt-override-class=\"null\"><\/div><div class=\"bt_bb_accordion bt_bb_color_scheme_5 bt_bb_style_simple bt_bb_shape_square\" style=\"; --accordion-primary-color:#000000; --accordion-secondary-color:#003b68;\"><div class=\"bt_bb_accordion_item\"><div class=\"bt_bb_accordion_item_title\">Quels types de plateaux et\/ou d'accessoires de cuisson et de cong\u00e9lation existe-t-il ?<\/div><div class=\"bt_bb_accordion_item_content\"><div  class=\"bt_bb_text\" ><\/p>\n<p>Chez LIRPA Silicones nous nous engageons sur des produits durables et des mat\u00e9riaux r\u00e9sistants aux hautes et basses temp\u00e9ratures, tels que : barquettes coniques, barquettes 2 ou 4 rangs, barquettes perfor\u00e9es ou embouties perfor\u00e9es.<\/p>\n<p>\n<\/div><\/div><\/div><div class=\"bt_bb_accordion_item\"><div class=\"bt_bb_accordion_item_title\">Quelles sont les mesures standard des grilles ?<\/div><div class=\"bt_bb_accordion_item_content\"><div  class=\"bt_bb_text\" ><\/p>\n<p>Les dimensions standards des caillebotis inox sont (dimensions exprim\u00e9es en mm) : 300&#215;240, 600&#215;400, 800&#215;400 et 800&#215;600.<\/p>\n<p>\n<\/div><\/div><\/div><div class=\"bt_bb_accordion_item\"><div class=\"bt_bb_accordion_item_title\">Quels types de torchon existe-t-il?<\/div><div class=\"bt_bb_accordion_item_content\"><div  class=\"bt_bb_text\" ><\/p>\n<p>Il existe 3 types de tissus en p\u00e2te pour la fermentation : le tissu 100% lin, le tissu m\u00e9lang\u00e9 lin et coton et le tissu en p\u00e2te de laine, ce dernier n&rsquo;a pas besoin de farine pour \u00e9viter que la p\u00e2te ne colle au tissu. Tous ont un traitement antibact\u00e9rien, anti-moisissure et sont lavables.<\/p>\n<p>\n<\/div><\/div><\/div><div class=\"bt_bb_accordion_item\"><div class=\"bt_bb_accordion_item_title\">Quels types de mesures de tissu de masse existe-t-il?<\/div><div class=\"bt_bb_accordion_item_content\"><div  class=\"bt_bb_text\" ><\/p>\n<p>En r\u00e8gle g\u00e9n\u00e9rale, dans les tissus de masse, la mesure importante est la largeur. Compte tenu de ce qui pr\u00e9c\u00e8de, les mesures sont les suivantes (mesures exprim\u00e9es en cm) : 40, 45, 50, 55, 65, 70, 75 et 80. Sur demande, nous offrons \u00e9galement la possibilit\u00e9 d&rsquo;acheter des b\u00e2ches pour chargeurs de four.<\/p>\n<p>\n<\/div><\/div><\/div><div class=\"bt_bb_accordion_item\"><div class=\"bt_bb_accordion_item_title\">Quels types de tables de fermentation marine existe-t-il?<\/div><div class=\"bt_bb_accordion_item_content\"><div  class=\"bt_bb_text\" ><\/p>\n<p>Chez LIRPA Silicones, nous nous engageons sur la qualit\u00e9 et la durabilit\u00e9 de nos produits, c&rsquo;est pourquoi nous proposons 2 types de planches marines plus adapt\u00e9es au secteur de la boulangerie, de la p\u00e2tisserie et de la p\u00e2tisserie : planche 100% marine en h\u00eatre et planche calab\u00f3 en contreplaqu\u00e9 de calab\u00f3 et l&rsquo;int\u00e9rieur de peuplier.<\/p>\n<p>\n<\/div><\/div><\/div><\/div><\/div><\/div><\/div><div  class=\"bt_bb_column col-xxl-4 col-xl-4 col-xs-12 col-sm-12 col-md-12 col-lg-4 bt_bb_vertical_align_top bt_bb_align_left bt_bb_padding_normal\" style=\"; --column-width:4;\" data-width=\"4\" data-bt-override-class=\"{}\"><div class=\"bt_bb_column_content\"><div class=\"bt_bb_column_content_inner\"><div class=\"bt_bb_separator bt_bb_border_style_none bt_bb_top_spacing_40\" data-bt-override-class=\"null\"><\/div><div class=\"bt_bb_image bt_bb_shape_square bt_bb_align_inherit bt_bb_hover_style_simple bt_bb_content_display_always bt_bb_content_align_middle bt_bb_remove_padding_yes bt_bb_fill_background_color_full\" data-bt-override-class=\"null\"><span><img src = \"https:\/\/lirpasilicones.com\/wp-content\/plugins\/bold-page-builder\/img\/blank.gif\" data-full_image_src=\"https:\/\/lirpasilicones.com\/wp-content\/uploads\/2021\/10\/surtido_panes.png\" data-image_src=\"https:\/\/lirpasilicones.com\/wp-content\/uploads\/2021\/10\/surtido_panes.png\" title=\"surtido_panes\" alt=\"https:\/\/lirpasilicones.com\/wp-content\/uploads\/2021\/10\/surtido_panes.png\" class=\"btLazyLoadImage\"><\/span><\/div><div class=\"bt_bb_separator bt_bb_border_style_none bt_bb_top_spacing_40\" data-bt-override-class=\"null\"><\/div><\/div><\/div><\/div><\/div><\/div><\/div><!-- cell_inner --><\/div><!-- cell --><\/div><!-- port --><\/section>\n","protected":false},"excerpt":{"rendered":"Accessoires de cuisson AccessoiresAfin d'offrir une solution globale \u00e0 nos clients, LIRPA Silicones renforce son activit\u00e9 avec la distribution d'une large gamme d'accessoires et d'ustensiles pour l'industrie de la boulangerie, de la p\u00e2tisserie et de la p\u00e2tisserie : barquettes et\/ou bo\u00eetes de cuisson et cong\u00e9lation, claies, p\u00e2te ou fermentation tissus et tables de fermentation marine....","protected":false},"author":1002,"featured_media":0,"parent":0,"menu_order":0,"comment_status":"closed","ping_status":"closed","template":"","meta":{"inline_featured_image":false,"_monsterinsights_skip_tracking":false,"_monsterinsights_sitenote_active":false,"_monsterinsights_sitenote_note":"","_monsterinsights_sitenote_category":0,"footnotes":""},"categories":[],"tags":[],"class_list":["post-4051","page","type-page","status-publish","hentry"],"yoast_head":"<!-- This site is optimized with the Yoast SEO plugin v24.2 - https:\/\/yoast.com\/wordpress\/plugins\/seo\/ -->\n<title>Accessoires de cuisson &#8211; LIRPA<\/title>\n<meta name=\"robots\" content=\"index, follow, max-snippet:-1, max-image-preview:large, max-video-preview:-1\" \/>\n<link rel=\"canonical\" href=\"https:\/\/lirpasilicones.com\/fr\/accesorios-para-panificacion\/\" \/>\n<meta property=\"og:locale\" content=\"fr_FR\" \/>\n<meta property=\"og:type\" content=\"article\" \/>\n<meta property=\"og:title\" content=\"Accessoires de cuisson &#8211; LIRPA\" \/>\n<meta property=\"og:url\" content=\"https:\/\/lirpasilicones.com\/fr\/accesorios-para-panificacion\/\" \/>\n<meta property=\"og:site_name\" content=\"LIRPA\" \/>\n<meta property=\"article:modified_time\" content=\"2021-11-17T16:23:33+00:00\" \/>\n<meta name=\"twitter:card\" content=\"summary_large_image\" \/>\n<meta name=\"twitter:label1\" content=\"Dur\u00e9e de lecture estim\u00e9e\" \/>\n\t<meta name=\"twitter:data1\" content=\"3 minutes\" \/>\n<script type=\"application\/ld+json\" class=\"yoast-schema-graph\">{\"@context\":\"https:\/\/schema.org\",\"@graph\":[{\"@type\":\"WebPage\",\"@id\":\"https:\/\/lirpasilicones.com\/fr\/accesorios-para-panificacion\/\",\"url\":\"https:\/\/lirpasilicones.com\/fr\/accesorios-para-panificacion\/\",\"name\":\"Accessoires de cuisson &#8211; LIRPA\",\"isPartOf\":{\"@id\":\"https:\/\/lirpasilicones.com\/#website\"},\"datePublished\":\"2021-09-23T14:13:05+00:00\",\"dateModified\":\"2021-11-17T16:23:33+00:00\",\"breadcrumb\":{\"@id\":\"https:\/\/lirpasilicones.com\/fr\/accesorios-para-panificacion\/#breadcrumb\"},\"inLanguage\":\"fr-FR\",\"potentialAction\":[{\"@type\":\"ReadAction\",\"target\":[\"https:\/\/lirpasilicones.com\/fr\/accesorios-para-panificacion\/\"]}]},{\"@type\":\"BreadcrumbList\",\"@id\":\"https:\/\/lirpasilicones.com\/fr\/accesorios-para-panificacion\/#breadcrumb\",\"itemListElement\":[{\"@type\":\"ListItem\",\"position\":1,\"name\":\"Home\",\"item\":\"https:\/\/lirpasilicones.com\/fr\/\"},{\"@type\":\"ListItem\",\"position\":2,\"name\":\"Accessoires de cuisson\"}]},{\"@type\":\"WebSite\",\"@id\":\"https:\/\/lirpasilicones.com\/#website\",\"url\":\"https:\/\/lirpasilicones.com\/\",\"name\":\"LIRPA\",\"description\":\"Silicones\",\"publisher\":{\"@id\":\"https:\/\/lirpasilicones.com\/#organization\"},\"potentialAction\":[{\"@type\":\"SearchAction\",\"target\":{\"@type\":\"EntryPoint\",\"urlTemplate\":\"https:\/\/lirpasilicones.com\/?s={search_term_string}\"},\"query-input\":{\"@type\":\"PropertyValueSpecification\",\"valueRequired\":true,\"valueName\":\"search_term_string\"}}],\"inLanguage\":\"fr-FR\"},{\"@type\":\"Organization\",\"@id\":\"https:\/\/lirpasilicones.com\/#organization\",\"name\":\"Lirpa Silicones\",\"url\":\"https:\/\/lirpasilicones.com\/\",\"logo\":{\"@type\":\"ImageObject\",\"inLanguage\":\"fr-FR\",\"@id\":\"https:\/\/lirpasilicones.com\/#\/schema\/logo\/image\/\",\"url\":\"https:\/\/lirpasilicones.com\/wp-content\/uploads\/2019\/09\/Logo-LIRPA-RGB-color.png\",\"contentUrl\":\"https:\/\/lirpasilicones.com\/wp-content\/uploads\/2019\/09\/Logo-LIRPA-RGB-color.png\",\"width\":439,\"height\":112,\"caption\":\"Lirpa Silicones\"},\"image\":{\"@id\":\"https:\/\/lirpasilicones.com\/#\/schema\/logo\/image\/\"}}]}<\/script>\n<!-- \/ Yoast SEO plugin. -->","yoast_head_json":{"title":"Accessoires de cuisson &#8211; LIRPA","robots":{"index":"index","follow":"follow","max-snippet":"max-snippet:-1","max-image-preview":"max-image-preview:large","max-video-preview":"max-video-preview:-1"},"canonical":"https:\/\/lirpasilicones.com\/fr\/accesorios-para-panificacion\/","og_locale":"fr_FR","og_type":"article","og_title":"Accessoires de cuisson &#8211; LIRPA","og_url":"https:\/\/lirpasilicones.com\/fr\/accesorios-para-panificacion\/","og_site_name":"LIRPA","article_modified_time":"2021-11-17T16:23:33+00:00","twitter_card":"summary_large_image","twitter_misc":{"Dur\u00e9e de lecture estim\u00e9e":"3 minutes"},"schema":{"@context":"https:\/\/schema.org","@graph":[{"@type":"WebPage","@id":"https:\/\/lirpasilicones.com\/fr\/accesorios-para-panificacion\/","url":"https:\/\/lirpasilicones.com\/fr\/accesorios-para-panificacion\/","name":"Accessoires de cuisson &#8211; LIRPA","isPartOf":{"@id":"https:\/\/lirpasilicones.com\/#website"},"datePublished":"2021-09-23T14:13:05+00:00","dateModified":"2021-11-17T16:23:33+00:00","breadcrumb":{"@id":"https:\/\/lirpasilicones.com\/fr\/accesorios-para-panificacion\/#breadcrumb"},"inLanguage":"fr-FR","potentialAction":[{"@type":"ReadAction","target":["https:\/\/lirpasilicones.com\/fr\/accesorios-para-panificacion\/"]}]},{"@type":"BreadcrumbList","@id":"https:\/\/lirpasilicones.com\/fr\/accesorios-para-panificacion\/#breadcrumb","itemListElement":[{"@type":"ListItem","position":1,"name":"Home","item":"https:\/\/lirpasilicones.com\/fr\/"},{"@type":"ListItem","position":2,"name":"Accessoires de cuisson"}]},{"@type":"WebSite","@id":"https:\/\/lirpasilicones.com\/#website","url":"https:\/\/lirpasilicones.com\/","name":"LIRPA","description":"Silicones","publisher":{"@id":"https:\/\/lirpasilicones.com\/#organization"},"potentialAction":[{"@type":"SearchAction","target":{"@type":"EntryPoint","urlTemplate":"https:\/\/lirpasilicones.com\/?s={search_term_string}"},"query-input":{"@type":"PropertyValueSpecification","valueRequired":true,"valueName":"search_term_string"}}],"inLanguage":"fr-FR"},{"@type":"Organization","@id":"https:\/\/lirpasilicones.com\/#organization","name":"Lirpa Silicones","url":"https:\/\/lirpasilicones.com\/","logo":{"@type":"ImageObject","inLanguage":"fr-FR","@id":"https:\/\/lirpasilicones.com\/#\/schema\/logo\/image\/","url":"https:\/\/lirpasilicones.com\/wp-content\/uploads\/2019\/09\/Logo-LIRPA-RGB-color.png","contentUrl":"https:\/\/lirpasilicones.com\/wp-content\/uploads\/2019\/09\/Logo-LIRPA-RGB-color.png","width":439,"height":112,"caption":"Lirpa Silicones"},"image":{"@id":"https:\/\/lirpasilicones.com\/#\/schema\/logo\/image\/"}}]}},"_links":{"self":[{"href":"https:\/\/lirpasilicones.com\/fr\/wp-json\/wp\/v2\/pages\/4051","targetHints":{"allow":["GET"]}}],"collection":[{"href":"https:\/\/lirpasilicones.com\/fr\/wp-json\/wp\/v2\/pages"}],"about":[{"href":"https:\/\/lirpasilicones.com\/fr\/wp-json\/wp\/v2\/types\/page"}],"author":[{"embeddable":true,"href":"https:\/\/lirpasilicones.com\/fr\/wp-json\/wp\/v2\/users\/1002"}],"replies":[{"embeddable":true,"href":"https:\/\/lirpasilicones.com\/fr\/wp-json\/wp\/v2\/comments?post=4051"}],"version-history":[{"count":30,"href":"https:\/\/lirpasilicones.com\/fr\/wp-json\/wp\/v2\/pages\/4051\/revisions"}],"predecessor-version":[{"id":4987,"href":"https:\/\/lirpasilicones.com\/fr\/wp-json\/wp\/v2\/pages\/4051\/revisions\/4987"}],"wp:attachment":[{"href":"https:\/\/lirpasilicones.com\/fr\/wp-json\/wp\/v2\/media?parent=4051"}],"wp:term":[{"taxonomy":"category","embeddable":true,"href":"https:\/\/lirpasilicones.com\/fr\/wp-json\/wp\/v2\/categories?post=4051"},{"taxonomy":"post_tag","embeddable":true,"href":"https:\/\/lirpasilicones.com\/fr\/wp-json\/wp\/v2\/tags?post=4051"}],"curies":[{"name":"wp","href":"https:\/\/api.w.org\/{rel}","templated":true}]}}