{"id":3636,"date":"2021-07-23T11:55:11","date_gmt":"2021-07-23T09:55:11","guid":{"rendered":"https:\/\/lirpasilicones.com\/moldes-panficacion\/"},"modified":"2021-11-17T18:38:55","modified_gmt":"2021-11-17T16:38:55","slug":"moldes-panficacion","status":"publish","type":"page","link":"https:\/\/lirpasilicones.com\/fr\/moldes-panficacion\/","title":{"rendered":"Moules et chariots de cuisson"},"content":{"rendered":"<section id=\"bt_bb_section69dfe28aafcdb\" class=\"bt_bb_section bt_bb_color_scheme_2 bt_bb_layout_boxed_1200 bt_bb_vertical_align_top bt_bb_top_spacing_80 bt_bb_bottom_spacing_large\" style=\"; --section-primary-color:#000000; --section-secondary-color:#ffffff;\" data-bt-override-class=\"null\"><div class=\"bt_bb_port\"><div class=\"bt_bb_cell\"><div class=\"bt_bb_cell_inner\"><div class=\"bt_bb_row \"  data-bt-override-class=\"{}\"><div class=\"bt_bb_row_holder\" ><div  class=\"bt_bb_column col-xxl-8 col-xl-8 col-xs-12 col-sm-12 col-md-12 col-lg-8 bt_bb_vertical_align_top bt_bb_align_center bt_bb_padding_normal bt_bb_animation_fade_in zoom_out animate\" style=\"; --column-width:8;\" data-width=\"8\" data-bt-override-class=\"{&quot;bt_bb_align_&quot;:{&quot;current_class&quot;:&quot;bt_bb_align_center&quot;,&quot;xxl&quot;:&quot;center&quot;,&quot;xl&quot;:&quot;center&quot;}}\"><div class=\"bt_bb_column_content\"><div class=\"bt_bb_column_content_inner\"><div class=\"bt_bb_separator bt_bb_border_style_none bt_bb_top_spacing_medium bt_bb_bottom_spacing_large bt_bb_hidden_xs\" data-bt-override-class=\"null\"><\/div><header class=\"bt_bb_headline bt_bb_color_scheme_2 bt_bb_dash_top bt_bb_superheadline bt_bb_subheadline bt_bb_size_inherit bt_bb_align_left bt_bb_hidden_xs bt_bb_hidden_ms\" style=\"; --headline-primary-color:#000000; --headline-secondary-color:#ffffff;\" data-bt-override-class=\"null\"><h1><span class=\"bt_bb_headline_superheadline\"><span><br \/>\n<\/span><\/span><span class=\"bt_bb_headline_content\"><span><br \/><br \/>\nMoules et chariots de cuisson<span class=\"bt_bb_outline_text bt_bb_outline_text_align_left bt_bb_outline_text_size_200\"><span>Moules et chariots<\/span><\/span><\/span><\/span><\/h1><div class=\"bt_bb_headline_subheadline\">Afin d'offrir une solution globale au secteur de la boulangerie, de la p\u00e2tisserie et de la p\u00e2tisserie, LIRPA Silicones propose un service personnalis\u00e9 de conception et de construction de moules et chariots de cuisson, pour r\u00e9pondre aux diff\u00e9rents besoins de production.<\/p><br \/>\n<p>Nous proposons deux types de moules \u00e0 p\u00e2tisserie ou \u00e0 piles, selon le type de finition de pain que le client souhaite : des moules \u00e0 saucisses ou des moules pli\u00e9s.<\/p><br \/>\n<p>Nous disposons \u00e9galement de deux types de chariots de boulangerie, selon l'usage : chariot de cuisson ou plateau.<\/div><\/header><header class=\"bt_bb_headline bt_bb_color_scheme_2 bt_bb_dash_top bt_bb_superheadline bt_bb_subheadline bt_bb_size_inherit bt_bb_align_left bt_bb_hidden_sm bt_bb_hidden_md bt_bb_hidden_lg\" style=\"; --headline-primary-color:#000000; --headline-secondary-color:#ffffff;\" data-bt-override-class=\"null\"><h1><span class=\"bt_bb_headline_superheadline\"><span><br \/>\n<\/span><\/span><span class=\"bt_bb_headline_content\"><span><br \/><br \/>\nMoules et chariots de cuisson<\/span><\/span><\/h1><div class=\"bt_bb_headline_subheadline\">Afin d'offrir une solution globale au secteur de la boulangerie, de la p\u00e2tisserie et de la p\u00e2tisserie, LIRPA Silicones propose un service personnalis\u00e9 de conception et de construction de moules et chariots de cuisson, pour r\u00e9pondre aux diff\u00e9rents besoins de production.<\/p><br \/>\n<p>Nous proposons deux types de moules \u00e0 p\u00e2tisserie ou \u00e0 piles, selon le type de finition de pain que le client souhaite : des moules \u00e0 saucisses ou des moules pli\u00e9s.<\/p><br \/>\n<p>Nous disposons \u00e9galement de deux types de chariots de boulangerie, selon l'usage : chariot de cuisson ou plateau.<\/div><\/header><div class=\"bt_bb_separator bt_bb_border_style_none bt_bb_bottom_spacing_60 bt_bb_hidden_xs bt_bb_hidden_ms\" data-bt-override-class=\"null\"><\/div><\/div><\/div><\/div><div  class=\"bt_bb_column col-xxl-4 col-xl-4 col-xs-12 col-sm-12 col-md-12 col-lg-4 bt_bb_vertical_align_top bt_bb_align_right bt_bb_padding_40 bt_bb_animation_fade_in zoom_out animate\" style=\"; --column-width:4;\" data-width=\"4\" data-bt-override-class=\"{&quot;bt_bb_align_&quot;:{&quot;current_class&quot;:&quot;bt_bb_align_right&quot;,&quot;xxl&quot;:&quot;right&quot;,&quot;xl&quot;:&quot;right&quot;}}\"><div class=\"bt_bb_column_content\"><div class=\"bt_bb_column_content_inner\"><div class=\"bt_bb_separator bt_bb_border_style_none bt_bb_top_spacing_80 bt_bb_bottom_spacing_20 bt_bb_hidden_xs bt_bb_hidden_ms\" data-bt-override-class=\"null\"><\/div><div class=\"bt_bb_image bt_bb_shape_square bt_bb_align_inherit bt_bb_hover_style_simple bt_bb_content_display_always bt_bb_content_align_middle bt_bb_remove_padding_yes bt_bb_fill_background_color_full bt_bb_hidden_xs bt_bb_hidden_ms\" data-bt-override-class=\"null\"><span><img src = \"https:\/\/lirpasilicones.com\/wp-content\/plugins\/bold-page-builder\/img\/blank.gif\" data-full_image_src=\"https:\/\/lirpasilicones.com\/wp-content\/uploads\/2021\/10\/carros2.jpg\" data-image_src=\"https:\/\/lirpasilicones.com\/wp-content\/uploads\/2021\/10\/carros2-1280x1838.jpg\" title=\"Carro para panificaci\u00f3n\" alt=\"Carro para panificaci\u00f3n\" class=\"btLazyLoadImage\"><\/span><\/div><div class=\"bt_bb_separator bt_bb_border_style_none bt_bb_top_spacing_80 bt_bb_bottom_spacing_20 bt_bb_hidden_xs bt_bb_hidden_ms\" data-bt-override-class=\"null\"><\/div><\/div><\/div><\/div><\/div><\/div><\/div><!-- cell_inner --><\/div><!-- cell --><\/div><!-- port --><\/section><section id=\"bt_bb_section69dfe28ab0826\" class=\"bt_bb_section bt_bb_layout_boxed_1000 bt_bb_vertical_align_top bt_bb_top_spacing_40 bt_bb_bottom_spacing_40\" style=\";background-color:rgb(241,241,241);\" data-bt-override-class=\"null\"><div class=\"bt_bb_port\"><div class=\"bt_bb_cell\"><div class=\"bt_bb_cell_inner\"><div class=\"bt_bb_row  bt_bb_column_gap_25\" style=\"; --column-gap:25px;\" data-bt-override-class=\"{}\"><div class=\"bt_bb_row_holder\" ><div  class=\"bt_bb_column col-xxl-4 col-xl-4 col-xs-12 col-sm-12 col-md-12 col-lg-4 bt_bb_vertical_align_top bt_bb_align_left bt_bb_padding_text_indent bt_bb_animation_fade_in zoom_out animate\" style=\"margin-bottom: 20px;; --column-width:4;\" data-width=\"4\" data-bt-override-class=\"{&quot;bt_bb_align_&quot;:{&quot;current_class&quot;:&quot;bt_bb_align_left&quot;,&quot;xxl&quot;:&quot;left&quot;,&quot;xl&quot;:&quot;left&quot;}}\"><div class=\"bt_bb_column_content\" style=\"background-color:rgb(255,255,255);\"><div class=\"bt_bb_column_content_inner\"><div class=\"bt_bb_image bt_bb_shape_square bt_bb_align_inherit bt_bb_hover_style_simple bt_bb_content_display_always bt_bb_content_align_bottom bt_bb_remove_padding_yes bt_bb_fill_background_color_full\" style=\"height:180px; overflow: hidden;\" data-bt-override-class=\"null\"><span><img src = \"https:\/\/lirpasilicones.com\/wp-content\/plugins\/bold-page-builder\/img\/blank.gif\" data-full_image_src=\"https:\/\/lirpasilicones.com\/wp-content\/uploads\/2021\/11\/molde_embutido_v2.png\" data-image_src=\"https:\/\/lirpasilicones.com\/wp-content\/uploads\/2021\/11\/molde_embutido_v2-1280x787.png\" title=\"molde_embutido_v2\" alt=\"Molde embutido\" class=\"btLazyLoadImage\"><\/span><\/div><div class=\"bt_bb_separator bt_bb_border_style_none bt_bb_bottom_spacing_25\" data-bt-override-class=\"null\"><\/div><header class=\"bt_bb_headline bt_bb_dash_none bt_bb_subheadline bt_bb_size_small bt_bb_align_inherit\" data-bt-override-class=\"null\"><h2><span class=\"bt_bb_headline_content\"><span>Moule \u00e0 saucisse<\/span><\/span><\/h2><div class=\"bt_bb_headline_subheadline\">Moule encastr\u00e9 : les moules sont en t\u00f4le d'acier aluminis\u00e9e de 1 mm d'\u00e9paisseur. Il existe \u00e9galement l'option d'un moule avec couvercle, en t\u00f4le d'acier aluminis\u00e9e de 1,5 mm d'\u00e9paisseur.<\/div><\/header><div class=\"bt_bb_separator bt_bb_border_style_none bt_bb_bottom_spacing_25\" data-bt-override-class=\"null\"><\/div><\/div><\/div><\/div><div  class=\"bt_bb_column col-xxl-4 col-xl-4 col-xs-12 col-sm-12 col-md-12 col-lg-4 bt_bb_vertical_align_top bt_bb_align_left bt_bb_padding_text_indent bt_bb_animation_fade_in zoom_out animate\" style=\"margin-bottom: 20px;; --column-width:4;\" data-width=\"4\" data-bt-override-class=\"{&quot;bt_bb_align_&quot;:{&quot;current_class&quot;:&quot;bt_bb_align_left&quot;,&quot;xxl&quot;:&quot;left&quot;,&quot;xl&quot;:&quot;left&quot;}}\"><div class=\"bt_bb_column_content\" style=\"background-color:rgb(255,255,255);\"><div class=\"bt_bb_column_content_inner\"><div class=\"bt_bb_image bt_bb_shape_square bt_bb_align_inherit bt_bb_hover_style_simple bt_bb_content_display_always bt_bb_content_align_bottom bt_bb_remove_padding_yes bt_bb_fill_background_color_full\" style=\"height:180px; overflow: hidden;\" data-bt-override-class=\"null\"><span><img src = \"https:\/\/lirpasilicones.com\/wp-content\/plugins\/bold-page-builder\/img\/blank.gif\" data-full_image_src=\"https:\/\/lirpasilicones.com\/wp-content\/uploads\/2021\/10\/molde-plegado.png\" data-image_src=\"https:\/\/lirpasilicones.com\/wp-content\/uploads\/2021\/10\/molde-plegado-1280x678.png\" title=\"molde-plegado\" alt=\"https:\/\/lirpasilicones.com\/wp-content\/uploads\/2021\/10\/molde-plegado-1280x678.png\" class=\"btLazyLoadImage\"><\/span><\/div><div class=\"bt_bb_separator bt_bb_border_style_none bt_bb_bottom_spacing_25\" data-bt-override-class=\"null\"><\/div><header class=\"bt_bb_headline bt_bb_dash_none bt_bb_subheadline bt_bb_size_small bt_bb_align_inherit\" data-bt-override-class=\"null\"><h2><span class=\"bt_bb_headline_content\"><span>Moule pli\u00e9<\/span><\/span><\/h2><div class=\"bt_bb_headline_subheadline\">Moule pli\u00e9 : les moules sont en t\u00f4le d'acier aluminis\u00e9e de 0,8 mm d'\u00e9paisseur. Il existe \u00e9galement l'option d'un moule avec couvercle, en t\u00f4le d'acier aluminis\u00e9e de 1,5 mm d'\u00e9paisseur.<\/div><\/header><div class=\"bt_bb_separator bt_bb_border_style_none bt_bb_bottom_spacing_25\" data-bt-override-class=\"null\"><\/div><\/div><\/div><\/div><div  class=\"bt_bb_column col-xxl-4 col-xl-4 col-xs-12 col-sm-12 col-md-12 col-lg-4 bt_bb_vertical_align_top bt_bb_align_left bt_bb_padding_text_indent bt_bb_animation_fade_in zoom_out animate\" style=\"margin-bottom: 20px;; --column-width:4;\" data-width=\"4\" data-bt-override-class=\"{&quot;bt_bb_align_&quot;:{&quot;current_class&quot;:&quot;bt_bb_align_left&quot;,&quot;xxl&quot;:&quot;left&quot;,&quot;xl&quot;:&quot;left&quot;}}\"><div class=\"bt_bb_column_content\" style=\"background-color:rgb(255,255,255);\"><div class=\"bt_bb_column_content_inner\"><div class=\"bt_bb_image bt_bb_shape_square bt_bb_align_inherit bt_bb_hover_style_simple bt_bb_content_display_always bt_bb_content_align_bottom bt_bb_remove_padding_yes bt_bb_fill_background_color_full\" style=\"height:180px; overflow: hidden;\" data-bt-override-class=\"null\"><span><img src = \"https:\/\/lirpasilicones.com\/wp-content\/plugins\/bold-page-builder\/img\/blank.gif\" data-full_image_src=\"https:\/\/lirpasilicones.com\/wp-content\/uploads\/2021\/10\/carrospanifiacion.jpg\" data-image_src=\"https:\/\/lirpasilicones.com\/wp-content\/uploads\/2021\/10\/carrospanifiacion-1280x803.jpg\" title=\"carrospanifiacion\" alt=\"https:\/\/lirpasilicones.com\/wp-content\/uploads\/2021\/10\/carrospanifiacion-1280x803.jpg\" class=\"btLazyLoadImage\"><\/span><\/div><div class=\"bt_bb_separator bt_bb_border_style_none bt_bb_bottom_spacing_25\" data-bt-override-class=\"null\"><\/div><header class=\"bt_bb_headline bt_bb_dash_none bt_bb_subheadline bt_bb_size_small bt_bb_align_inherit\" data-bt-override-class=\"null\"><h2><span class=\"bt_bb_headline_content\"><span>Chariot de cuisine ou chariot \u00e0 plateaux<\/span><\/span><\/h2><div class=\"bt_bb_headline_subheadline\">Chariot de cuisson ou chariot \u00e0 plateaux: chariots en acier inoxydable, avec roues ph\u00e9noliques qui r\u00e9sistent \u00e0 des temp\u00e9ratures jusqu'\u00e0 280o C (536o F). Caract\u00e9ristiques personnalisables : nombre de guides, guides avec ou sans but\u00e9e, guide simple ou double et\/ou l'\u00e9paisseur du guide).<br \/><br \/>\nConstruction chariot de cuisson : pour TOUTES LES MARQUES DE FOUR.<\/div><\/header><div class=\"bt_bb_separator bt_bb_border_style_none bt_bb_bottom_spacing_25\" data-bt-override-class=\"null\"><\/div><\/div><\/div><\/div><\/div><\/div><\/div><!-- cell_inner --><\/div><!-- cell --><\/div><!-- port --><\/section><section id=\"bt_bb_section69dfe28ab1a57\" class=\"bt_bb_section bt_bb_layout_boxed_1200 bt_bb_vertical_align_top bt_bb_top_spacing_30\"  data-bt-override-class=\"null\"><div class=\"bt_bb_port\"><div class=\"bt_bb_cell\"><div class=\"bt_bb_cell_inner\"><div class=\"bt_bb_row \"  data-bt-override-class=\"{}\"><div class=\"bt_bb_row_holder\" ><div  class=\"bt_bb_column col-xxl-8 col-xl-8 col-xs-12 col-sm-12 col-md-12 col-lg-8 bt_bb_vertical_align_top bt_bb_align_left bt_bb_padding_normal bt_bb_animation_fade_in animate\" style=\"; --column-width:8;\" data-width=\"8\" data-bt-override-class=\"{&quot;bt_bb_align_&quot;:{&quot;current_class&quot;:&quot;bt_bb_align_left&quot;,&quot;xxl&quot;:&quot;left&quot;,&quot;xl&quot;:&quot;left&quot;}}\"><div class=\"bt_bb_column_content\"><div class=\"bt_bb_column_content_inner\"><div class=\"bt_bb_separator bt_bb_border_style_none bt_bb_bottom_spacing_40\" data-bt-override-class=\"null\"><\/div><header class=\"bt_bb_headline bt_bb_dash_none bt_bb_size_normal bt_bb_align_inherit\" data-bt-override-class=\"null\"><h2><span class=\"bt_bb_headline_content\"><span>Questions fr\u00e9quemment pos\u00e9es<span class=\"bt_bb_outline_text bt_bb_outline_text_align_inherit bt_bb_outline_text_size_inherit\"><span>FAQ<\/span><\/span><\/span><\/span><\/h2><\/header><div class=\"bt_bb_separator bt_bb_border_style_none bt_bb_bottom_spacing_30\" data-bt-override-class=\"null\"><\/div><div class=\"bt_bb_accordion bt_bb_color_scheme_5 bt_bb_style_simple bt_bb_shape_square\" style=\"; --accordion-primary-color:#000000; --accordion-secondary-color:#003b68;\"><div class=\"bt_bb_accordion_item\"><div class=\"bt_bb_accordion_item_title\"> Quelle est la diff\u00e9rence entre les moules pli\u00e9s et les moules \u00e0 saucisses?<\/div><div class=\"bt_bb_accordion_item_content\"><div  class=\"bt_bb_text\" ><\/p>\n<p><span style=\"font-weight: 400;\">La diff\u00e9rence la plus importante est la finition inf\u00e9rieure du pain. Dans le cas d&rsquo;un moule pli\u00e9, la tranche de pain est totalement carr\u00e9e ou carr\u00e9e. Et dans le cas d&rsquo;un moule \u00e0 saucisse, la tranche est arrondie.\u00a0\u00a0<\/span><\/p>\n<p>\n<\/div><\/div><\/div><div class=\"bt_bb_accordion_item\"><div class=\"bt_bb_accordion_item_title\">Y a-t-il des probl\u00e8mes techniques qui pourraient affecter l'enrobage si du pain aux graines, noix, etc. est produit?<\/div><div class=\"bt_bb_accordion_item_content\"><div  class=\"bt_bb_text\" ><\/p>\n<p><span style=\"font-weight: 400;\">Non, il n&rsquo;y a aucun probl\u00e8me technique qui pourrait affecter le rev\u00eatement des moules.<\/span><\/p>\n<p>\n<\/div><\/div><\/div><div class=\"bt_bb_accordion_item\"><div class=\"bt_bb_accordion_item_title\">Quel type de chariot faut-il utiliser pour cuire le pain ?<\/div><div class=\"bt_bb_accordion_item_content\"><div  class=\"bt_bb_text\" ><\/p>\n<p><span style=\"font-weight: 400;\">Des chariots de cuisson en acier inoxydable doivent \u00eatre utilis\u00e9s. <\/span><\/p>\n<p>\n<\/div><\/div><\/div><\/div><div class=\"bt_bb_separator bt_bb_border_style_none bt_bb_bottom_spacing_30\" data-bt-override-class=\"null\"><\/div><\/div><\/div><\/div><div  class=\"bt_bb_column col-xxl-4 col-xl-4 col-xs-12 col-sm-12 col-md-12 col-lg-4 bt_bb_vertical_align_top bt_bb_align_left bt_bb_padding_normal\" style=\"; --column-width:4;\" data-width=\"4\" data-bt-override-class=\"{}\"><div class=\"bt_bb_column_content\"><div class=\"bt_bb_column_content_inner\"><div class=\"bt_bb_separator bt_bb_border_style_none bt_bb_bottom_spacing_40\" data-bt-override-class=\"null\"><\/div><div class=\"bt_bb_image bt_bb_shape_square bt_bb_align_inherit bt_bb_hover_style_simple bt_bb_content_display_always bt_bb_content_align_middle bt_bb_remove_padding_yes bt_bb_fill_background_color_full\" data-bt-override-class=\"null\"><span><img src = \"https:\/\/lirpasilicones.com\/wp-content\/plugins\/bold-page-builder\/img\/blank.gif\" data-full_image_src=\"https:\/\/lirpasilicones.com\/wp-content\/uploads\/2021\/10\/surtido_panes.png\" data-image_src=\"https:\/\/lirpasilicones.com\/wp-content\/uploads\/2021\/10\/surtido_panes-1164x1280.png\" title=\"surtido_panes\" alt=\"https:\/\/lirpasilicones.com\/wp-content\/uploads\/2021\/10\/surtido_panes-1164x1280.png\" class=\"btLazyLoadImage\"><\/span><\/div><div class=\"bt_bb_separator bt_bb_border_style_none bt_bb_bottom_spacing_30\" data-bt-override-class=\"null\"><\/div><\/div><\/div><\/div><\/div><\/div><\/div><!-- cell_inner --><\/div><!-- cell --><\/div><!-- port --><\/section>\n","protected":false},"excerpt":{"rendered":"Moules et chariots de cuissonMoules et chariotsAfin d'offrir une solution globale au secteur de la boulangerie, de la p\u00e2tisserie et de la p\u00e2tisserie, LIRPA Silicones propose un service personnalis\u00e9 de conception et de construction de moules et chariots de cuisson, pour r\u00e9pondre aux diff\u00e9rents besoins de production. Nous proposons deux types de moules \u00e0 p\u00e2tisserie...","protected":false},"author":1002,"featured_media":0,"parent":0,"menu_order":0,"comment_status":"closed","ping_status":"closed","template":"","meta":{"inline_featured_image":false,"_monsterinsights_skip_tracking":false,"_monsterinsights_sitenote_active":false,"_monsterinsights_sitenote_note":"","_monsterinsights_sitenote_category":0,"footnotes":""},"categories":[],"tags":[],"class_list":["post-3636","page","type-page","status-publish","hentry"],"yoast_head":"<!-- This site is optimized with the Yoast SEO plugin v24.2 - https:\/\/yoast.com\/wordpress\/plugins\/seo\/ -->\n<title>Moules et chariots de cuisson &#8211; LIRPA<\/title>\n<meta name=\"description\" content=\"Especialistas en moldes para panificaci\u00f3n. M\u00e1s de 30 a\u00f1os de experiencia. \u00a1Pide presupuesto!\" \/>\n<meta name=\"robots\" content=\"index, follow, max-snippet:-1, max-image-preview:large, max-video-preview:-1\" \/>\n<link rel=\"canonical\" href=\"https:\/\/lirpasilicones.com\/fr\/moldes-panficacion\/\" \/>\n<meta property=\"og:locale\" content=\"fr_FR\" \/>\n<meta property=\"og:type\" content=\"article\" \/>\n<meta property=\"og:title\" content=\"Moules et chariots de cuisson &#8211; LIRPA\" \/>\n<meta property=\"og:description\" content=\"Especialistas en moldes para panificaci\u00f3n. M\u00e1s de 30 a\u00f1os de experiencia. \u00a1Pide presupuesto!\" \/>\n<meta property=\"og:url\" content=\"https:\/\/lirpasilicones.com\/fr\/moldes-panficacion\/\" \/>\n<meta property=\"og:site_name\" content=\"LIRPA\" \/>\n<meta property=\"article:modified_time\" content=\"2021-11-17T16:38:55+00:00\" \/>\n<meta name=\"twitter:card\" content=\"summary_large_image\" \/>\n<meta name=\"twitter:label1\" content=\"Dur\u00e9e de lecture estim\u00e9e\" \/>\n\t<meta name=\"twitter:data1\" content=\"4 minutes\" \/>\n<script type=\"application\/ld+json\" class=\"yoast-schema-graph\">{\"@context\":\"https:\/\/schema.org\",\"@graph\":[{\"@type\":\"WebPage\",\"@id\":\"https:\/\/lirpasilicones.com\/fr\/moldes-panficacion\/\",\"url\":\"https:\/\/lirpasilicones.com\/fr\/moldes-panficacion\/\",\"name\":\"Moules et chariots de cuisson &#8211; LIRPA\",\"isPartOf\":{\"@id\":\"https:\/\/lirpasilicones.com\/#website\"},\"datePublished\":\"2021-07-23T09:55:11+00:00\",\"dateModified\":\"2021-11-17T16:38:55+00:00\",\"description\":\"Especialistas en moldes para panificaci\u00f3n. M\u00e1s de 30 a\u00f1os de experiencia. \u00a1Pide presupuesto!\",\"breadcrumb\":{\"@id\":\"https:\/\/lirpasilicones.com\/fr\/moldes-panficacion\/#breadcrumb\"},\"inLanguage\":\"fr-FR\",\"potentialAction\":[{\"@type\":\"ReadAction\",\"target\":[\"https:\/\/lirpasilicones.com\/fr\/moldes-panficacion\/\"]}]},{\"@type\":\"BreadcrumbList\",\"@id\":\"https:\/\/lirpasilicones.com\/fr\/moldes-panficacion\/#breadcrumb\",\"itemListElement\":[{\"@type\":\"ListItem\",\"position\":1,\"name\":\"Home\",\"item\":\"https:\/\/lirpasilicones.com\/fr\/\"},{\"@type\":\"ListItem\",\"position\":2,\"name\":\"Moules et chariots de cuisson\"}]},{\"@type\":\"WebSite\",\"@id\":\"https:\/\/lirpasilicones.com\/#website\",\"url\":\"https:\/\/lirpasilicones.com\/\",\"name\":\"LIRPA\",\"description\":\"Silicones\",\"publisher\":{\"@id\":\"https:\/\/lirpasilicones.com\/#organization\"},\"potentialAction\":[{\"@type\":\"SearchAction\",\"target\":{\"@type\":\"EntryPoint\",\"urlTemplate\":\"https:\/\/lirpasilicones.com\/?s={search_term_string}\"},\"query-input\":{\"@type\":\"PropertyValueSpecification\",\"valueRequired\":true,\"valueName\":\"search_term_string\"}}],\"inLanguage\":\"fr-FR\"},{\"@type\":\"Organization\",\"@id\":\"https:\/\/lirpasilicones.com\/#organization\",\"name\":\"Lirpa Silicones\",\"url\":\"https:\/\/lirpasilicones.com\/\",\"logo\":{\"@type\":\"ImageObject\",\"inLanguage\":\"fr-FR\",\"@id\":\"https:\/\/lirpasilicones.com\/#\/schema\/logo\/image\/\",\"url\":\"https:\/\/lirpasilicones.com\/wp-content\/uploads\/2019\/09\/Logo-LIRPA-RGB-color.png\",\"contentUrl\":\"https:\/\/lirpasilicones.com\/wp-content\/uploads\/2019\/09\/Logo-LIRPA-RGB-color.png\",\"width\":439,\"height\":112,\"caption\":\"Lirpa Silicones\"},\"image\":{\"@id\":\"https:\/\/lirpasilicones.com\/#\/schema\/logo\/image\/\"}}]}<\/script>\n<!-- \/ Yoast SEO plugin. -->","yoast_head_json":{"title":"Moules et chariots de cuisson &#8211; LIRPA","description":"Especialistas en moldes para panificaci\u00f3n. M\u00e1s de 30 a\u00f1os de experiencia. \u00a1Pide presupuesto!","robots":{"index":"index","follow":"follow","max-snippet":"max-snippet:-1","max-image-preview":"max-image-preview:large","max-video-preview":"max-video-preview:-1"},"canonical":"https:\/\/lirpasilicones.com\/fr\/moldes-panficacion\/","og_locale":"fr_FR","og_type":"article","og_title":"Moules et chariots de cuisson &#8211; LIRPA","og_description":"Especialistas en moldes para panificaci\u00f3n. M\u00e1s de 30 a\u00f1os de experiencia. \u00a1Pide presupuesto!","og_url":"https:\/\/lirpasilicones.com\/fr\/moldes-panficacion\/","og_site_name":"LIRPA","article_modified_time":"2021-11-17T16:38:55+00:00","twitter_card":"summary_large_image","twitter_misc":{"Dur\u00e9e de lecture estim\u00e9e":"4 minutes"},"schema":{"@context":"https:\/\/schema.org","@graph":[{"@type":"WebPage","@id":"https:\/\/lirpasilicones.com\/fr\/moldes-panficacion\/","url":"https:\/\/lirpasilicones.com\/fr\/moldes-panficacion\/","name":"Moules et chariots de cuisson &#8211; LIRPA","isPartOf":{"@id":"https:\/\/lirpasilicones.com\/#website"},"datePublished":"2021-07-23T09:55:11+00:00","dateModified":"2021-11-17T16:38:55+00:00","description":"Especialistas en moldes para panificaci\u00f3n. M\u00e1s de 30 a\u00f1os de experiencia. \u00a1Pide presupuesto!","breadcrumb":{"@id":"https:\/\/lirpasilicones.com\/fr\/moldes-panficacion\/#breadcrumb"},"inLanguage":"fr-FR","potentialAction":[{"@type":"ReadAction","target":["https:\/\/lirpasilicones.com\/fr\/moldes-panficacion\/"]}]},{"@type":"BreadcrumbList","@id":"https:\/\/lirpasilicones.com\/fr\/moldes-panficacion\/#breadcrumb","itemListElement":[{"@type":"ListItem","position":1,"name":"Home","item":"https:\/\/lirpasilicones.com\/fr\/"},{"@type":"ListItem","position":2,"name":"Moules et chariots de cuisson"}]},{"@type":"WebSite","@id":"https:\/\/lirpasilicones.com\/#website","url":"https:\/\/lirpasilicones.com\/","name":"LIRPA","description":"Silicones","publisher":{"@id":"https:\/\/lirpasilicones.com\/#organization"},"potentialAction":[{"@type":"SearchAction","target":{"@type":"EntryPoint","urlTemplate":"https:\/\/lirpasilicones.com\/?s={search_term_string}"},"query-input":{"@type":"PropertyValueSpecification","valueRequired":true,"valueName":"search_term_string"}}],"inLanguage":"fr-FR"},{"@type":"Organization","@id":"https:\/\/lirpasilicones.com\/#organization","name":"Lirpa Silicones","url":"https:\/\/lirpasilicones.com\/","logo":{"@type":"ImageObject","inLanguage":"fr-FR","@id":"https:\/\/lirpasilicones.com\/#\/schema\/logo\/image\/","url":"https:\/\/lirpasilicones.com\/wp-content\/uploads\/2019\/09\/Logo-LIRPA-RGB-color.png","contentUrl":"https:\/\/lirpasilicones.com\/wp-content\/uploads\/2019\/09\/Logo-LIRPA-RGB-color.png","width":439,"height":112,"caption":"Lirpa Silicones"},"image":{"@id":"https:\/\/lirpasilicones.com\/#\/schema\/logo\/image\/"}}]}},"_links":{"self":[{"href":"https:\/\/lirpasilicones.com\/fr\/wp-json\/wp\/v2\/pages\/3636","targetHints":{"allow":["GET"]}}],"collection":[{"href":"https:\/\/lirpasilicones.com\/fr\/wp-json\/wp\/v2\/pages"}],"about":[{"href":"https:\/\/lirpasilicones.com\/fr\/wp-json\/wp\/v2\/types\/page"}],"author":[{"embeddable":true,"href":"https:\/\/lirpasilicones.com\/fr\/wp-json\/wp\/v2\/users\/1002"}],"replies":[{"embeddable":true,"href":"https:\/\/lirpasilicones.com\/fr\/wp-json\/wp\/v2\/comments?post=3636"}],"version-history":[{"count":28,"href":"https:\/\/lirpasilicones.com\/fr\/wp-json\/wp\/v2\/pages\/3636\/revisions"}],"predecessor-version":[{"id":4996,"href":"https:\/\/lirpasilicones.com\/fr\/wp-json\/wp\/v2\/pages\/3636\/revisions\/4996"}],"wp:attachment":[{"href":"https:\/\/lirpasilicones.com\/fr\/wp-json\/wp\/v2\/media?parent=3636"}],"wp:term":[{"taxonomy":"category","embeddable":true,"href":"https:\/\/lirpasilicones.com\/fr\/wp-json\/wp\/v2\/categories?post=3636"},{"taxonomy":"post_tag","embeddable":true,"href":"https:\/\/lirpasilicones.com\/fr\/wp-json\/wp\/v2\/tags?post=3636"}],"curies":[{"name":"wp","href":"https:\/\/api.w.org\/{rel}","templated":true}]}}