{"id":3569,"date":"2019-10-04T07:58:01","date_gmt":"2019-10-04T05:58:01","guid":{"rendered":"https:\/\/lirpasilicones.com\/politica-de-privacidad\/"},"modified":"2024-12-10T14:03:42","modified_gmt":"2024-12-10T12:03:42","slug":"politica-de-privacidad","status":"publish","type":"page","link":"https:\/\/lirpasilicones.com\/fr\/politica-de-privacidad\/","title":{"rendered":"Politique de confidentialit\u00e9"},"content":{"rendered":"<div class=\"legal-pages\">\n<h1 style=\"text-align: center;\">POLITIQUE DE CONFIDENTIALIT\u00c9<\/h1>\n<h2>INTRODUCTION<\/h2>\n<p>Votre vie priv\u00e9e est importante pour nous, c&rsquo;est pourquoi, \u00e0 travers ce document, nous vous indiquons quelles donn\u00e9es nous collectons aupr\u00e8s des utilisateurs, comment nous les utilisons et pour quoi, entre autres indications. Les personnes de plus de 14 ans peuvent s&rsquo;inscrire en tant qu&rsquo;utilisateurs sans le consentement pr\u00e9alable de leurs parents, tuteurs ou repr\u00e9sentants l\u00e9gaux. Dans le cas d&rsquo;enfants de moins de 14 ans ou identifi\u00e9s comme \u00ab l\u00e9galement incapables \u00bb, nous aurons toujours besoin du consentement des parents ou du tuteur ou du repr\u00e9sentant l\u00e9gal.<br \/>\nPour votre information, nous ne demanderons jamais plus d&rsquo;informations que ce dont nous avons r\u00e9ellement besoin pour les services requis ; nous ne les partagerons jamais avec des tiers, sauf obligation l\u00e9gale ou avec leur autorisation pr\u00e9alable ; et nous n&rsquo;utiliserons jamais vos donn\u00e9es \u00e0 des fins non indiqu\u00e9es pr\u00e9c\u00e9demment.<br \/>\nEn tant qu&rsquo;utilisateur, vous devez lire attentivement cette politique de confidentialit\u00e9 de mani\u00e8re r\u00e9guli\u00e8re et chaque fois que vous entrez vos donn\u00e9es personnelles, car ce document peut \u00eatre modifi\u00e9 afin que le fournisseur puisse modifier toute information pouvant appara\u00eetre sur le site Web pour se conformer \u00e0 la r\u00e9glementation ou mettre \u00e0 jour la politique, et sans obligation de pr\u00e9avis ou d&rsquo;information des utilisateurs de ces obligations, il suffit de les publier sur le site (web) du fournisseur.<\/p>\n<p>RESPONSABLE DE TRAITEMENT :<br \/>\nIdentit\u00e9 : LIRPA SILICONES, S.L. (\u00e9galement le pr\u00eateur)<br \/>\nNIF : B60475910<br \/>\nAdresse postale : C \/ Ind\u00fastria, 113 navires L_M &#8211; Pol. Industrial Can Castells, 08420, Canovelles, Barcelone<br \/>\nE-mail : info@lirpasilicones.com<\/p>\n<p>LIRPA SILICONES, SL, en tant que responsable du site web, conform\u00e9ment aux dispositions du r\u00e8glement (UE) 2016\/679 du 27 avril 2016 (RGPD) relatif \u00e0 la protection des personnes physiques \u00e0 l&rsquo;\u00e9gard du traitement des donn\u00e9es \u00e0 caract\u00e8re personnel et \u00e0 la libre circulation de ces donn\u00e9es et autres r\u00e9glementations en vigueur sur la protection des donn\u00e9es personnelles, et par la loi 34\/2002, du 11 juillet, sur les services de la soci\u00e9t\u00e9 de l&rsquo;information et le commerce \u00e9lectronique ( LSSICE), vous informe qu&rsquo;il a mis en \u0153uvre les mesures de s\u00e9curit\u00e9 n\u00e9cessaires, d&rsquo;un niveau technique et organisationnel nature, pour garantir et prot\u00e9ger la confidentialit\u00e9, l&rsquo;int\u00e9grit\u00e9 et la disponibilit\u00e9 des donn\u00e9es saisies.<br \/>\nVos donn\u00e9es personnelles ne seront utilis\u00e9es qu&rsquo;aux fins suivantes, en donnant votre consentement pour chacune des fins dans la section correspondante du site web :<br \/>\no Ex\u00e9cuter les d\u00e9marches commerciales, administratives, fiscales et comptables requises par la l\u00e9gislation en vigueur.<br \/>\no Conna\u00eetre votre opinion et am\u00e9liorer les services fournis par le web.<br \/>\no R\u00e9aliser une analyse d&rsquo;utilisabilit\u00e9 du site, par le biais de cookies (mentionn\u00e9s dans la politique de cookies)<br \/>\no R\u00e9seaux sociaux : la rubrique correspondante pr\u00e9cise l&rsquo;utilisation des r\u00e9seaux sociaux.<br \/>\nLes photographies publi\u00e9es sur le site sont la propri\u00e9t\u00e9 de LIRPA SILICONES, S.L.<br \/>\nVous pouvez r\u00e9voquer votre consentement \u00e0 tout moment en envoyant un courrier avec l&rsquo;objet \u00ab\u00a0Se d\u00e9sinscrire\u00a0\u00bb \u00e0 l&rsquo;e-mail indiqu\u00e9 ci-dessus.<br \/>\nSelon la LSSICE, LIRPA SILICONES, S.L. n&rsquo;effectue pas de pratiques de SPAM, par cons\u00e9quent, n&rsquo;envoie pas d&rsquo;e-mails commerciaux par e-mail qui n&rsquo;ont pas \u00e9t\u00e9 pr\u00e9alablement demand\u00e9s ou autoris\u00e9s par l&rsquo;utilisateur. Par cons\u00e9quent, dans toutes les communications re\u00e7ues du fournisseur, l&rsquo;utilisateur a la possibilit\u00e9 d&rsquo;annuler son consentement expr\u00e8s \u00e0 recevoir nos communications.<br \/>\nNous ne traiterons pas vos donn\u00e9es personnelles \u00e0 d&rsquo;autres fins que celles d\u00e9crites, sauf obligation l\u00e9gale ou d\u00e9cision de justice.<br \/>\nVous ne serez pas soumis \u00e0 des d\u00e9cisions fond\u00e9es sur un traitement automatis\u00e9 ayant une incidence sur vos donn\u00e9es.<\/p>\n<h2>L\u00c9GITIMATION DU TRAITEMENT<\/h2>\n<p>La base l\u00e9gale pour le traitement des donn\u00e9es est votre consentement donn\u00e9 au moment de fournir vos donn\u00e9es dans le formulaire correspondant pour r\u00e9aliser les finalit\u00e9s, au moment de cocher la case.<br \/>\nLe d\u00e9faut de fournir les donn\u00e9es personnelles demand\u00e9es ou le refus d&rsquo;accepter cette politique de confidentialit\u00e9 signifie l&rsquo;impossibilit\u00e9 d&rsquo;atteindre les objectifs d\u00e9crits ci-dessus.<br \/>\nDans les cas o\u00f9 il existe une relation contractuelle ant\u00e9rieure entre les parties, la l\u00e9gitimit\u00e9 pour le d\u00e9veloppement des obligations administratives, fiscales, comptables et de travail qui sont n\u00e9cessaires en vertu de la l\u00e9gislation en vigueur sera l&rsquo;existence pr\u00e9alable de la relation d&rsquo;affaires \u00e9tablie entre les parties.<br \/>\nL&rsquo;offre prospective ou commerciale de produits et services est fond\u00e9e sur le consentement demand\u00e9, sans en aucun cas le retrait de ce consentement conditionnant l&rsquo;ex\u00e9cution du contrat d&rsquo;abonnement.<\/p>\n<h2>DUR\u00c9E DE CONSERVATION DES DONN\u00c9ES :<\/h2>\n<p>Vos donn\u00e9es seront conserv\u00e9es pendant la dur\u00e9e de la relation commerciale avec nous ou vous exercez votre droit d&rsquo;annulation ou d&rsquo;opposition, ou de limitation du traitement. Cependant, nous conserverons vos donn\u00e9es dans les d\u00e9lais pr\u00e9vus par les dispositions applicables.<\/p>\n<h2>B\u00c9N\u00c9FICIAIRES DE LA CESSION OU DU TRANSFERT :<\/h2>\n<p>LIRPA SILICONES, S.L. ne met fin \u00e0 aucun transfert ou communication de donn\u00e9es ou de bruit ou en dehors de l&rsquo;UE. Le fournisseur ne fournira des informations aux forces de s\u00e9curit\u00e9 que sur d\u00e9cision de justice ou en vertu d&rsquo;une obligation l\u00e9gale, il est pr\u00e9judiciable de pouvoir bloquer ou annuler son compte s&rsquo;il existe une indication de la commission d&rsquo;un crime par une partie de l&rsquo;utilisateur.<\/p>\n<p>Les informations fournies seront uniquement celles fournies par le fournisseur \u00e0 ce moment-l\u00e0. Les informations que vous fournissez via l&rsquo;application web seront stock\u00e9es sur les serveurs de LIRPA SILICONES, S.L., sous-trait\u00e9 \u00e0 la soci\u00e9t\u00e9 APEN CENTER INFORM\u00c0TIC, S.L. avec NIF B60188877 et domicili\u00e9 \u00e0 C \/ Ribera Del Congost, 48, 08520 Les Franqueses Del Valles, Barcelone qui fournit le service d&rsquo;attribution web. Le traitement de l\u2019information est r\u00e9gi par un contrat d&rsquo;accord de convention entre le fournisseur et cette soci\u00e9t\u00e9. Jamais ce contrat sera sous-trait\u00e9 pour faire des services impliquant le traitement des donn\u00e9es pour des tiers sans notre consentement pr\u00e9alable.<\/p>\n<p>Le pr\u00eateur utilise certains outils pour fournir les services n\u00e9cessaires au d\u00e9veloppement de l&rsquo;entreprise, qui peuvent stocker leurs donn\u00e9es. Ceux-ci sont:<br \/>\nGoogle Analytics : pour effectuer une analyse et une m\u00e9trique de l&rsquo;utilisation faite du web par les utilisateurs \u00e0 travers des coolies des cookies. Les informations g\u00e9n\u00e9r\u00e9es et collect\u00e9es par ces cookies \u00e0 notre sujet (y compris l&rsquo;adresse IP) seront transmises et stock\u00e9es par Google Inc., situ\u00e9 \u00e0 Delaware, 1600 Amphitheatre Parkway, Muntain View (Californie), CA 94043 \u00c9tats-Unis (\u00ab\u00a0Google\u00a0\u00bb) , dans ses serviteurs d&rsquo;\u00c9tats-Unis.<\/p>\n<h2>DROITS DES PARTIES INT\u00c9RESS\u00c9ES :<\/h2>\n<p>En tant qu&rsquo;utilisateur int\u00e9ress\u00e9, on peut demander \u00e0 exercer les droits suivants aupr\u00e8s de LIRPA SILICONES, S.L. Il faut seulement envoyer une lettre \u00e0 l&rsquo;adresse postale de la rubrique ou un e-mail \u00e0 info@lirpasilicones.com, en indiquant l\u2019 Objet: \u00ab\u00a0PROTECTION DES DONN\u00c9ES: DROITS DE L&rsquo;AFFECT\u00c9\u00a0\u00bb.<\/p>\n<p>Droits:<\/p>\n<p>\u2022 Droit d&rsquo;acc\u00e8s : permet \u00e0 l&rsquo;int\u00e9ress\u00e9 de se connecter et d&rsquo;obtenir des informations sur les avantages personnels lors de la n\u00e9gociation.<br \/>\n\u2022 Droit de rectification ou de suppression : il corrige les erreurs et modifie les donn\u00e9es qui ne sont pas exacts ou incompl\u00e8tes.<br \/>\n\u2022 Droit de r\u00e9tractation : les donn\u00e9es inappropri\u00e9es ou excessives peuvent \u00eatre supprim\u00e9es.<br \/>\n\u2022 Droit d&rsquo;opposition : droit de l&rsquo;int\u00e9ress\u00e9 quan il ne veut pas qu\u2019on fait le traitement des donn\u00e9es personelles ou qu&rsquo;il cesse dans le m\u00eame.<br \/>\n\u2022 Limitation du traitement : implique le marquage des donn\u00e9es personnelles conserv\u00e9es, afin de limiter leur traitement futur, pour l&rsquo;exercice ou la d\u00e9fense de r\u00e9clamations.<br \/>\n\u2022 Portabilit\u00e9 des donn\u00e9es : mise \u00e0 disposition des donn\u00e9es faisant l&rsquo;objet du traitement \u00e0 l&rsquo;int\u00e9ress\u00e9, afin qu&rsquo;il puisse les transmettre \u00e0 un autre responsable, sans entraves.<br \/>\n\u2022 Droit de ne pas \u00eatre soumis \u00e0 des d\u00e9cisions automatis\u00e9es (y compris le profilage) : droit de n\u2019\u00eatre pas l&rsquo;objet d&rsquo;une d\u00e9cision fond\u00e9e sur un traitement automatis\u00e9 ayant des effets significatifs.<\/p>\n<p>En tant qu&rsquo;utilisateur, vous avez le droit de retirer votre consentement \u00e0 tout moment. Le retrait du consentement n&rsquo;affectera pas la l\u00e9galit\u00e9 du traitement effectu\u00e9 avant le retrait du consentement.<\/p>\n<p>Vous avez \u00e9galement le droit de d\u00e9poser une plainte aupr\u00e8s de l&rsquo;autorit\u00e9 de contr\u00f4le si vous estimez que vos droits en mati\u00e8re de protection de vos donn\u00e9es peuvent avoir \u00e9t\u00e9 viol\u00e9s (aepd.es).<\/p>\n<h2>INFORMATION ADDITIONNELLE:<\/h2>\n<h3>MESURES DE S\u00c9CURIT\u00c9<\/h3>\n<p>Vos donn\u00e9es que vous nous fournissez seront trait\u00e9es de mani\u00e8re confidentielle. Le prestataire a adopt\u00e9 toutes les mesures techniques et organisationnelles et tous les niveaux de protection n\u00e9cessaires pour assurer la s\u00e9curit\u00e9 du traitement des donn\u00e9es et emp\u00eacher leur alt\u00e9ration, perte, vol, traitement ou acc\u00e8s non autoris\u00e9, selon l&rsquo;\u00e9tat de la technologie et la nature des donn\u00e9es stock\u00e9es . De m\u00eame, il est \u00e9galement garanti que le traitement et l&rsquo;enregistrement dans les fichiers, programmes, syst\u00e8mes ou \u00e9quipements, locaux et centres sont conformes aux exigences et conditions d&rsquo;int\u00e9grit\u00e9 et de s\u00e9curit\u00e9 \u00e9tablies par la r\u00e9glementation en vigueur.<\/p>\n<h3>LANGUE<\/h3>\n<p>La langue applicable \u00e0 cette politique de confidentialit\u00e9 est l&rsquo;espagnol. Par cons\u00e9quent, en cas de contradiction dans l&rsquo;une des versions fournies dans d&rsquo;autres langues, la version espagnole pr\u00e9vaudra.<\/p>\n<h3>R\u00c9SEAUX SOCIAUX<\/h3>\n<p>Nous vous informons que LIRPA SILICONES, S.L. peut \u00eatre pr\u00e9sent sur les r\u00e9seaux sociaux. Le traitement des donn\u00e9es effectu\u00e9 sur les personnes qui deviennent abonn\u00e9s sur les r\u00e9seaux sociaux (et \/ ou ont des actions de connexion via les r\u00e9seaux sociaux) des pages officielles de LIRPA SILICONES, S.L. sera r\u00e9gie par cette section, ainsi que par les conditions d&rsquo;utilisation, les politiques de confidentialit\u00e9 et les r\u00e8gles d&rsquo;acc\u00e8s qui appartiennent au r\u00e9seau social qui s&rsquo;applique dans chaque cas et pr\u00e9alablement accept\u00e9es par l&rsquo;utilisateur.<\/p>\n<p>LIRPA SILICONES, S.L. traitera vos donn\u00e9es afin de g\u00e9rer correctement votre pr\u00e9sence sur le r\u00e9seau social, en informant des activit\u00e9s, produits ou services du fournisseur, ainsi qu&rsquo;\u00e0 toute autre fin autoris\u00e9e par la r\u00e9glementation des r\u00e9seaux sociaux.<\/p>\n<p>La publication de contenus est interdite :<br \/>\n&#8211; Qu&rsquo;ils soient pr\u00e9sum\u00e9s illicites au regard du droit national, communautaire ou international ou qu&rsquo;ils se livrent \u00e0 des activit\u00e9s pr\u00e9sum\u00e9es illicites ou contreviennent aux principes de la bonne foi.<br \/>\n&#8211; Qui violent les droits fondamentaux des individus, manquent de courtoisie au sein du r\u00e9seau, d\u00e9rangent ou peuvent g\u00e9n\u00e9rer des opinions n\u00e9gatives de nos utilisateurs ou de tiers et en g\u00e9n\u00e9ral tout contenu que LIRPA SILICONES, S.L. peut consid\u00e9rer inappropri\u00e9.<br \/>\n&#8211; Et d&rsquo;une mani\u00e8re g\u00e9n\u00e9rale qui contreviennent aux principes de l\u00e9galit\u00e9, d&rsquo;honn\u00eatet\u00e9, de responsabilit\u00e9, de protection de la dignit\u00e9 humaine, de protection des mineurs, de protection de l&rsquo;ordre public, de protection de la vie priv\u00e9e, de protection des consommateurs et des droits de propri\u00e9t\u00e9 intellectuelle et industrielle.<\/p>\n<p>LIRPA SILICONES, S.L. a le droit de supprimer, sans pr\u00e9avis, du site web ou du r\u00e9seau social d&rsquo;entreprise les contenus consid\u00e9r\u00e9s comme inappropri\u00e9s.<\/p>\n<p>En tout cas, si vous envoyez des informations personnelles via le r\u00e9seau social LIRPA SILICONES, S.L. sera exon\u00e9r\u00e9 de responsabilit\u00e9 quant aux mesures de s\u00e9curit\u00e9 applicables \u00e0 cette plate-forme. Si l&rsquo;utilisateur souhaite les conna\u00eetre, devra consulter les conditions particuli\u00e8res correspondantes du r\u00e9seau en question.<\/p>\n<h2>MODIFICATIONS DE CETTE POLITIQUE DE CONFIDENTIALIT\u00c9<\/h2>\n<p>LIRPA SILICONES, S.L. se r\u00e9serve le droit de modifier cette politique pour l&rsquo;adapter \u00e0 de nouvelles l\u00e9gislations ou jurisprudences.<\/p>\n<p>R\u00c9VOCABILIT\u00c9 Le consentement donn\u00e9, tant pour le traitement que pour le transfert des donn\u00e9es des parties int\u00e9ress\u00e9es, est r\u00e9vocable \u00e0 tout moment en informant LIRPA SILICONES, S.L. dans les conditions \u00e9tablies par la pr\u00e9sente Politique pour l&rsquo;exercice des droits. Cette r\u00e9vocation ne sera pas jamais r\u00e9troactive.<\/p>\n<h2>L\u00c9GISLATION<\/h2>\n<p>En g\u00e9n\u00e9ral, les relations entre LIRPA SILICONES, S.L. avec les utilisateurs de ses services t\u00e9l\u00e9matiques, pr\u00e9sents sur ce site web, sont soumis \u00e0 la l\u00e9gislation et \u00e0 la juridiction espagnoles auxquelles les parties se soumettent express\u00e9ment, \u00e9tant comp\u00e9tents pour la r\u00e9solution de tous les litiges d\u00e9coulant \u00e0 son utilisation, les Tribunaux et Tribunaux de Barcelone .<\/p>\n<\/div>\n","protected":false},"excerpt":{"rendered":"<p>POLITIQUE DE CONFIDENTIALIT\u00c9 INTRODUCTION Votre vie priv\u00e9e est importante pour nous, c&rsquo;est pourquoi, \u00e0 travers ce document, nous vous indiquons quelles donn\u00e9es nous collectons aupr\u00e8s des utilisateurs, comment nous les utilisons et pour quoi, entre autres indications. Les personnes de plus de 14 ans peuvent s&rsquo;inscrire en tant qu&rsquo;utilisateurs sans le consentement pr\u00e9alable de leurs&#8230;<\/p>\n","protected":false},"author":999,"featured_media":0,"parent":0,"menu_order":0,"comment_status":"closed","ping_status":"closed","template":"","meta":{"inline_featured_image":false,"_monsterinsights_skip_tracking":false,"_monsterinsights_sitenote_active":false,"_monsterinsights_sitenote_note":"","_monsterinsights_sitenote_category":0,"footnotes":""},"categories":[],"tags":[],"class_list":["post-3569","page","type-page","status-publish","hentry"],"yoast_head":"<!-- This site is optimized with the Yoast SEO plugin v24.2 - https:\/\/yoast.com\/wordpress\/plugins\/seo\/ -->\n<title>Politique de confidentialit\u00e9 &#8211; LIRPA<\/title>\n<meta name=\"robots\" content=\"index, follow, max-snippet:-1, max-image-preview:large, max-video-preview:-1\" \/>\n<link rel=\"canonical\" href=\"https:\/\/lirpasilicones.com\/fr\/politica-de-privacidad\/\" \/>\n<meta property=\"og:locale\" content=\"fr_FR\" \/>\n<meta property=\"og:type\" content=\"article\" \/>\n<meta property=\"og:title\" content=\"Politique de confidentialit\u00e9 &#8211; LIRPA\" \/>\n<meta property=\"og:description\" content=\"POLITIQUE DE CONFIDENTIALIT\u00c9 INTRODUCTION Votre vie priv\u00e9e est importante pour nous, c&rsquo;est pourquoi, \u00e0 travers ce document, nous vous indiquons quelles donn\u00e9es nous collectons aupr\u00e8s des utilisateurs, comment nous les utilisons et pour quoi, entre autres indications. Les personnes de plus de 14 ans peuvent s&rsquo;inscrire en tant qu&rsquo;utilisateurs sans le consentement pr\u00e9alable de leurs...\" \/>\n<meta property=\"og:url\" content=\"https:\/\/lirpasilicones.com\/fr\/politica-de-privacidad\/\" \/>\n<meta property=\"og:site_name\" content=\"LIRPA\" \/>\n<meta property=\"article:modified_time\" content=\"2024-12-10T12:03:42+00:00\" \/>\n<meta name=\"twitter:card\" content=\"summary_large_image\" \/>\n<meta name=\"twitter:label1\" content=\"Dur\u00e9e de lecture estim\u00e9e\" \/>\n\t<meta name=\"twitter:data1\" content=\"9 minutes\" \/>\n<script type=\"application\/ld+json\" class=\"yoast-schema-graph\">{\"@context\":\"https:\/\/schema.org\",\"@graph\":[{\"@type\":\"WebPage\",\"@id\":\"https:\/\/lirpasilicones.com\/fr\/politica-de-privacidad\/\",\"url\":\"https:\/\/lirpasilicones.com\/fr\/politica-de-privacidad\/\",\"name\":\"Politique de confidentialit\u00e9 &#8211; LIRPA\",\"isPartOf\":{\"@id\":\"https:\/\/lirpasilicones.com\/#website\"},\"datePublished\":\"2019-10-04T05:58:01+00:00\",\"dateModified\":\"2024-12-10T12:03:42+00:00\",\"breadcrumb\":{\"@id\":\"https:\/\/lirpasilicones.com\/fr\/politica-de-privacidad\/#breadcrumb\"},\"inLanguage\":\"fr-FR\",\"potentialAction\":[{\"@type\":\"ReadAction\",\"target\":[\"https:\/\/lirpasilicones.com\/fr\/politica-de-privacidad\/\"]}]},{\"@type\":\"BreadcrumbList\",\"@id\":\"https:\/\/lirpasilicones.com\/fr\/politica-de-privacidad\/#breadcrumb\",\"itemListElement\":[{\"@type\":\"ListItem\",\"position\":1,\"name\":\"Home\",\"item\":\"https:\/\/lirpasilicones.com\/fr\/\"},{\"@type\":\"ListItem\",\"position\":2,\"name\":\"Politique de confidentialit\u00e9\"}]},{\"@type\":\"WebSite\",\"@id\":\"https:\/\/lirpasilicones.com\/#website\",\"url\":\"https:\/\/lirpasilicones.com\/\",\"name\":\"LIRPA\",\"description\":\"Silicones\",\"publisher\":{\"@id\":\"https:\/\/lirpasilicones.com\/#organization\"},\"potentialAction\":[{\"@type\":\"SearchAction\",\"target\":{\"@type\":\"EntryPoint\",\"urlTemplate\":\"https:\/\/lirpasilicones.com\/?s={search_term_string}\"},\"query-input\":{\"@type\":\"PropertyValueSpecification\",\"valueRequired\":true,\"valueName\":\"search_term_string\"}}],\"inLanguage\":\"fr-FR\"},{\"@type\":\"Organization\",\"@id\":\"https:\/\/lirpasilicones.com\/#organization\",\"name\":\"Lirpa Silicones\",\"url\":\"https:\/\/lirpasilicones.com\/\",\"logo\":{\"@type\":\"ImageObject\",\"inLanguage\":\"fr-FR\",\"@id\":\"https:\/\/lirpasilicones.com\/#\/schema\/logo\/image\/\",\"url\":\"https:\/\/lirpasilicones.com\/wp-content\/uploads\/2019\/09\/Logo-LIRPA-RGB-color.png\",\"contentUrl\":\"https:\/\/lirpasilicones.com\/wp-content\/uploads\/2019\/09\/Logo-LIRPA-RGB-color.png\",\"width\":439,\"height\":112,\"caption\":\"Lirpa Silicones\"},\"image\":{\"@id\":\"https:\/\/lirpasilicones.com\/#\/schema\/logo\/image\/\"}}]}<\/script>\n<!-- \/ Yoast SEO plugin. -->","yoast_head_json":{"title":"Politique de confidentialit\u00e9 &#8211; LIRPA","robots":{"index":"index","follow":"follow","max-snippet":"max-snippet:-1","max-image-preview":"max-image-preview:large","max-video-preview":"max-video-preview:-1"},"canonical":"https:\/\/lirpasilicones.com\/fr\/politica-de-privacidad\/","og_locale":"fr_FR","og_type":"article","og_title":"Politique de confidentialit\u00e9 &#8211; LIRPA","og_description":"POLITIQUE DE CONFIDENTIALIT\u00c9 INTRODUCTION Votre vie priv\u00e9e est importante pour nous, c&rsquo;est pourquoi, \u00e0 travers ce document, nous vous indiquons quelles donn\u00e9es nous collectons aupr\u00e8s des utilisateurs, comment nous les utilisons et pour quoi, entre autres indications. Les personnes de plus de 14 ans peuvent s&rsquo;inscrire en tant qu&rsquo;utilisateurs sans le consentement pr\u00e9alable de leurs...","og_url":"https:\/\/lirpasilicones.com\/fr\/politica-de-privacidad\/","og_site_name":"LIRPA","article_modified_time":"2024-12-10T12:03:42+00:00","twitter_card":"summary_large_image","twitter_misc":{"Dur\u00e9e de lecture estim\u00e9e":"9 minutes"},"schema":{"@context":"https:\/\/schema.org","@graph":[{"@type":"WebPage","@id":"https:\/\/lirpasilicones.com\/fr\/politica-de-privacidad\/","url":"https:\/\/lirpasilicones.com\/fr\/politica-de-privacidad\/","name":"Politique de confidentialit\u00e9 &#8211; LIRPA","isPartOf":{"@id":"https:\/\/lirpasilicones.com\/#website"},"datePublished":"2019-10-04T05:58:01+00:00","dateModified":"2024-12-10T12:03:42+00:00","breadcrumb":{"@id":"https:\/\/lirpasilicones.com\/fr\/politica-de-privacidad\/#breadcrumb"},"inLanguage":"fr-FR","potentialAction":[{"@type":"ReadAction","target":["https:\/\/lirpasilicones.com\/fr\/politica-de-privacidad\/"]}]},{"@type":"BreadcrumbList","@id":"https:\/\/lirpasilicones.com\/fr\/politica-de-privacidad\/#breadcrumb","itemListElement":[{"@type":"ListItem","position":1,"name":"Home","item":"https:\/\/lirpasilicones.com\/fr\/"},{"@type":"ListItem","position":2,"name":"Politique de confidentialit\u00e9"}]},{"@type":"WebSite","@id":"https:\/\/lirpasilicones.com\/#website","url":"https:\/\/lirpasilicones.com\/","name":"LIRPA","description":"Silicones","publisher":{"@id":"https:\/\/lirpasilicones.com\/#organization"},"potentialAction":[{"@type":"SearchAction","target":{"@type":"EntryPoint","urlTemplate":"https:\/\/lirpasilicones.com\/?s={search_term_string}"},"query-input":{"@type":"PropertyValueSpecification","valueRequired":true,"valueName":"search_term_string"}}],"inLanguage":"fr-FR"},{"@type":"Organization","@id":"https:\/\/lirpasilicones.com\/#organization","name":"Lirpa Silicones","url":"https:\/\/lirpasilicones.com\/","logo":{"@type":"ImageObject","inLanguage":"fr-FR","@id":"https:\/\/lirpasilicones.com\/#\/schema\/logo\/image\/","url":"https:\/\/lirpasilicones.com\/wp-content\/uploads\/2019\/09\/Logo-LIRPA-RGB-color.png","contentUrl":"https:\/\/lirpasilicones.com\/wp-content\/uploads\/2019\/09\/Logo-LIRPA-RGB-color.png","width":439,"height":112,"caption":"Lirpa Silicones"},"image":{"@id":"https:\/\/lirpasilicones.com\/#\/schema\/logo\/image\/"}}]}},"_links":{"self":[{"href":"https:\/\/lirpasilicones.com\/fr\/wp-json\/wp\/v2\/pages\/3569","targetHints":{"allow":["GET"]}}],"collection":[{"href":"https:\/\/lirpasilicones.com\/fr\/wp-json\/wp\/v2\/pages"}],"about":[{"href":"https:\/\/lirpasilicones.com\/fr\/wp-json\/wp\/v2\/types\/page"}],"author":[{"embeddable":true,"href":"https:\/\/lirpasilicones.com\/fr\/wp-json\/wp\/v2\/users\/999"}],"replies":[{"embeddable":true,"href":"https:\/\/lirpasilicones.com\/fr\/wp-json\/wp\/v2\/comments?post=3569"}],"version-history":[{"count":11,"href":"https:\/\/lirpasilicones.com\/fr\/wp-json\/wp\/v2\/pages\/3569\/revisions"}],"predecessor-version":[{"id":5191,"href":"https:\/\/lirpasilicones.com\/fr\/wp-json\/wp\/v2\/pages\/3569\/revisions\/5191"}],"wp:attachment":[{"href":"https:\/\/lirpasilicones.com\/fr\/wp-json\/wp\/v2\/media?parent=3569"}],"wp:term":[{"taxonomy":"category","embeddable":true,"href":"https:\/\/lirpasilicones.com\/fr\/wp-json\/wp\/v2\/categories?post=3569"},{"taxonomy":"post_tag","embeddable":true,"href":"https:\/\/lirpasilicones.com\/fr\/wp-json\/wp\/v2\/tags?post=3569"}],"curies":[{"name":"wp","href":"https:\/\/api.w.org\/{rel}","templated":true}]}}