{"id":3451,"date":"2020-10-26T12:23:18","date_gmt":"2020-10-26T12:23:18","guid":{"rendered":"https:\/\/lirpasilicones.com\/bandejas\/"},"modified":"2021-11-17T18:29:19","modified_gmt":"2021-11-17T16:29:19","slug":"bandejas","status":"publish","type":"page","link":"https:\/\/lirpasilicones.com\/fr\/bandejas\/","title":{"rendered":"Plaques de cuisson"},"content":{"rendered":"<section id=\"bt_bb_section69dfe435e645d\" class=\"bt_bb_section bt_bb_color_scheme_2 bt_bb_layout_boxed_1200 bt_bb_vertical_align_top bt_bb_top_spacing_80 bt_bb_bottom_spacing_large\" style=\"; --section-primary-color:#000000; --section-secondary-color:#ffffff;\" data-bt-override-class=\"null\"><div class=\"bt_bb_port\"><div class=\"bt_bb_cell\"><div class=\"bt_bb_cell_inner\"><div class=\"bt_bb_row \"  data-bt-override-class=\"{}\"><div class=\"bt_bb_row_holder\" ><div  class=\"bt_bb_column col-xxl-8 col-xl-8 col-xs-12 col-sm-12 col-md-12 col-lg-8 bt_bb_vertical_align_top bt_bb_align_left bt_bb_padding_normal bt_bb_animation_fade_in zoom_out animate\" style=\"; --column-width:8;\" data-width=\"8\" data-bt-override-class=\"{&quot;bt_bb_align_&quot;:{&quot;current_class&quot;:&quot;bt_bb_align_left&quot;,&quot;xxl&quot;:&quot;left&quot;,&quot;xl&quot;:&quot;left&quot;}}\"><div class=\"bt_bb_column_content\"><div class=\"bt_bb_column_content_inner\"><div class=\"bt_bb_separator bt_bb_border_style_none bt_bb_top_spacing_medium bt_bb_bottom_spacing_large bt_bb_hidden_xs\" data-bt-override-class=\"null\"><\/div><header class=\"bt_bb_headline bt_bb_color_scheme_2 bt_bb_dash_top bt_bb_superheadline bt_bb_subheadline bt_bb_size_inherit bt_bb_align_inherit bt_bb_hidden_xs bt_bb_hidden_ms\" style=\"; --headline-primary-color:#000000; --headline-secondary-color:#ffffff;;color:rgb(0,0,0);border-color:rgb(0,0,0);\" data-bt-override-class=\"null\"><h1><span class=\"bt_bb_headline_superheadline\"><span><br \/>\n<\/span><\/span><span class=\"bt_bb_headline_content\"><span><br \/><br \/>\nPlaques de cuisson<span class=\"bt_bb_outline_text bt_bb_outline_text_align_left bt_bb_outline_text_size_200\"><span>Plaques cuisson<\/span><\/span><\/span><\/span><\/h1><div class=\"bt_bb_headline_subheadline\">Afin d'offrir une solution globale au secteur de la boulangerie-p\u00e2tisserie, LIRPA Silicones propose un service personnalis\u00e9 de conception et de construction de plaques de cuisson, pour r\u00e9pondre aux diff\u00e9rents besoins de production.<\/p><br \/>\n<p>Nous avons toutes sortes de plateaux, mesures standards ou design sur mesure.<br \/><br \/>\n<\/div><\/header><header class=\"bt_bb_headline bt_bb_color_scheme_2 bt_bb_dash_top bt_bb_superheadline bt_bb_subheadline bt_bb_size_large bt_bb_align_inherit bt_bb_hidden_sm bt_bb_hidden_md bt_bb_hidden_lg\" style=\"; --headline-primary-color:#000000; --headline-secondary-color:#ffffff;;color:rgb(0,0,0);border-color:rgb(0,0,0);\" data-bt-override-class=\"null\"><h1><span class=\"bt_bb_headline_superheadline\"><span><br \/>\n<\/span><\/span><span class=\"bt_bb_headline_content\"><span><br \/><br \/>\nPlaques de cuisson<\/span><\/span><\/h1><div class=\"bt_bb_headline_subheadline\">Afin d'offrir une solution globale au secteur de la boulangerie-p\u00e2tisserie, LIRPA Silicones propose un service personnalis\u00e9 de conception et de construction de plaques de cuisson, pour r\u00e9pondre aux diff\u00e9rents besoins de production.<\/p><br \/>\n<p>Nous avons toutes sortes de plateaux, mesures standards ou design sur mesure.<br \/><br \/>\n<\/div><\/header><div class=\"bt_bb_separator bt_bb_border_style_none bt_bb_top_spacing_60 bt_bb_hidden_xs bt_bb_hidden_ms\" data-bt-override-class=\"null\"><\/div><\/div><\/div><\/div><div  class=\"bt_bb_column col-xxl-4 col-xl-4 col-xs-12 col-sm-12 col-md-12 col-lg-4 bt_bb_vertical_align_top bt_bb_align_right bt_bb_padding_40 bt_bb_animation_fade_in zoom_out animate\" style=\"; --column-width:4;\" data-width=\"4\" data-bt-override-class=\"{&quot;bt_bb_align_&quot;:{&quot;current_class&quot;:&quot;bt_bb_align_right&quot;,&quot;xxl&quot;:&quot;right&quot;,&quot;xl&quot;:&quot;right&quot;}}\"><div class=\"bt_bb_column_content\"><div class=\"bt_bb_column_content_inner\"><div class=\"bt_bb_separator bt_bb_border_style_none bt_bb_top_spacing_80 bt_bb_bottom_spacing_20 bt_bb_hidden_xs bt_bb_hidden_ms\" data-bt-override-class=\"null\"><\/div><div class=\"bt_bb_image bt_bb_shape_square bt_bb_align_inherit bt_bb_hover_style_simple bt_bb_content_display_always bt_bb_content_align_middle bt_bb_remove_padding_yes bt_bb_fill_background_color_full bt_bb_hidden_xs bt_bb_hidden_ms\" style=\"margin-top: 100px;\" data-bt-override-class=\"null\"><span><img src = \"https:\/\/lirpasilicones.com\/wp-content\/plugins\/bold-page-builder\/img\/blank.gif\" data-full_image_src=\"https:\/\/lirpasilicones.com\/wp-content\/uploads\/2021\/10\/bandejas-para-panificacion_header.jpg\" data-image_src=\"https:\/\/lirpasilicones.com\/wp-content\/uploads\/2021\/10\/bandejas-para-panificacion_header.jpg\" title=\"bandejas para panificaci\u00f3n_header\" alt=\"Bandejas para panificaci\u00f3n\" class=\"btLazyLoadImage\"><\/span><\/div><\/div><\/div><\/div><\/div><\/div><\/div><!-- cell_inner --><\/div><!-- cell --><\/div><!-- port --><\/section><section id=\"bt_bb_section69dfe435e6db2\" class=\"bt_bb_section bt_bb_layout_boxed_1500 bt_bb_vertical_align_top bt_bb_top_spacing_30 bt_bb_bottom_spacing_30\" style=\";background-color:rgb(241,241,241);\" data-bt-override-class=\"null\"><div class=\"bt_bb_port\"><div class=\"bt_bb_cell\"><div class=\"bt_bb_cell_inner\"><div class=\"bt_bb_row  bt_bb_column_gap_10\" style=\"margin-top: -20px;; --column-gap:10px;\" data-bt-override-class=\"{}\"><div class=\"bt_bb_row_holder\" ><div  class=\"bt_bb_column col-xxl-3 col-xl-3 col-xs-12 col-sm-6 col-md-6 col-lg-3 product-col bt_bb_vertical_align_top bt_bb_align_left bt_bb_padding_text_indent bt_bb_animation_fade_in zoom_out animate\" style=\"; --column-width:3;\" data-width=\"3\" data-bt-override-class=\"{&quot;bt_bb_align_&quot;:{&quot;current_class&quot;:&quot;bt_bb_align_left&quot;,&quot;xxl&quot;:&quot;left&quot;,&quot;xl&quot;:&quot;left&quot;}}\"><div class=\"bt_bb_column_content\" style=\"background-color:rgb(255,255,255);\"><div class=\"bt_bb_column_content_inner\"><div class=\"bt_bb_image bt_bb_shape_square bt_bb_align_inherit bt_bb_hover_style_simple bt_bb_content_display_always bt_bb_content_align_bottom bt_bb_remove_padding_yes bt_bb_fill_background_color_full\" style=\"height:150px; overflow: hidden;\" data-bt-override-class=\"null\"><span><img src = \"https:\/\/lirpasilicones.com\/wp-content\/plugins\/bold-page-builder\/img\/blank.gif\" data-full_image_src=\"https:\/\/lirpasilicones.com\/wp-content\/uploads\/2021\/09\/bandeja_aluminio.png\" data-image_src=\"https:\/\/lirpasilicones.com\/wp-content\/uploads\/2021\/09\/bandeja_aluminio-768x1024.png\" title=\"bandeja_aluminio\" alt=\"bandeja aluminio\" class=\"btLazyLoadImage\"><\/span><\/div><div class=\"bt_bb_separator bt_bb_border_style_none bt_bb_bottom_spacing_25\" data-bt-override-class=\"null\"><\/div><header class=\"bt_bb_headline bt_bb_dash_none bt_bb_subheadline bt_bb_size_small bt_bb_align_inherit\" data-bt-override-class=\"null\"><h2><span class=\"bt_bb_headline_content\"><span>Plateaux \u00e0 cadre en aluminium<\/span><\/span><\/h2><div class=\"bt_bb_headline_subheadline\">Barquettes encadr\u00e9es en aluminium avec t\u00f4le d'aluminium de 1 mm d'\u00e9paisseur avec perforations de diam\u00e8tre 1,5 mm, rainur\u00e9es ou plates :<br \/><br \/>\n- soud\u00e9<br \/><br \/>\n- pliss\u00e9<br \/><br \/>\n- avec rivets en aluminium<\/div><\/header><div class=\"bt_bb_separator bt_bb_border_style_none bt_bb_bottom_spacing_25\" data-bt-override-class=\"null\"><\/div><\/div><\/div><\/div><div  class=\"bt_bb_column col-xxl-3 col-xl-3 col-xs-12 col-sm-6 col-md-6 col-lg-3 product-col bt_bb_vertical_align_top bt_bb_align_left bt_bb_padding_text_indent bt_bb_animation_fade_in zoom_out animate\" style=\"; --column-width:3;\" data-width=\"3\" data-bt-override-class=\"{&quot;bt_bb_align_&quot;:{&quot;current_class&quot;:&quot;bt_bb_align_left&quot;,&quot;xxl&quot;:&quot;left&quot;,&quot;xl&quot;:&quot;left&quot;}}\"><div class=\"bt_bb_column_content\" style=\"background-color:rgb(255,255,255);\"><div class=\"bt_bb_column_content_inner\"><div class=\"bt_bb_image bt_bb_shape_square bt_bb_align_inherit bt_bb_hover_style_simple bt_bb_content_display_always bt_bb_content_align_bottom bt_bb_remove_padding_yes bt_bb_fill_background_color_full\" style=\"height:150px; overflow: hidden;\" data-bt-override-class=\"null\"><span><img src = \"https:\/\/lirpasilicones.com\/wp-content\/plugins\/bold-page-builder\/img\/blank.gif\" data-full_image_src=\"https:\/\/lirpasilicones.com\/wp-content\/uploads\/2021\/09\/bandeja_inoxidable.png\" data-image_src=\"https:\/\/lirpasilicones.com\/wp-content\/uploads\/2021\/09\/bandeja_inoxidable.png\" title=\"bandeja_inoxidable\" alt=\"bandeja inoxidable\" class=\"btLazyLoadImage\"><\/span><\/div><div class=\"bt_bb_separator bt_bb_border_style_none bt_bb_bottom_spacing_25\" data-bt-override-class=\"null\"><\/div><header class=\"bt_bb_headline bt_bb_dash_none bt_bb_subheadline bt_bb_size_small bt_bb_align_inherit\" data-bt-override-class=\"null\"><h2><span class=\"bt_bb_headline_content\"><span>Plateaux de cadre en acier inoxydable<\/span><\/span><\/h2><div class=\"bt_bb_headline_subheadline\">Plateaux encadr\u00e9s en acier inoxydable avec feuille d'aluminium magn\u00e9sium de 1,2 mm d'\u00e9paisseur avec des perforations de 1,3 mm \/ 1,5 mm \/ 2 mm de diam\u00e8tre.<\/div><\/header><div class=\"bt_bb_separator bt_bb_border_style_none bt_bb_bottom_spacing_25\" data-bt-override-class=\"null\"><\/div><\/div><\/div><\/div><div  class=\"bt_bb_column col-xxl-3 col-xl-3 col-xs-12 col-sm-6 col-md-6 col-lg-3 product-col bt_bb_vertical_align_top bt_bb_align_left bt_bb_padding_text_indent bt_bb_animation_fade_in zoom_out animate\" style=\"; --column-width:3;\" data-width=\"3\" data-bt-override-class=\"{&quot;bt_bb_align_&quot;:{&quot;current_class&quot;:&quot;bt_bb_align_left&quot;,&quot;xxl&quot;:&quot;left&quot;,&quot;xl&quot;:&quot;left&quot;}}\"><div class=\"bt_bb_column_content\" style=\"background-color:rgb(255,255,255);\"><div class=\"bt_bb_column_content_inner\"><div class=\"bt_bb_image bt_bb_shape_square bt_bb_align_inherit bt_bb_hover_style_simple bt_bb_content_display_always bt_bb_content_align_bottom bt_bb_remove_padding_yes bt_bb_fill_background_color_full\" style=\"height:150px; overflow: hidden;\" data-bt-override-class=\"null\"><span><img src = \"https:\/\/lirpasilicones.com\/wp-content\/plugins\/bold-page-builder\/img\/blank.gif\" data-full_image_src=\"https:\/\/lirpasilicones.com\/wp-content\/uploads\/2021\/09\/bandeja_embutida.png\" data-image_src=\"https:\/\/lirpasilicones.com\/wp-content\/uploads\/2021\/09\/bandeja_embutida-768x1024.png\" title=\"bandeja_embutida\" alt=\"Bandeja embutida\" class=\"btLazyLoadImage\"><\/span><\/div><div class=\"bt_bb_separator bt_bb_border_style_none bt_bb_bottom_spacing_25\" data-bt-override-class=\"null\"><\/div><header class=\"bt_bb_headline bt_bb_dash_none bt_bb_subheadline bt_bb_size_small bt_bb_align_inherit\" data-bt-override-class=\"null\"><h2><span class=\"bt_bb_headline_content\"><span>Plateaux int\u00e9gr\u00e9s<\/span><\/span><\/h2><div class=\"bt_bb_headline_subheadline\">Plateaux noy\u00e9s avec de la t\u00f4le d'acier polie de 0,7 mm d'\u00e9paisseur ou de la t\u00f4le alumin\u00e9e, adaptables \u00e0 tout type de dessin, quelques exemples sont :<br \/><br \/>\n- Burger<br \/><br \/>\n- Hot-dog<br \/><br \/>\n- Beignet<br \/><br \/>\n- Rouleaux sp\u00e9ciaux<\/div><\/header><div class=\"bt_bb_separator bt_bb_border_style_none bt_bb_bottom_spacing_25\" data-bt-override-class=\"null\"><\/div><\/div><\/div><\/div><div  class=\"bt_bb_column col-xxl-3 col-xl-3 col-xs-12 col-sm-6 col-md-6 col-lg-3 product-col bt_bb_vertical_align_top bt_bb_align_left bt_bb_padding_text_indent bt_bb_animation_fade_in zoom_out animate\" style=\"; --column-width:3;\" data-width=\"3\" data-bt-override-class=\"{&quot;bt_bb_align_&quot;:{&quot;current_class&quot;:&quot;bt_bb_align_left&quot;,&quot;xxl&quot;:&quot;left&quot;,&quot;xl&quot;:&quot;left&quot;}}\"><div class=\"bt_bb_column_content\" style=\"background-color:rgb(255,255,255);\"><div class=\"bt_bb_column_content_inner\"><div class=\"bt_bb_image bt_bb_shape_square bt_bb_align_inherit bt_bb_hover_style_simple bt_bb_content_display_always bt_bb_content_align_bottom bt_bb_remove_padding_yes bt_bb_fill_background_color_full\" style=\"height:150px; overflow: hidden;\" data-bt-override-class=\"null\"><span><img src = \"https:\/\/lirpasilicones.com\/wp-content\/plugins\/bold-page-builder\/img\/blank.gif\" data-full_image_src=\"https:\/\/lirpasilicones.com\/wp-content\/uploads\/2021\/09\/filets.png\" data-image_src=\"https:\/\/lirpasilicones.com\/wp-content\/uploads\/2021\/09\/filets.png\" title=\"filets\" alt=\"Filets\" class=\"btLazyLoadImage\"><\/span><\/div><div class=\"bt_bb_separator bt_bb_border_style_none bt_bb_bottom_spacing_25\" data-bt-override-class=\"null\"><\/div><header class=\"bt_bb_headline bt_bb_dash_none bt_bb_subheadline bt_bb_size_small bt_bb_align_inherit\" data-bt-override-class=\"null\"><h2><span class=\"bt_bb_headline_content\"><span>Filets<\/span><\/span><\/h2><div class=\"bt_bb_headline_subheadline\">Filets constitu\u00e9s d'un cadre et d'un grillage en acier inoxydable, nervur\u00e9s ou plats.<br \/><br \/>\n<\/div><\/header><div class=\"bt_bb_separator bt_bb_border_style_none bt_bb_bottom_spacing_25\" data-bt-override-class=\"null\"><\/div><\/div><\/div><\/div><\/div><\/div><\/div><!-- cell_inner --><\/div><!-- cell --><\/div><!-- port --><\/section><section id=\"bt_bb_section69dfe435e80a5\" class=\"bt_bb_section bt_bb_layout_boxed_1200\"  data-bt-override-class=\"null\"><div class=\"bt_bb_port\"><div class=\"bt_bb_cell\"><div class=\"bt_bb_cell_inner\"><div class=\"bt_bb_row \"  data-bt-override-class=\"{}\"><div class=\"bt_bb_row_holder\" ><div  class=\"bt_bb_column col-xxl-8 col-xl-8 col-xs-12 col-sm-12 col-md-12 col-lg-8 bt_bb_vertical_align_top bt_bb_align_left bt_bb_padding_normal bt_bb_animation_fade_in animate\" style=\"; --column-width:8;\" data-width=\"8\" data-bt-override-class=\"{&quot;bt_bb_align_&quot;:{&quot;current_class&quot;:&quot;bt_bb_align_left&quot;,&quot;xxl&quot;:&quot;left&quot;,&quot;xl&quot;:&quot;left&quot;}}\"><div class=\"bt_bb_column_content\"><div class=\"bt_bb_column_content_inner\"><div class=\"bt_bb_separator bt_bb_border_style_none bt_bb_top_spacing_40\" data-bt-override-class=\"null\"><\/div><header class=\"bt_bb_headline bt_bb_dash_none bt_bb_size_inherit bt_bb_align_inherit\" data-bt-override-class=\"null\"><h1><span class=\"bt_bb_headline_content\"><span>Questions fr\u00e9quemment pos\u00e9es<span class=\"bt_bb_outline_text bt_bb_outline_text_align_inherit bt_bb_outline_text_size_inherit\"><span>FAQ<\/span><\/span><\/span><\/span><\/h1><\/header><div class=\"bt_bb_separator bt_bb_border_style_none bt_bb_top_spacing_30\" data-bt-override-class=\"null\"><\/div><div class=\"bt_bb_accordion bt_bb_color_scheme_5 bt_bb_style_simple bt_bb_shape_square\" style=\"; --accordion-primary-color:#000000; --accordion-secondary-color:#003b68;\"><div class=\"bt_bb_accordion_item\"><div class=\"bt_bb_accordion_item_title\">Quel type de plateau est recommand\u00e9 pour les certifications IFS (International Food Standard) ?<\/div><div class=\"bt_bb_accordion_item_content\"><div  class=\"bt_bb_text\" ><\/p>\n<p><span style=\"font-weight: 400;\">En r\u00e8gle g\u00e9n\u00e9rale, nous recommandons d&rsquo;utiliser des plateaux soud\u00e9s ou tout type de plateau sans rivets.\u00a0\u00a0<\/span><\/p>\n<p>\n<\/div><\/div><\/div><div class=\"bt_bb_accordion_item\"><div class=\"bt_bb_accordion_item_title\">Si j'ach\u00e8te des plateaux avec un cadre en acier inoxydable, vais-je consommer plus d'\u00e9nergie?<\/div><div class=\"bt_bb_accordion_item_content\"><div  class=\"bt_bb_text\" ><\/p>\n<p><span style=\"font-weight: 400;\">Oui, il aura un peu plus de consommation d&rsquo;\u00e9nergie, mais la diff\u00e9rence n&rsquo;est pas importante, mais si un plateau avec un cadre en acier inoxydable aura une dur\u00e9e de vie plus longue qu&rsquo;un plateau avec un cadre en aluminium.\u00a0\u00a0\u00a0<\/span><\/p>\n<p>\n<\/div><\/div><\/div><div class=\"bt_bb_accordion_item\"><div class=\"bt_bb_accordion_item_title\">Quel type de barquette dois-je acheter pour produire des pains \u00e0 hamburger?<\/div><div class=\"bt_bb_accordion_item_content\"><div  class=\"bt_bb_text\" ><\/p>\n<p><span style=\"font-weight: 400;\">Le type de barquette \u00e0 choisir d\u00e9pendra du type de pain \u00e0 hamburger que vous souhaitez produire, si l&rsquo;intention est de produire un pain \u00e0 hamburger conventionnel, nous vous recommandons d&rsquo;acheter une barquette \u00e0 saucisses. En revanche, si vous souhaitez r\u00e9aliser des pains \u00e0 hamburger en verre, nous vous conseillons d&rsquo;utiliser des barquettes plates avec un cadre et une t\u00f4le en aluminium.<\/span><\/p>\n<p>\n<\/div><\/div><\/div><\/div><\/div><\/div><\/div><div  class=\"bt_bb_column col-xxl-4 col-xl-4 col-xs-12 col-sm-12 col-md-12 col-lg-4 bt_bb_vertical_align_top bt_bb_align_left bt_bb_padding_normal\" style=\"; --column-width:4;\" data-width=\"4\" data-bt-override-class=\"{&quot;bt_bb_align_&quot;:{&quot;current_class&quot;:&quot;bt_bb_align_left&quot;,&quot;xxl&quot;:&quot;left&quot;,&quot;xl&quot;:&quot;left&quot;}}\"><div class=\"bt_bb_column_content\"><div class=\"bt_bb_column_content_inner\"><div class=\"bt_bb_separator bt_bb_border_style_none bt_bb_top_spacing_40\" data-bt-override-class=\"null\"><\/div><div class=\"bt_bb_image bt_bb_shape_square bt_bb_align_inherit bt_bb_hover_style_simple bt_bb_content_display_always bt_bb_content_align_middle bt_bb_remove_padding_yes bt_bb_fill_background_color_full\" data-bt-override-class=\"null\"><span><img src = \"https:\/\/lirpasilicones.com\/wp-content\/plugins\/bold-page-builder\/img\/blank.gif\" data-full_image_src=\"https:\/\/lirpasilicones.com\/wp-content\/uploads\/2021\/10\/Cestas-de-Panes.jpeg\" data-image_src=\"https:\/\/lirpasilicones.com\/wp-content\/uploads\/2021\/10\/Cestas-de-Panes-1280x1280.jpeg\" title=\"Cestas de Panes\" alt=\"Cestas de Panes\" class=\"btLazyLoadImage\"><\/span><\/div><div class=\"bt_bb_separator bt_bb_border_style_none bt_bb_top_spacing_40\" data-bt-override-class=\"null\"><\/div><\/div><\/div><\/div><\/div><\/div><\/div><!-- cell_inner --><\/div><!-- cell --><\/div><!-- port --><\/section>\n","protected":false},"excerpt":{"rendered":"<p>Phosfluorescently engage worldwide methodologies with web-enabled technology. Interactively coordinate proactive e-commerce via process-centric \u00ab\u00a0outside the box\u00a0\u00bb thinking. Completely pursue scalable customer service through sustainable potentialities.<\/p>\n","protected":false},"author":1004,"featured_media":0,"parent":0,"menu_order":0,"comment_status":"closed","ping_status":"closed","template":"","meta":{"inline_featured_image":false,"_monsterinsights_skip_tracking":false,"_monsterinsights_sitenote_active":false,"_monsterinsights_sitenote_note":"","_monsterinsights_sitenote_category":0,"footnotes":""},"categories":[],"tags":[],"class_list":["post-3451","page","type-page","status-publish","hentry"],"yoast_head":"<!-- This site is optimized with the Yoast SEO plugin v24.2 - https:\/\/yoast.com\/wordpress\/plugins\/seo\/ -->\n<title>Plaques de cuisson &#8211; LIRPA<\/title>\n<meta name=\"description\" content=\"Expertos en bandejas panificadoras. M\u00e1s de 30 a\u00f1os de experiencia. \u00a1Cont\u00e1ctanos!\" \/>\n<meta name=\"robots\" content=\"index, follow, max-snippet:-1, max-image-preview:large, max-video-preview:-1\" \/>\n<link rel=\"canonical\" href=\"https:\/\/lirpasilicones.com\/fr\/bandejas\/\" \/>\n<meta property=\"og:locale\" content=\"fr_FR\" \/>\n<meta property=\"og:type\" content=\"article\" \/>\n<meta property=\"og:title\" content=\"Plaques de cuisson &#8211; LIRPA\" \/>\n<meta property=\"og:description\" content=\"Expertos en bandejas panificadoras. M\u00e1s de 30 a\u00f1os de experiencia. \u00a1Cont\u00e1ctanos!\" \/>\n<meta property=\"og:url\" content=\"https:\/\/lirpasilicones.com\/fr\/bandejas\/\" \/>\n<meta property=\"og:site_name\" content=\"LIRPA\" \/>\n<meta property=\"article:modified_time\" content=\"2021-11-17T16:29:19+00:00\" \/>\n<meta name=\"twitter:card\" content=\"summary_large_image\" \/>\n<meta name=\"twitter:label1\" content=\"Dur\u00e9e de lecture estim\u00e9e\" \/>\n\t<meta name=\"twitter:data1\" content=\"6 minutes\" \/>\n<script type=\"application\/ld+json\" class=\"yoast-schema-graph\">{\"@context\":\"https:\/\/schema.org\",\"@graph\":[{\"@type\":\"WebPage\",\"@id\":\"https:\/\/lirpasilicones.com\/fr\/bandejas\/\",\"url\":\"https:\/\/lirpasilicones.com\/fr\/bandejas\/\",\"name\":\"Plaques de cuisson &#8211; LIRPA\",\"isPartOf\":{\"@id\":\"https:\/\/lirpasilicones.com\/#website\"},\"datePublished\":\"2020-10-26T12:23:18+00:00\",\"dateModified\":\"2021-11-17T16:29:19+00:00\",\"description\":\"Expertos en bandejas panificadoras. M\u00e1s de 30 a\u00f1os de experiencia. \u00a1Cont\u00e1ctanos!\",\"breadcrumb\":{\"@id\":\"https:\/\/lirpasilicones.com\/fr\/bandejas\/#breadcrumb\"},\"inLanguage\":\"fr-FR\",\"potentialAction\":[{\"@type\":\"ReadAction\",\"target\":[\"https:\/\/lirpasilicones.com\/fr\/bandejas\/\"]}]},{\"@type\":\"BreadcrumbList\",\"@id\":\"https:\/\/lirpasilicones.com\/fr\/bandejas\/#breadcrumb\",\"itemListElement\":[{\"@type\":\"ListItem\",\"position\":1,\"name\":\"Home\",\"item\":\"https:\/\/lirpasilicones.com\/fr\/\"},{\"@type\":\"ListItem\",\"position\":2,\"name\":\"Plaques de cuisson\"}]},{\"@type\":\"WebSite\",\"@id\":\"https:\/\/lirpasilicones.com\/#website\",\"url\":\"https:\/\/lirpasilicones.com\/\",\"name\":\"LIRPA\",\"description\":\"Silicones\",\"publisher\":{\"@id\":\"https:\/\/lirpasilicones.com\/#organization\"},\"potentialAction\":[{\"@type\":\"SearchAction\",\"target\":{\"@type\":\"EntryPoint\",\"urlTemplate\":\"https:\/\/lirpasilicones.com\/?s={search_term_string}\"},\"query-input\":{\"@type\":\"PropertyValueSpecification\",\"valueRequired\":true,\"valueName\":\"search_term_string\"}}],\"inLanguage\":\"fr-FR\"},{\"@type\":\"Organization\",\"@id\":\"https:\/\/lirpasilicones.com\/#organization\",\"name\":\"Lirpa Silicones\",\"url\":\"https:\/\/lirpasilicones.com\/\",\"logo\":{\"@type\":\"ImageObject\",\"inLanguage\":\"fr-FR\",\"@id\":\"https:\/\/lirpasilicones.com\/#\/schema\/logo\/image\/\",\"url\":\"https:\/\/lirpasilicones.com\/wp-content\/uploads\/2019\/09\/Logo-LIRPA-RGB-color.png\",\"contentUrl\":\"https:\/\/lirpasilicones.com\/wp-content\/uploads\/2019\/09\/Logo-LIRPA-RGB-color.png\",\"width\":439,\"height\":112,\"caption\":\"Lirpa Silicones\"},\"image\":{\"@id\":\"https:\/\/lirpasilicones.com\/#\/schema\/logo\/image\/\"}}]}<\/script>\n<!-- \/ Yoast SEO plugin. -->","yoast_head_json":{"title":"Plaques de cuisson &#8211; LIRPA","description":"Expertos en bandejas panificadoras. M\u00e1s de 30 a\u00f1os de experiencia. \u00a1Cont\u00e1ctanos!","robots":{"index":"index","follow":"follow","max-snippet":"max-snippet:-1","max-image-preview":"max-image-preview:large","max-video-preview":"max-video-preview:-1"},"canonical":"https:\/\/lirpasilicones.com\/fr\/bandejas\/","og_locale":"fr_FR","og_type":"article","og_title":"Plaques de cuisson &#8211; LIRPA","og_description":"Expertos en bandejas panificadoras. M\u00e1s de 30 a\u00f1os de experiencia. \u00a1Cont\u00e1ctanos!","og_url":"https:\/\/lirpasilicones.com\/fr\/bandejas\/","og_site_name":"LIRPA","article_modified_time":"2021-11-17T16:29:19+00:00","twitter_card":"summary_large_image","twitter_misc":{"Dur\u00e9e de lecture estim\u00e9e":"6 minutes"},"schema":{"@context":"https:\/\/schema.org","@graph":[{"@type":"WebPage","@id":"https:\/\/lirpasilicones.com\/fr\/bandejas\/","url":"https:\/\/lirpasilicones.com\/fr\/bandejas\/","name":"Plaques de cuisson &#8211; LIRPA","isPartOf":{"@id":"https:\/\/lirpasilicones.com\/#website"},"datePublished":"2020-10-26T12:23:18+00:00","dateModified":"2021-11-17T16:29:19+00:00","description":"Expertos en bandejas panificadoras. M\u00e1s de 30 a\u00f1os de experiencia. \u00a1Cont\u00e1ctanos!","breadcrumb":{"@id":"https:\/\/lirpasilicones.com\/fr\/bandejas\/#breadcrumb"},"inLanguage":"fr-FR","potentialAction":[{"@type":"ReadAction","target":["https:\/\/lirpasilicones.com\/fr\/bandejas\/"]}]},{"@type":"BreadcrumbList","@id":"https:\/\/lirpasilicones.com\/fr\/bandejas\/#breadcrumb","itemListElement":[{"@type":"ListItem","position":1,"name":"Home","item":"https:\/\/lirpasilicones.com\/fr\/"},{"@type":"ListItem","position":2,"name":"Plaques de cuisson"}]},{"@type":"WebSite","@id":"https:\/\/lirpasilicones.com\/#website","url":"https:\/\/lirpasilicones.com\/","name":"LIRPA","description":"Silicones","publisher":{"@id":"https:\/\/lirpasilicones.com\/#organization"},"potentialAction":[{"@type":"SearchAction","target":{"@type":"EntryPoint","urlTemplate":"https:\/\/lirpasilicones.com\/?s={search_term_string}"},"query-input":{"@type":"PropertyValueSpecification","valueRequired":true,"valueName":"search_term_string"}}],"inLanguage":"fr-FR"},{"@type":"Organization","@id":"https:\/\/lirpasilicones.com\/#organization","name":"Lirpa Silicones","url":"https:\/\/lirpasilicones.com\/","logo":{"@type":"ImageObject","inLanguage":"fr-FR","@id":"https:\/\/lirpasilicones.com\/#\/schema\/logo\/image\/","url":"https:\/\/lirpasilicones.com\/wp-content\/uploads\/2019\/09\/Logo-LIRPA-RGB-color.png","contentUrl":"https:\/\/lirpasilicones.com\/wp-content\/uploads\/2019\/09\/Logo-LIRPA-RGB-color.png","width":439,"height":112,"caption":"Lirpa Silicones"},"image":{"@id":"https:\/\/lirpasilicones.com\/#\/schema\/logo\/image\/"}}]}},"_links":{"self":[{"href":"https:\/\/lirpasilicones.com\/fr\/wp-json\/wp\/v2\/pages\/3451","targetHints":{"allow":["GET"]}}],"collection":[{"href":"https:\/\/lirpasilicones.com\/fr\/wp-json\/wp\/v2\/pages"}],"about":[{"href":"https:\/\/lirpasilicones.com\/fr\/wp-json\/wp\/v2\/types\/page"}],"author":[{"embeddable":true,"href":"https:\/\/lirpasilicones.com\/fr\/wp-json\/wp\/v2\/users\/1004"}],"replies":[{"embeddable":true,"href":"https:\/\/lirpasilicones.com\/fr\/wp-json\/wp\/v2\/comments?post=3451"}],"version-history":[{"count":38,"href":"https:\/\/lirpasilicones.com\/fr\/wp-json\/wp\/v2\/pages\/3451\/revisions"}],"predecessor-version":[{"id":4994,"href":"https:\/\/lirpasilicones.com\/fr\/wp-json\/wp\/v2\/pages\/3451\/revisions\/4994"}],"wp:attachment":[{"href":"https:\/\/lirpasilicones.com\/fr\/wp-json\/wp\/v2\/media?parent=3451"}],"wp:term":[{"taxonomy":"category","embeddable":true,"href":"https:\/\/lirpasilicones.com\/fr\/wp-json\/wp\/v2\/categories?post=3451"},{"taxonomy":"post_tag","embeddable":true,"href":"https:\/\/lirpasilicones.com\/fr\/wp-json\/wp\/v2\/tags?post=3451"}],"curies":[{"name":"wp","href":"https:\/\/api.w.org\/{rel}","templated":true}]}}