{"id":1068,"date":"2015-11-12T15:29:49","date_gmt":"2015-11-12T15:29:49","guid":{"rendered":"https:\/\/lirpasilicones.com\/fr\/?page_id=1068"},"modified":"2025-12-18T16:16:27","modified_gmt":"2025-12-18T14:16:27","slug":"aviso-legal","status":"publish","type":"page","link":"https:\/\/lirpasilicones.com\/fr\/aviso-legal\/","title":{"rendered":"Avis juridique"},"content":{"rendered":"<div class=\"legal-pages\">\n<h1 style=\"text-align: center;\"><span style=\"font-weight: 400;\">AVERTISSEMENT JURIDIQUE\u00a0<\/span><\/h1>\n<p><span style=\"font-weight: 400;\">Afin de se conformer \u00e0 l&rsquo;article 10 de la loi 34\/2002 sur les services de la soci\u00e9t\u00e9 de l&rsquo;information et le commerce \u00e9lectronique, nous informons de nos donn\u00e9es\u00a0:\u00a0<\/span><\/p>\n<p><span style=\"font-weight: 400;\">Nom de l&rsquo;entreprise : LIRPA SILICONES, S.L.\u00a0<\/span><\/p>\n<p><span style=\"font-weight: 400;\">Si\u00e8ge social : C \/ Ind\u00fastria, 113 navires L_M &#8211; Pol. Industrial Can Castells, 08420, Canovelles, Barcelone\u00a0<\/span><\/p>\n<p><span style=\"font-weight: 400;\">NIF : B60475910\u00a0<\/span><\/p>\n<p><span style=\"font-weight: 400;\">T\u00e9l\u00e9phone : +34 938498646\u00a0<\/span><\/p>\n<p><span style=\"font-weight: 400;\">E-mail : info@lirpasilicones.com\u00a0<\/span><\/p>\n<p><span style=\"font-weight: 400;\">Web : <\/span><a href=\"http:\/\/www.lirpasilicones.com\"><span style=\"font-weight: 400;\">www.lirpasilicones.com<\/span><\/a><span style=\"font-weight: 400;\">\u00a0<\/span><\/p>\n<p><span style=\"font-weight: 400;\">Donn\u00e9es du Registre: Registre du Commerce de Barcelone Volume 26650, folio 2016, feuille B-105245, Inscription 7.\u00a0<\/span><\/p>\n<p><span style=\"font-weight: 400;\">1.- OBJET LIRPA SILICONES, S.L. (D\u00e9sormais \u00e9galement le fournisseur) en tant que responsable du site Web, met \u00e0 la disposition des utilisateurs ce document, qui r\u00e9glemente l&rsquo;utilisation du site Web www.lirpasilicones.com, avec lequel nous avons l&rsquo;intention de respecter les obligations de la loi 34\/2002, sur l&rsquo;information Soci\u00e9t\u00e9 Services et Commerce Electronique (LSSICE ou LSSI), ainsi que d&rsquo;informer tous les utilisateurs du site sur les conditions d&rsquo;utilisation du site. \u00c0 travers le site Web, LIRPA SILICONES, S.L. facilite l&rsquo;utilisation\u00a0 des diff\u00e9rents services et contenus mis \u00e0 disposition sur le Web. Toute personne acc\u00e9dant \u00e0 ce site Web assume la qualit\u00e9 d&rsquo;utilisateur\u00a0 et implique l&rsquo;acceptation pleine et sans r\u00e9serve de chacune des dispositions incluses dans les pr\u00e9sentes mentions l\u00e9gales, ainsi que de toutes autres dispositions l\u00e9gales applicables.\u00a0<\/span><\/p>\n<p><span style=\"font-weight: 400;\">En tant qu&rsquo;utilisateurs, ils doivent lire attentivement cet avis juridique \u00e0 chaque fois qu&rsquo;ils acc\u00e8dent au site Web, car il peut \u00eatre sujet \u00e0 changement car le fournisseur se r\u00e9serve le droit de modifier toute information pouvant appara\u00eetre sur le site Web, sans obligation de pr\u00e9avis ou d\u2019informer de ces obligations.Lla publication sur le site Internet du prestataire \u00e9tant suffisante.\u00a0<\/span><\/p>\n<h2><span style=\"font-weight: 400;\">2. CONDITIONS D&rsquo;ACCES ET D&rsquo;UTILISATION DU SITE.\u00a0<\/span><\/h2>\n<h3><span style=\"font-weight: 400;\">2.1. Acc\u00e8s et utilisation gratuit du site.<\/span><\/h3>\n<p><span style=\"font-weight: 400;\">\u00a0La prestation des services de LIRPA SILICONES, S.L. il est gratuit pour tous les utilisateurs.\u00a0<\/span><\/p>\n<h3><span style=\"font-weight: 400;\">2.2. Enregistrement de l&rsquo;utilisateur.\u00a0<\/span><\/h3>\n<p><span style=\"font-weight: 400;\">De mani\u00e8re g\u00e9n\u00e9rale, n\u2019est pas necessaire la souscription ou l\u2019enregistrement pr\u00e9alable deus utilisateurs.<\/span><\/p>\n<h3><span style=\"font-weight: 400;\">2.3. V\u00e9racit\u00e9 des informations.\u00a0<\/span><\/h3>\n<p><span style=\"font-weight: 400;\">Toutes les informations fournies par l&rsquo;utilisateur doivent \u00eatre v\u00e9ridiques. A ces fins, il garantit l&rsquo;authenticit\u00e9 des donn\u00e9es communiqu\u00e9es \u00e0 travers les formulaires de souscription aux services. Il aura la responsabilit\u00e9 de\u00a0 conserver toutes les informations fournies \u00e0 LIRPA SILICONES, S.L. mis \u00e0 jour s\u00e9lon situation r\u00e9elle, dans chaque moment. Dans tous les cas, l&rsquo;utilisateur sera seul responsable des d\u00e9clarations fausses ou inexactes faites et des dommages qu\u2019il cause au fournisseur ou \u00e0 des tiers.\u00a0<\/span><\/p>\n<h3><span style=\"font-weight: 400;\">2.4. Mineurs.<\/span><\/h3>\n<p><span style=\"font-weight: 400;\">\u00a0Pour utiliser les services, les mineurs doivent toujours obtenir le consentement pr\u00e9alable de leurs parents, tuteurs ou repr\u00e9sentants l\u00e9gaux, qui sont ultimement responsables de tous les actes accomplis par les mineurs dont ils ont la garde. La responsabilit\u00e9 de d\u00e9terminer les contenus sp\u00e9cifiques auxquels les mineurs acc\u00e8dent correspond \u00e0 ceux-ci. S&rsquo;ils acc\u00e8dent \u00e0 des contenus inappropri\u00e9s sur Internet, on doivent \u00eatre mis en place sur leurs ordinateurs des m\u00e9canismes qui limitent le contenu disponible . Bien que se sont pas infaillibles, sont particuli\u00e8rement utiles pour contr\u00f4ler et restreindre les documents auxquels les mineurs peuvent acc\u00e9der.\u00a0<\/span><\/p>\n<h3><span style=\"font-weight: 400;\">2.5. Obligation de faire un usage correct du site.<\/span><\/h3>\n<p><span style=\"font-weight: 400;\">\u00a0L&rsquo;utilisateur s&rsquo;engage \u00e0 utiliser le site Web conform\u00e9ment \u00e0 la loi et au pr\u00e9sent avis juridique, ainsi qu&rsquo;aux bonnes coutumes. L\u2018utilisateur n\u2019utilisera pas la page \u00e0 des fins illicites ou interdites, pr\u00e9judiciables aux droits et int\u00e9r\u00eats de tiers, ou pouvant de quelque mani\u00e8re que ce soit endommager, d\u00e9sactiver, surcharger, d\u00e9t\u00e9riorer ou emp\u00eacher l&rsquo;utilisation normale des \u00e9quipements informatiques ou documents, fichiers et toutes sortes de contenus stock\u00e9s sur tout \u00e9quipement informatique du prestataire. En particulier, et \u00e0 titre indicatif mais non exhaustif, l&rsquo;utilisateur s&rsquo;engage \u00e0 ne pas transmettre, diffuser ou mettre \u00e0 disposition de tiers des informations, donn\u00e9es, contenus, messages, graphismes, dessins, fichiers son ou image, photographies, enregistrements, logiciels et, en g\u00e9n\u00e9ral, tout type de mat\u00e9riel qui\u00a0:<\/span><\/p>\n<p><span style=\"font-weight: 400;\">\u00a0(a) est contraire, m\u00e9conna\u00eet ou enfreint les droits et libert\u00e9s fondamentaux reconnus dans la Constitution, dans les trait\u00e9s internationaux et autres r\u00e8gles en vigueur;<\/span><\/p>\n<p><span style=\"font-weight: 400;\">\u00a0(b) induit, incite ou promeut des actes criminels, d\u00e9gradants, diffamatoires, violents ou, en g\u00e9n\u00e9ral, contraires \u00e0 la loi, aux bonnes m\u0153urs et \u00e0 l&rsquo;ordre public\u00a0;<\/span><\/p>\n<p><span style=\"font-weight: 400;\">\u00a0(c) induit, incite ou encourage des actions, attitudes ou pens\u00e9es discriminatoires fond\u00e9es sur le sexe, la race, la religion, les croyances, l&rsquo;\u00e2ge ou la condition\u00a0;<\/span><\/p>\n<p><span style=\"font-weight: 400;\">\u00a0(d) est contraire au droit \u00e0 l&rsquo;honneur, \u00e0 l&rsquo;intimit\u00e9 personnelle ou familiale ou \u00e0 l&rsquo;image de soi des personnes ;\u00a0<\/span><\/p>\n<p><span style=\"font-weight: 400;\">(e) nuire de quelque mani\u00e8re que ce soit \u00e0 la cr\u00e9dibilit\u00e9 du fournisseur ou de tiers\u00a0;\u00a0<\/span><\/p>\n<p><span style=\"font-weight: 400;\">(f) constitue une publicit\u00e9 illicite, trompeuse ou d\u00e9loyale.<\/span><\/p>\n<h2><span style=\"font-weight: 400;\">3.- EXCLUSION DE GARANTIES ET DE RESPONSABILITE\u00a0<\/span><\/h2>\n<p><span style=\"font-weight: 400;\">Le fournisseur d\u00e9cline toute responsabilit\u00e9 d\u00e9coulant des informations publi\u00e9es sur notre site Web, \u00e0 condition que ces informations aient \u00e9t\u00e9 manipul\u00e9es ou saisies par un tiers. Ce site web a \u00e9t\u00e9 examin\u00e9 et test\u00e9 pour son bon fonctionnement. En principe, le bon fonctionnement peut \u00eatre garanti 365 jours par an, 24 heures sur 24. Cependant, le fournisseur n&rsquo;exclut pas la possibilit\u00e9 que certaines erreurs de programmation puissent exister, ou que des causes de force majeure, des catastrophes naturelles, des gr\u00e8ves ou des circonstances similaires puissent survenir rendant l&rsquo;acc\u00e8s au site impossible.\u00a0<\/span><\/p>\n<p><span style=\"font-weight: 400;\">LIRPA SILICONES, S.L. n&rsquo;accorde aucune garantie et n&rsquo;est en aucun cas responsable des dommages de toute nature pouvant r\u00e9sulter du manque de disponibilit\u00e9, de maintenance et de fonctionnement efficace du site Web ou de ses services et contenus\u00a0; de l&rsquo;existence de virus, programmes malveillants ou nuisibles dans le contenu\u00a0; de l&rsquo;utilisation illicite, n\u00e9gligente, frauduleuse ou contraire de la pr\u00e9sente notice l\u00e9gale et des conditions d&rsquo;utilisation\u00a0; ou le manque de l\u00e9galit\u00e9, de qualit\u00e9, de fiabilit\u00e9, d&rsquo;utilit\u00e9 et de disponibilit\u00e9 des services fournis par des tiers et mis \u00e0 la disposition des utilisateurs sur le site web.<\/span><\/p>\n<p><span style=\"font-weight: 400;\">\u00a0Le fournisseur n&rsquo;est en aucun cas responsable des dommages pouvant r\u00e9sulter d&rsquo;une utilisation ill\u00e9gale ou inappropri\u00e9e de ce site web.\u00a0<\/span><\/p>\n<h2><span style=\"font-weight: 400;\">4.- COOKIES<\/span><\/h2>\n<p><span style=\"font-weight: 400;\">\u00a0Le site Web du fournisseur peut utiliser des cookies (petits fichiers d&rsquo;informations que le serveur envoie \u00e0 l&rsquo;ordinateur de la personne acc\u00e9dant \u00e0 la page) pour ex\u00e9cuter certaines fonctions consid\u00e9r\u00e9es comme essentielles au bon fonctionnement et \u00e0 l&rsquo;affichage du site. Les cookies utilis\u00e9s sont temporaires, dans le seul but de rendre la navigation plus efficace, et disparaissent \u00e0 la fin de la session de l&rsquo;utilisateur. En aucun cas, les cookies ne seront utilis\u00e9s pour collecter des informations personnelles. Pour plus d&rsquo;informations, consultez notre <a href=\"\/fr\/politica-cookies\/\">Politique relative aux cookies<\/a>.\u00a0<\/span><\/p>\n<h2><span style=\"font-weight: 400;\">5.- LIENS (links)<\/span><\/h2>\n<p><span style=\"font-weight: 400;\">Depuis le site web, il est possible d&rsquo;\u00eatre redirig\u00e9 vers du contenu sponsoris\u00e9, des publicit\u00e9s et \/ ou des liens provenant d&rsquo;affili\u00e9s et \/ ou de sites web tiers.<\/span><\/p>\n<p><span style=\"font-weight: 400;\">\u00a0Parmi les liens fournis, il y a la possibilit\u00e9 d&rsquo;informer ou de faire r\u00e9f\u00e9rence \u00e0 des produits et\/ou services de tiers.\u00a0 Nous ne pouvons pas contr\u00f4ler les contenus introduits par des tiers, LIRPA SILICONES, S.L. n&rsquo;assume aucune responsabilit\u00e9 pour un tel contenu, ni ne garantit l&rsquo;exp\u00e9rience, l&rsquo;int\u00e9grit\u00e9 ou la qualit\u00e9 de ses produits. Dans tous les cas, le fournisseur d\u00e9clare qu&rsquo;il proc\u00e9dera \u00e0 la suppression imm\u00e9diate de tout contenu susceptible de contrevenir au droit national ou international, aux bonnes m\u0153urs ou \u00e0 l&rsquo;ordre public, proc\u00e9dant \u00e0 la suppression imm\u00e9diate de la redirection vers ces sites, en informant les autorit\u00e9s comp\u00e9tentes le contenu en question.\u00a0<\/span><\/p>\n<p><span style=\"font-weight: 400;\">LIRPA SILICONES, S.L. affichera ces liens jusqu&rsquo;\u00e0 ce qu&rsquo;ils soient supprim\u00e9s ou suspendus par le fournisseur ou l&rsquo;annonceur, et ne sera pas responsable m\u00eame si ces annonces peuvent \u00eatre index\u00e9es par d&rsquo;autres moteurs de recherche en dehors de ce site web.\u00a0<\/span><\/p>\n<p><span style=\"font-weight: 400;\">Le fournisseur n&rsquo;est pas responsable des informations et du contenu stock\u00e9s, y compris, mais sans s&rsquo;y limiter, dans les forums, les chats, les g\u00e9n\u00e9rateurs de blogs, les commentaires, les r\u00e9seaux sociaux ou tout autre moyen permettant \u00e0 des tiers de publier du contenu de mani\u00e8re ind\u00e9pendante sur le site web du pr\u00eateur. Cependant et conform\u00e9ment aux dispositions de l&rsquo;art. 11 et 16 de la LSSICE, le fournisseur est \u00e0 la disposition de tous les utilisateurs, autorit\u00e9s et forces de s\u00e9curit\u00e9, et collabore activement au retrait ou, le cas \u00e9ch\u00e9ant, au blocage de tout contenu susceptible d&rsquo;affecter ou de contrevenir au droit national ou international, aux droits de tiers ou morale et ordre public. Dans le cas o\u00f9 l&rsquo;utilisateur consid\u00e8re qu&rsquo;il peut exister un contenu susceptible de faire l&rsquo;objet de cette classification, veuillez en informer imm\u00e9diatement l&rsquo;administrateur du site.\u00a0<\/span><\/p>\n<p><span style=\"font-weight: 400;\">\u00a0LIRPA SILICONES, S.L. vous informe que toute relation contractuelle ou non contractuelle que l&rsquo;utilisateur formalise avec ces tiers, affili\u00e9s ou annonceurs via le lien fourni par ce site, sera valable uniquement et exclusivement entre l&rsquo;utilisateur et l&rsquo;annonceur et\/ou tiers .LIRPA SILICONES , SL ne sera pas responsable des dommages ou pr\u00e9judices pouvant \u00eatre caus\u00e9s par la fourniture de services et \/ ou les relations contractuelles ou non contractuelles entre l&rsquo;utilisateur et les annonceurs ou les tiers contact\u00e9s via ce portail en tant que fournisseur, il n&rsquo;agit qu&rsquo;en tant qu&rsquo;interm\u00e9diaire ou support publicitaire.\u00a0<\/span><\/p>\n<h2><span style=\"font-weight: 400;\">6.- PROTECTION DES DONN\u00c9ES PERSONNELLES<\/span><\/h2>\n<p><span style=\"font-weight: 400;\">\u00a0Le fournisseur est profond\u00e9ment attach\u00e9 au respect de la r\u00e9glementation sur la protection des donn\u00e9es personnelles et garantit le plein respect des obligations \u00e9nonc\u00e9es, ainsi que la mise en \u0153uvre des mesures de s\u00e9curit\u00e9 pr\u00e9vues par le r\u00e8glement europ\u00e9en sur la protection des donn\u00e9es et la r\u00e9glementation espagnole sur la protection des donn\u00e9es. Pour plus d&rsquo;informations, consultez notre <a href=\"\/fr\/politica-de-privacidad\/\">Politique de confidentialit\u00e9<\/a>.<\/span><\/p>\n<h2><span style=\"font-weight: 400;\">\u00a07.- PROPRI\u00c9T\u00c9 INTELLECTUELLE ET INDUSTRIELLE\u00a0<\/span><\/h2>\n<p><span style=\"font-weight: 400;\">Le site web,\u00a0 compris mais sans s&rsquo;y limiter : la programmation, l&rsquo;\u00e9dition, la compilation et les autres \u00e9l\u00e9ments n\u00e9cessaires \u00e0 son fonctionnement, les dessins, logos, textes, photographies et\/ou graphiques sont la propri\u00e9t\u00e9 du fournisseur ou, le cas \u00e9ch\u00e9ant, a la licence ou autorisation expresse des auteurs. Le site web propose \u00e9galement des images libres de droits. Tous les contenus du site sont d\u00fbment prot\u00e9g\u00e9s par les r\u00e8gles de propri\u00e9t\u00e9 intellectuelle et industrielle.\u00a0<\/span><\/p>\n<p><span style=\"font-weight: 400;\">Quelle que soit la finalit\u00e9 pour laquelle elles ont \u00e9t\u00e9 destin\u00e9es, la reproduction totale ou partielle, l&rsquo;utilisation, la distribution et la communication publique n\u00e9cessitent l&rsquo;autorisation \u00e9crite pr\u00e9alable du fournisseur. Toute utilisation non pr\u00e9alablement autoris\u00e9e par le prestataire sera consid\u00e9r\u00e9e comme une atteinte grave aux droits de propri\u00e9t\u00e9 intellectuelle ou industrielle de l&rsquo;auteur.\u00a0<\/span><\/p>\n<p><span style=\"font-weight: 400;\">Les dessins, logos, textes et\/ou graphiques ext\u00e9rieurs au fournisseur et pouvant appara\u00eetre sur le site Web appartiennent \u00e0 leurs propri\u00e9taires respectifs, \u00e9tant eux-m\u00eames responsables de toute \u00e9ventuelle controverse pouvant survenir \u00e0 leur \u00e9gard. Dans tous les cas, le pr\u00eateur dispose de l&rsquo;autorisation expresse et pr\u00e9alable de celui-ci.<\/span><\/p>\n<p><span style=\"font-weight: 400;\">\u00a0Le prestataire reconna\u00eet au profit de ses titulaires les droits de propri\u00e9t\u00e9 industrielle et intellectuelle correspondants, n&rsquo;impliquant pas la mention ou l&rsquo;apparition sur le site, de l&rsquo;existence de droits ou d&rsquo;une quelconque responsabilit\u00e9 du prestataire sur ceux-ci, ainsi que le soutien, le parrainage ou la recommandation par le m\u00eame. Pour faire tout type d&rsquo;observation concernant d&rsquo;\u00e9ventuelles violations des droits de propri\u00e9t\u00e9 intellectuelle ou industrielle, ainsi que sur l&rsquo;un des contenus du site, vous pouvez le faire via l&rsquo;e-mail mentionn\u00e9 ci-dessus.\u00a0<\/span><\/p>\n<h2><span style=\"font-weight: 400;\">8.- LOI APPLICABLE ET JURIDICTION\u00a0<\/span><\/h2>\n<p><span style=\"font-weight: 400;\">Pour la r\u00e9solution des litiges ou des probl\u00e8mes li\u00e9s \u00e0 ce site web ou aux activit\u00e9s qui y sont men\u00e9es, la l\u00e9gislation espagnole sera applicable, \u00e0 laquelle les parties se soumettent express\u00e9ment, \u00e9tant comp\u00e9tente pour la r\u00e9solution de tous les conflits d\u00e9riv\u00e9s de ou li\u00e9s \u00e0 son utilisation par les Cours et Tribunaux de Barcelone. <\/span><\/p>\n<\/div>\n<p><!-- \/wp:paragraph --><\/p>\n","protected":false},"excerpt":{"rendered":"<p>AVERTISSEMENT JURIDIQUE\u00a0 Afin de se conformer \u00e0 l&rsquo;article 10 de la loi 34\/2002 sur les services de la soci\u00e9t\u00e9 de l&rsquo;information et le commerce \u00e9lectronique, nous informons de nos donn\u00e9es\u00a0:\u00a0 Nom de l&rsquo;entreprise : LIRPA SILICONES, S.L.\u00a0 Si\u00e8ge social : C \/ Ind\u00fastria, 113 navires L_M &#8211; Pol. Industrial Can Castells, 08420, Canovelles, Barcelone\u00a0 NIF&#8230;<\/p>\n","protected":false},"author":1,"featured_media":0,"parent":0,"menu_order":0,"comment_status":"closed","ping_status":"closed","template":"","meta":{"inline_featured_image":false,"_monsterinsights_skip_tracking":false,"_monsterinsights_sitenote_active":false,"_monsterinsights_sitenote_note":"","_monsterinsights_sitenote_category":0,"footnotes":""},"categories":[],"tags":[],"class_list":["post-1068","page","type-page","status-publish","hentry"],"yoast_head":"<!-- This site is optimized with the Yoast SEO plugin v24.2 - https:\/\/yoast.com\/wordpress\/plugins\/seo\/ -->\n<title>Aviso legal \u2013 LIRPA<\/title>\n<meta name=\"description\" content=\"AVISO LEGAL DE LAS CONDICIONES GENERALES DE USO: Aceptaci\u00f3n de los t\u00e9rminos de uso, propiedad intelectual de los contenidos...\" \/>\n<meta name=\"robots\" content=\"index, follow, max-snippet:-1, max-image-preview:large, max-video-preview:-1\" \/>\n<link rel=\"canonical\" href=\"https:\/\/lirpasilicones.com\/fr\/aviso-legal\/\" \/>\n<meta property=\"og:locale\" content=\"fr_FR\" \/>\n<meta property=\"og:type\" content=\"article\" \/>\n<meta property=\"og:title\" content=\"Aviso legal \u2013 LIRPA\" \/>\n<meta property=\"og:description\" content=\"AVISO LEGAL DE LAS CONDICIONES GENERALES DE USO: Aceptaci\u00f3n de los t\u00e9rminos de uso, propiedad intelectual de los contenidos...\" \/>\n<meta property=\"og:url\" content=\"https:\/\/lirpasilicones.com\/fr\/aviso-legal\/\" \/>\n<meta property=\"og:site_name\" content=\"LIRPA\" \/>\n<meta property=\"article:modified_time\" content=\"2025-12-18T14:16:27+00:00\" \/>\n<meta name=\"twitter:card\" content=\"summary_large_image\" \/>\n<meta name=\"twitter:label1\" content=\"Dur\u00e9e de lecture estim\u00e9e\" \/>\n\t<meta name=\"twitter:data1\" content=\"9 minutes\" \/>\n<script type=\"application\/ld+json\" class=\"yoast-schema-graph\">{\"@context\":\"https:\/\/schema.org\",\"@graph\":[{\"@type\":\"WebPage\",\"@id\":\"https:\/\/lirpasilicones.com\/fr\/aviso-legal\/\",\"url\":\"https:\/\/lirpasilicones.com\/fr\/aviso-legal\/\",\"name\":\"Aviso legal \u2013 LIRPA\",\"isPartOf\":{\"@id\":\"https:\/\/lirpasilicones.com\/#website\"},\"datePublished\":\"2015-11-12T15:29:49+00:00\",\"dateModified\":\"2025-12-18T14:16:27+00:00\",\"description\":\"AVISO LEGAL DE LAS CONDICIONES GENERALES DE USO: Aceptaci\u00f3n de los t\u00e9rminos de uso, propiedad intelectual de los contenidos...\",\"breadcrumb\":{\"@id\":\"https:\/\/lirpasilicones.com\/fr\/aviso-legal\/#breadcrumb\"},\"inLanguage\":\"fr-FR\",\"potentialAction\":[{\"@type\":\"ReadAction\",\"target\":[\"https:\/\/lirpasilicones.com\/fr\/aviso-legal\/\"]}]},{\"@type\":\"BreadcrumbList\",\"@id\":\"https:\/\/lirpasilicones.com\/fr\/aviso-legal\/#breadcrumb\",\"itemListElement\":[{\"@type\":\"ListItem\",\"position\":1,\"name\":\"Home\",\"item\":\"https:\/\/lirpasilicones.com\/fr\/\"},{\"@type\":\"ListItem\",\"position\":2,\"name\":\"Avis juridique\"}]},{\"@type\":\"WebSite\",\"@id\":\"https:\/\/lirpasilicones.com\/#website\",\"url\":\"https:\/\/lirpasilicones.com\/\",\"name\":\"LIRPA\",\"description\":\"Silicones\",\"publisher\":{\"@id\":\"https:\/\/lirpasilicones.com\/#organization\"},\"potentialAction\":[{\"@type\":\"SearchAction\",\"target\":{\"@type\":\"EntryPoint\",\"urlTemplate\":\"https:\/\/lirpasilicones.com\/?s={search_term_string}\"},\"query-input\":{\"@type\":\"PropertyValueSpecification\",\"valueRequired\":true,\"valueName\":\"search_term_string\"}}],\"inLanguage\":\"fr-FR\"},{\"@type\":\"Organization\",\"@id\":\"https:\/\/lirpasilicones.com\/#organization\",\"name\":\"Lirpa Silicones\",\"url\":\"https:\/\/lirpasilicones.com\/\",\"logo\":{\"@type\":\"ImageObject\",\"inLanguage\":\"fr-FR\",\"@id\":\"https:\/\/lirpasilicones.com\/#\/schema\/logo\/image\/\",\"url\":\"https:\/\/lirpasilicones.com\/wp-content\/uploads\/2019\/09\/Logo-LIRPA-RGB-color.png\",\"contentUrl\":\"https:\/\/lirpasilicones.com\/wp-content\/uploads\/2019\/09\/Logo-LIRPA-RGB-color.png\",\"width\":439,\"height\":112,\"caption\":\"Lirpa Silicones\"},\"image\":{\"@id\":\"https:\/\/lirpasilicones.com\/#\/schema\/logo\/image\/\"}}]}<\/script>\n<!-- \/ Yoast SEO plugin. -->","yoast_head_json":{"title":"Aviso legal \u2013 LIRPA","description":"AVISO LEGAL DE LAS CONDICIONES GENERALES DE USO: Aceptaci\u00f3n de los t\u00e9rminos de uso, propiedad intelectual de los contenidos...","robots":{"index":"index","follow":"follow","max-snippet":"max-snippet:-1","max-image-preview":"max-image-preview:large","max-video-preview":"max-video-preview:-1"},"canonical":"https:\/\/lirpasilicones.com\/fr\/aviso-legal\/","og_locale":"fr_FR","og_type":"article","og_title":"Aviso legal \u2013 LIRPA","og_description":"AVISO LEGAL DE LAS CONDICIONES GENERALES DE USO: Aceptaci\u00f3n de los t\u00e9rminos de uso, propiedad intelectual de los contenidos...","og_url":"https:\/\/lirpasilicones.com\/fr\/aviso-legal\/","og_site_name":"LIRPA","article_modified_time":"2025-12-18T14:16:27+00:00","twitter_card":"summary_large_image","twitter_misc":{"Dur\u00e9e de lecture estim\u00e9e":"9 minutes"},"schema":{"@context":"https:\/\/schema.org","@graph":[{"@type":"WebPage","@id":"https:\/\/lirpasilicones.com\/fr\/aviso-legal\/","url":"https:\/\/lirpasilicones.com\/fr\/aviso-legal\/","name":"Aviso legal \u2013 LIRPA","isPartOf":{"@id":"https:\/\/lirpasilicones.com\/#website"},"datePublished":"2015-11-12T15:29:49+00:00","dateModified":"2025-12-18T14:16:27+00:00","description":"AVISO LEGAL DE LAS CONDICIONES GENERALES DE USO: Aceptaci\u00f3n de los t\u00e9rminos de uso, propiedad intelectual de los contenidos...","breadcrumb":{"@id":"https:\/\/lirpasilicones.com\/fr\/aviso-legal\/#breadcrumb"},"inLanguage":"fr-FR","potentialAction":[{"@type":"ReadAction","target":["https:\/\/lirpasilicones.com\/fr\/aviso-legal\/"]}]},{"@type":"BreadcrumbList","@id":"https:\/\/lirpasilicones.com\/fr\/aviso-legal\/#breadcrumb","itemListElement":[{"@type":"ListItem","position":1,"name":"Home","item":"https:\/\/lirpasilicones.com\/fr\/"},{"@type":"ListItem","position":2,"name":"Avis juridique"}]},{"@type":"WebSite","@id":"https:\/\/lirpasilicones.com\/#website","url":"https:\/\/lirpasilicones.com\/","name":"LIRPA","description":"Silicones","publisher":{"@id":"https:\/\/lirpasilicones.com\/#organization"},"potentialAction":[{"@type":"SearchAction","target":{"@type":"EntryPoint","urlTemplate":"https:\/\/lirpasilicones.com\/?s={search_term_string}"},"query-input":{"@type":"PropertyValueSpecification","valueRequired":true,"valueName":"search_term_string"}}],"inLanguage":"fr-FR"},{"@type":"Organization","@id":"https:\/\/lirpasilicones.com\/#organization","name":"Lirpa Silicones","url":"https:\/\/lirpasilicones.com\/","logo":{"@type":"ImageObject","inLanguage":"fr-FR","@id":"https:\/\/lirpasilicones.com\/#\/schema\/logo\/image\/","url":"https:\/\/lirpasilicones.com\/wp-content\/uploads\/2019\/09\/Logo-LIRPA-RGB-color.png","contentUrl":"https:\/\/lirpasilicones.com\/wp-content\/uploads\/2019\/09\/Logo-LIRPA-RGB-color.png","width":439,"height":112,"caption":"Lirpa Silicones"},"image":{"@id":"https:\/\/lirpasilicones.com\/#\/schema\/logo\/image\/"}}]}},"_links":{"self":[{"href":"https:\/\/lirpasilicones.com\/fr\/wp-json\/wp\/v2\/pages\/1068","targetHints":{"allow":["GET"]}}],"collection":[{"href":"https:\/\/lirpasilicones.com\/fr\/wp-json\/wp\/v2\/pages"}],"about":[{"href":"https:\/\/lirpasilicones.com\/fr\/wp-json\/wp\/v2\/types\/page"}],"author":[{"embeddable":true,"href":"https:\/\/lirpasilicones.com\/fr\/wp-json\/wp\/v2\/users\/1"}],"replies":[{"embeddable":true,"href":"https:\/\/lirpasilicones.com\/fr\/wp-json\/wp\/v2\/comments?post=1068"}],"version-history":[{"count":16,"href":"https:\/\/lirpasilicones.com\/fr\/wp-json\/wp\/v2\/pages\/1068\/revisions"}],"predecessor-version":[{"id":5203,"href":"https:\/\/lirpasilicones.com\/fr\/wp-json\/wp\/v2\/pages\/1068\/revisions\/5203"}],"wp:attachment":[{"href":"https:\/\/lirpasilicones.com\/fr\/wp-json\/wp\/v2\/media?parent=1068"}],"wp:term":[{"taxonomy":"category","embeddable":true,"href":"https:\/\/lirpasilicones.com\/fr\/wp-json\/wp\/v2\/categories?post=1068"},{"taxonomy":"post_tag","embeddable":true,"href":"https:\/\/lirpasilicones.com\/fr\/wp-json\/wp\/v2\/tags?post=1068"}],"curies":[{"name":"wp","href":"https:\/\/api.w.org\/{rel}","templated":true}]}}