{"id":3634,"date":"2021-07-23T11:55:11","date_gmt":"2021-07-23T09:55:11","guid":{"rendered":"https:\/\/lirpasilicones.com\/moldes-panficacion\/"},"modified":"2021-12-15T17:03:41","modified_gmt":"2021-12-15T15:03:41","slug":"moldes-panficacion","status":"publish","type":"page","link":"https:\/\/lirpasilicones.com\/ca\/moldes-panficacion\/","title":{"rendered":"Motlles i carros per a panificaci\u00f3"},"content":{"rendered":"<section id=\"bt_bb_section69d860ed21cba\" class=\"bt_bb_section bt_bb_color_scheme_2 bt_bb_layout_boxed_1200 bt_bb_vertical_align_top bt_bb_top_spacing_80 bt_bb_bottom_spacing_large\" style=\"; --section-primary-color:#000000; --section-secondary-color:#ffffff;\" data-bt-override-class=\"null\"><div class=\"bt_bb_port\"><div class=\"bt_bb_cell\"><div class=\"bt_bb_cell_inner\"><div class=\"bt_bb_row \"  data-bt-override-class=\"{}\"><div class=\"bt_bb_row_holder\" ><div  class=\"bt_bb_column col-xxl-8 col-xl-8 col-xs-12 col-sm-12 col-md-12 col-lg-8 bt_bb_vertical_align_top bt_bb_align_left bt_bb_padding_normal bt_bb_animation_fade_in zoom_out animate\" style=\"; --column-width:8;\" data-width=\"8\" data-bt-override-class=\"{&quot;bt_bb_align_&quot;:{&quot;current_class&quot;:&quot;bt_bb_align_left&quot;,&quot;xxl&quot;:&quot;left&quot;,&quot;xl&quot;:&quot;left&quot;}}\"><div class=\"bt_bb_column_content\"><div class=\"bt_bb_column_content_inner\"><div class=\"bt_bb_separator bt_bb_border_style_none bt_bb_top_spacing_medium bt_bb_bottom_spacing_large bt_bb_hidden_xs\" data-bt-override-class=\"null\"><\/div><header class=\"bt_bb_headline header-with-blue-square bt_bb_color_scheme_2 bt_bb_dash_top bt_bb_subheadline bt_bb_size_inherit bt_bb_align_inherit bt_bb_hidden_xs bt_bb_hidden_ms\" style=\"; --headline-primary-color:#000000; --headline-secondary-color:#ffffff;;color:rgb(0,0,0);border-color:rgb(0,0,0);\" data-bt-override-class=\"null\"><h1><span class=\"bt_bb_headline_content\"><span>Motlles i carros per a panificaci\u00f3<span class=\"bt_bb_outline_text bt_bb_outline_text_align_center bt_bb_outline_text_size_400\"><span>Motlles<\/span><\/span><\/span><\/span><\/h1><div class=\"bt_bb_headline_subheadline\">Amb el fi d\u2019oferir una soluci\u00f3 integral al sector de la fleca, brioixeria i pastisseria, LIRPA Silicones ofereix un servei de disseny i construcci\u00f3 personalitzat de motlles i carros per a panificaci\u00f3, per cobrir les diferents necessitats de producci\u00f3.<\/p><br \/>\n<p>Oferim dos tipus de motlles o bateries per a panificaci\u00f3, d'acord amb el tipus d'acabat de pa que desitgi el client: motlles embotits o motlles plegats.<\/p><br \/>\n<p>Tamb\u00e9 disposem de dos tipus de carros per a panificaci\u00f3, depenent de la finalitat d'\u00fas: carro de cocci\u00f3 o safates.<\/div><\/header><header class=\"bt_bb_headline bt_bb_color_scheme_2 bt_bb_dash_top bt_bb_subheadline bt_bb_size_inherit bt_bb_align_inherit bt_bb_hidden_sm bt_bb_hidden_md bt_bb_hidden_lg\" style=\"; --headline-primary-color:#000000; --headline-secondary-color:#ffffff;\" data-bt-override-class=\"null\"><h1><span class=\"bt_bb_headline_content\"><span>Motlles i carros per a panificaci\u00f3<\/span><\/span><\/h1><div class=\"bt_bb_headline_subheadline\">Amb el fi d\u2019oferir una soluci\u00f3 integral al sector de la fleca, brioixeria i pastisseria, LIRPA Silicones ofereix un servei de disseny i construcci\u00f3 personalitzat de motlles i carros per a panificaci\u00f3, per cobrir les diferents necessitats de producci\u00f3.<\/p><br \/>\n<p>Oferim dos tipus de motlles o bateries per a panificaci\u00f3, d'acord amb el tipus d'acabat de pa que desitgi el client: motlles embotits o motlles plegats.<\/p><br \/>\n<p>Tamb\u00e9 disposem de dos tipus de carros per a panificaci\u00f3, depenent de la finalitat d'\u00fas: carro de cocci\u00f3 o safates.<\/div><\/header><div class=\"bt_bb_separator bt_bb_border_style_none bt_bb_bottom_spacing_60 bt_bb_hidden_xs bt_bb_hidden_ms\" data-bt-override-class=\"null\"><\/div><\/div><\/div><\/div><div  class=\"bt_bb_column col-xxl-4 col-xl-4 col-xs-12 col-sm-12 col-md-12 col-lg-4 bt_bb_vertical_align_top bt_bb_align_right bt_bb_padding_40 bt_bb_animation_fade_in zoom_out animate\" style=\"; --column-width:4;\" data-width=\"4\" data-bt-override-class=\"{&quot;bt_bb_align_&quot;:{&quot;current_class&quot;:&quot;bt_bb_align_right&quot;,&quot;xxl&quot;:&quot;right&quot;,&quot;xl&quot;:&quot;right&quot;}}\"><div class=\"bt_bb_column_content\"><div class=\"bt_bb_column_content_inner\"><div class=\"bt_bb_separator bt_bb_border_style_none bt_bb_top_spacing_80 bt_bb_bottom_spacing_20 bt_bb_hidden_xs bt_bb_hidden_ms\" data-bt-override-class=\"null\"><\/div><div class=\"bt_bb_image bt_bb_shape_square bt_bb_align_inherit bt_bb_hover_style_simple bt_bb_content_display_always bt_bb_content_align_middle bt_bb_remove_padding_yes bt_bb_fill_background_color_full bt_bb_hidden_xs bt_bb_hidden_ms\" data-bt-override-class=\"null\"><span><img src = \"https:\/\/lirpasilicones.com\/wp-content\/plugins\/bold-page-builder\/img\/blank.gif\" data-full_image_src=\"https:\/\/lirpasilicones.com\/wp-content\/uploads\/2021\/10\/carros2.jpg\" data-image_src=\"https:\/\/lirpasilicones.com\/wp-content\/uploads\/2021\/10\/carros2-1280x1838.jpg\" title=\"Carro para panificaci\u00f3n\" alt=\"Carro para panificaci\u00f3n\" class=\"btLazyLoadImage\"><\/span><\/div><div class=\"bt_bb_separator bt_bb_border_style_none bt_bb_top_spacing_80 bt_bb_bottom_spacing_20 bt_bb_hidden_xs bt_bb_hidden_ms\" data-bt-override-class=\"null\"><\/div><\/div><\/div><\/div><\/div><\/div><\/div><!-- cell_inner --><\/div><!-- cell --><\/div><!-- port --><\/section><section id=\"bt_bb_section69d860ed226bc\" class=\"bt_bb_section bt_bb_layout_boxed_1000 bt_bb_vertical_align_top bt_bb_top_spacing_40 bt_bb_bottom_spacing_40\" style=\";background-color:rgb(241,241,241);\" data-bt-override-class=\"null\"><div class=\"bt_bb_port\"><div class=\"bt_bb_cell\"><div class=\"bt_bb_cell_inner\"><div class=\"bt_bb_row  bt_bb_column_gap_25\" style=\"; --column-gap:25px;\" data-bt-override-class=\"{}\"><div class=\"bt_bb_row_holder\" ><div  class=\"bt_bb_column col-xxl-4 col-xl-4 col-xs-12 col-sm-12 col-md-12 col-lg-4 bt_bb_vertical_align_top bt_bb_align_left bt_bb_padding_text_indent bt_bb_animation_fade_in zoom_out animate\" style=\"margin-bottom: 20px;; --column-width:4;\" data-width=\"4\" data-bt-override-class=\"{&quot;bt_bb_align_&quot;:{&quot;current_class&quot;:&quot;bt_bb_align_left&quot;,&quot;xxl&quot;:&quot;left&quot;,&quot;xl&quot;:&quot;left&quot;}}\"><div class=\"bt_bb_column_content\" style=\"background-color:rgb(255,255,255);\"><div class=\"bt_bb_column_content_inner\"><div class=\"bt_bb_image bt_bb_shape_square bt_bb_align_inherit bt_bb_hover_style_simple bt_bb_content_display_always bt_bb_content_align_bottom bt_bb_remove_padding_yes bt_bb_fill_background_color_full\" style=\"height:180px; overflow: hidden;\" data-bt-override-class=\"null\"><span><img src = \"https:\/\/lirpasilicones.com\/wp-content\/plugins\/bold-page-builder\/img\/blank.gif\" data-full_image_src=\"https:\/\/lirpasilicones.com\/wp-content\/uploads\/2021\/11\/molde_embutido_v2.png\" data-image_src=\"https:\/\/lirpasilicones.com\/wp-content\/uploads\/2021\/11\/molde_embutido_v2-1280x787.png\" title=\"molde_embutido_v2\" alt=\"Molde embutido\" class=\"btLazyLoadImage\"><\/span><\/div><div class=\"bt_bb_separator bt_bb_border_style_none bt_bb_bottom_spacing_25\" data-bt-override-class=\"null\"><\/div><header class=\"bt_bb_headline bt_bb_dash_none bt_bb_subheadline bt_bb_size_small bt_bb_align_inherit\" data-bt-override-class=\"null\"><h2><span class=\"bt_bb_headline_content\"><span>Motlle embotit<\/span><\/span><\/h2><div class=\"bt_bb_headline_subheadline\">Motlle embotit: els motlles estan fabricats amb xapa d'acer aluminitzat de 1mm de gruix. Tamb\u00e9 hi ha l'opci\u00f3 de motlle amb tapa, fabricades amb xapa d'acer aluminitzat de 1,5 mm de gruix.<\/div><\/header><div class=\"bt_bb_separator bt_bb_border_style_none bt_bb_bottom_spacing_25\" data-bt-override-class=\"null\"><\/div><\/div><\/div><\/div><div  class=\"bt_bb_column col-xxl-4 col-xl-4 col-xs-12 col-sm-12 col-md-12 col-lg-4 bt_bb_vertical_align_top bt_bb_align_left bt_bb_padding_text_indent bt_bb_animation_fade_in zoom_out animate\" style=\"margin-bottom: 20px;; --column-width:4;\" data-width=\"4\" data-bt-override-class=\"{&quot;bt_bb_align_&quot;:{&quot;current_class&quot;:&quot;bt_bb_align_left&quot;,&quot;xxl&quot;:&quot;left&quot;,&quot;xl&quot;:&quot;left&quot;}}\"><div class=\"bt_bb_column_content\" style=\"background-color:rgb(255,255,255);\"><div class=\"bt_bb_column_content_inner\"><div class=\"bt_bb_image bt_bb_shape_square bt_bb_align_inherit bt_bb_hover_style_simple bt_bb_content_display_always bt_bb_content_align_bottom bt_bb_remove_padding_yes bt_bb_fill_background_color_full\" style=\"height:180px; overflow: hidden;\" data-bt-override-class=\"null\"><span><img src = \"https:\/\/lirpasilicones.com\/wp-content\/plugins\/bold-page-builder\/img\/blank.gif\" data-full_image_src=\"https:\/\/lirpasilicones.com\/wp-content\/uploads\/2021\/10\/molde-plegado.png\" data-image_src=\"https:\/\/lirpasilicones.com\/wp-content\/uploads\/2021\/10\/molde-plegado-1280x678.png\" title=\"molde-plegado\" alt=\"https:\/\/lirpasilicones.com\/wp-content\/uploads\/2021\/10\/molde-plegado-1280x678.png\" class=\"btLazyLoadImage\"><\/span><\/div><div class=\"bt_bb_separator bt_bb_border_style_none bt_bb_bottom_spacing_25\" data-bt-override-class=\"null\"><\/div><header class=\"bt_bb_headline bt_bb_dash_none bt_bb_subheadline bt_bb_size_small bt_bb_align_inherit\" data-bt-override-class=\"null\"><h2><span class=\"bt_bb_headline_content\"><span>Motlle plegat<\/span><\/span><\/h2><div class=\"bt_bb_headline_subheadline\">Motlle plegat: els motlles estan fabricats amb xapa d'acer aluminitzat de 0,8mm de gruix. Tamb\u00e9 hi ha l'opci\u00f3 de motlle amb tapa, fabricades amb xapa d'acer aluminitzat de 1,5 mm de gruix.<\/div><\/header><div class=\"bt_bb_separator bt_bb_border_style_none bt_bb_bottom_spacing_25\" data-bt-override-class=\"null\"><\/div><\/div><\/div><\/div><div  class=\"bt_bb_column col-xxl-4 col-xl-4 col-xs-12 col-sm-12 col-md-12 col-lg-4 bt_bb_vertical_align_top bt_bb_align_left bt_bb_padding_text_indent bt_bb_animation_fade_in zoom_out animate\" style=\"margin-bottom: 20px;; --column-width:4;\" data-width=\"4\" data-bt-override-class=\"{&quot;bt_bb_align_&quot;:{&quot;current_class&quot;:&quot;bt_bb_align_left&quot;,&quot;xxl&quot;:&quot;left&quot;,&quot;xl&quot;:&quot;left&quot;}}\"><div class=\"bt_bb_column_content\" style=\"background-color:rgb(255,255,255);\"><div class=\"bt_bb_column_content_inner\"><div class=\"bt_bb_image bt_bb_shape_square bt_bb_align_inherit bt_bb_hover_style_simple bt_bb_content_display_always bt_bb_content_align_bottom bt_bb_remove_padding_yes bt_bb_fill_background_color_full\" style=\"height:180px; overflow: hidden;\" data-bt-override-class=\"null\"><span><img src = \"https:\/\/lirpasilicones.com\/wp-content\/plugins\/bold-page-builder\/img\/blank.gif\" data-full_image_src=\"https:\/\/lirpasilicones.com\/wp-content\/uploads\/2021\/10\/carrospanifiacion.jpg\" data-image_src=\"https:\/\/lirpasilicones.com\/wp-content\/uploads\/2021\/10\/carrospanifiacion-1280x803.jpg\" title=\"carrospanifiacion\" alt=\"https:\/\/lirpasilicones.com\/wp-content\/uploads\/2021\/10\/carrospanifiacion-1280x803.jpg\" class=\"btLazyLoadImage\"><\/span><\/div><div class=\"bt_bb_separator bt_bb_border_style_none bt_bb_bottom_spacing_25\" data-bt-override-class=\"null\"><\/div><header class=\"bt_bb_headline bt_bb_dash_none bt_bb_subheadline bt_bb_size_small bt_bb_align_inherit\" data-bt-override-class=\"null\"><h2><span class=\"bt_bb_headline_content\"><span>Carro de cocci\u00f3 o carro safates<\/span><\/span><\/h2><div class=\"bt_bb_headline_subheadline\">Carro de cocci\u00f3 o carro safates: carros constru\u00efts en acer inoxidable, amb rodes fen\u00f2liques que suporten temperatures de fins a 280 C (536 o F). Caracter\u00edstiques personalitzables: nombre de guies, guies amb o sense l\u00edmit, guia simple o doble i \/ o el gruix de la guia).<br \/><br \/>\nConstrucci\u00f3 de carro de cocci\u00f3: per TOTES LES MARQUES DE FORNS.<\/div><\/header><div class=\"bt_bb_separator bt_bb_border_style_none bt_bb_bottom_spacing_25\" data-bt-override-class=\"null\"><\/div><\/div><\/div><\/div><\/div><\/div><\/div><!-- cell_inner --><\/div><!-- cell --><\/div><!-- port --><\/section><section id=\"bt_bb_section69d860ed23824\" class=\"bt_bb_section bt_bb_layout_boxed_1200 bt_bb_vertical_align_top bt_bb_top_spacing_30\"  data-bt-override-class=\"null\"><div class=\"bt_bb_port\"><div class=\"bt_bb_cell\"><div class=\"bt_bb_cell_inner\"><div class=\"bt_bb_row \"  data-bt-override-class=\"{}\"><div class=\"bt_bb_row_holder\" ><div  class=\"bt_bb_column col-xxl-8 col-xl-8 col-xs-12 col-sm-12 col-md-12 col-lg-8 bt_bb_vertical_align_top bt_bb_align_left bt_bb_padding_normal bt_bb_animation_fade_in animate\" style=\"; --column-width:8;\" data-width=\"8\" data-bt-override-class=\"{&quot;bt_bb_align_&quot;:{&quot;current_class&quot;:&quot;bt_bb_align_left&quot;,&quot;xxl&quot;:&quot;left&quot;,&quot;xl&quot;:&quot;left&quot;}}\"><div class=\"bt_bb_column_content\"><div class=\"bt_bb_column_content_inner\"><div class=\"bt_bb_separator bt_bb_border_style_none bt_bb_bottom_spacing_40\" data-bt-override-class=\"null\"><\/div><header class=\"bt_bb_headline bt_bb_dash_none bt_bb_size_normal bt_bb_align_inherit\" data-bt-override-class=\"null\"><h2><span class=\"bt_bb_headline_content\"><span>Preguntes Frequents:<span class=\"bt_bb_outline_text bt_bb_outline_text_align_inherit bt_bb_outline_text_size_inherit\"><span>FAQ<\/span><\/span><\/span><\/span><\/h2><\/header><div class=\"bt_bb_separator bt_bb_border_style_none bt_bb_bottom_spacing_30\" data-bt-override-class=\"null\"><\/div><div class=\"bt_bb_accordion bt_bb_color_scheme_5 bt_bb_style_simple bt_bb_shape_square\" style=\"; --accordion-primary-color:#000000; --accordion-secondary-color:#003b68;\"><div class=\"bt_bb_accordion_item\"><div class=\"bt_bb_accordion_item_title\">Quina difer\u00e8ncia hi ha entre els motlles plegats i embotits?<\/div><div class=\"bt_bb_accordion_item_content\"><div  class=\"bt_bb_text\" ><\/p>\n<p><span style=\"font-weight: 400;\">La difer\u00e8ncia m\u00e9s important \u00e9s l&#8217;acabat inferior de el pa. En el cas de motlle plegat, la llesca de pa \u00e9s totalment quadrada o a escaire. I en el cas de motlle embotit, la llesca \u00e9s arrodonida.\u00a0\u00a0<\/span><\/p>\n<p>\n<\/div><\/div><\/div><div class=\"bt_bb_accordion_item\"><div class=\"bt_bb_accordion_item_title\">Hi ha algun problema t\u00e8cnic que pogu\u00e9s afectar el recobriment si es produeix pa amb llavors, fruits secs, etc?<\/div><div class=\"bt_bb_accordion_item_content\"><div  class=\"bt_bb_text\" ><\/p>\n<p><span style=\"font-weight: 400;\">No, no hi ha cap problema t\u00e8cnic que pugui afectar el recobriment dels motlles.<\/span><\/p>\n<p>\n<\/div><\/div><\/div><div class=\"bt_bb_accordion_item\"><div class=\"bt_bb_accordion_item_title\">Quin tipus de carro s'ha de fer servir per coure pa?<\/div><div class=\"bt_bb_accordion_item_content\"><div  class=\"bt_bb_text\" ><\/p>\n<p><span style=\"font-weight: 400;\">S\u00b4han de fer servir carros de cocci\u00f3 d\u2019acer inoxidable.<\/span><\/p>\n<p>\n<\/div><\/div><\/div><\/div><div class=\"bt_bb_separator bt_bb_border_style_none bt_bb_bottom_spacing_30\" data-bt-override-class=\"null\"><\/div><\/div><\/div><\/div><div  class=\"bt_bb_column col-xxl-4 col-xl-4 col-xs-12 col-sm-12 col-md-12 col-lg-4 bt_bb_vertical_align_top bt_bb_align_left bt_bb_padding_normal\" style=\"; --column-width:4;\" data-width=\"4\" data-bt-override-class=\"{}\"><div class=\"bt_bb_column_content\"><div class=\"bt_bb_column_content_inner\"><div class=\"bt_bb_separator bt_bb_border_style_none bt_bb_bottom_spacing_40\" data-bt-override-class=\"null\"><\/div><div class=\"bt_bb_image bt_bb_shape_square bt_bb_align_inherit bt_bb_hover_style_simple bt_bb_content_display_always bt_bb_content_align_middle bt_bb_remove_padding_yes bt_bb_fill_background_color_full\" data-bt-override-class=\"null\"><span><img src = \"https:\/\/lirpasilicones.com\/wp-content\/plugins\/bold-page-builder\/img\/blank.gif\" data-full_image_src=\"https:\/\/lirpasilicones.com\/wp-content\/uploads\/2021\/10\/surtido_panes.png\" data-image_src=\"https:\/\/lirpasilicones.com\/wp-content\/uploads\/2021\/10\/surtido_panes-1164x1280.png\" title=\"surtido_panes\" alt=\"https:\/\/lirpasilicones.com\/wp-content\/uploads\/2021\/10\/surtido_panes-1164x1280.png\" class=\"btLazyLoadImage\"><\/span><\/div><div class=\"bt_bb_separator bt_bb_border_style_none bt_bb_bottom_spacing_30\" data-bt-override-class=\"null\"><\/div><\/div><\/div><\/div><\/div><\/div><\/div><!-- cell_inner --><\/div><!-- cell --><\/div><!-- port --><\/section>\n","protected":false},"excerpt":{"rendered":"Motlles i carros per a panificaci\u00f3MotllesAmb el fi d\u2019oferir una soluci\u00f3 integral al sector de la fleca, brioixeria i pastisseria, LIRPA Silicones ofereix un servei de disseny i construcci\u00f3 personalitzat de motlles i carros per a panificaci\u00f3, per cobrir les diferents necessitats de producci\u00f3. Oferim dos tipus de motlles o bateries per a panificaci\u00f3, d'acord...","protected":false},"author":1002,"featured_media":0,"parent":0,"menu_order":0,"comment_status":"closed","ping_status":"closed","template":"","meta":{"inline_featured_image":false,"_monsterinsights_skip_tracking":false,"_monsterinsights_sitenote_active":false,"_monsterinsights_sitenote_note":"","_monsterinsights_sitenote_category":0,"footnotes":""},"categories":[],"tags":[],"class_list":["post-3634","page","type-page","status-publish","hentry"],"yoast_head":"<!-- This site is optimized with the Yoast SEO plugin v24.2 - https:\/\/yoast.com\/wordpress\/plugins\/seo\/ -->\n<title>Motlles i carros per a panificaci\u00f3 &#8211; LIRPA<\/title>\n<meta name=\"description\" content=\"Especialistas en moldes para panificaci\u00f3n. M\u00e1s de 30 a\u00f1os de experiencia. \u00a1Pide presupuesto!\" \/>\n<meta name=\"robots\" content=\"index, follow, max-snippet:-1, max-image-preview:large, max-video-preview:-1\" \/>\n<link rel=\"canonical\" href=\"https:\/\/lirpasilicones.com\/ca\/moldes-panficacion\/\" \/>\n<meta property=\"og:locale\" content=\"es_ES\" \/>\n<meta property=\"og:type\" content=\"article\" \/>\n<meta property=\"og:title\" content=\"Motlles i carros per a panificaci\u00f3 &#8211; LIRPA\" \/>\n<meta property=\"og:description\" content=\"Especialistas en moldes para panificaci\u00f3n. M\u00e1s de 30 a\u00f1os de experiencia. \u00a1Pide presupuesto!\" \/>\n<meta property=\"og:url\" content=\"https:\/\/lirpasilicones.com\/ca\/moldes-panficacion\/\" \/>\n<meta property=\"og:site_name\" content=\"LIRPA\" \/>\n<meta property=\"article:modified_time\" content=\"2021-12-15T15:03:41+00:00\" \/>\n<meta property=\"og:image\" content=\"https:\/\/lirpasilicones.com\/wp-content\/uploads\/2021\/10\/carros2.jpg\" \/>\n<meta name=\"twitter:card\" content=\"summary_large_image\" \/>\n<meta name=\"twitter:label1\" content=\"Est. reading time\" \/>\n\t<meta name=\"twitter:data1\" content=\"4 minutes\" \/>\n<script type=\"application\/ld+json\" class=\"yoast-schema-graph\">{\"@context\":\"https:\/\/schema.org\",\"@graph\":[{\"@type\":\"WebPage\",\"@id\":\"https:\/\/lirpasilicones.com\/ca\/moldes-panficacion\/\",\"url\":\"https:\/\/lirpasilicones.com\/ca\/moldes-panficacion\/\",\"name\":\"Motlles i carros per a panificaci\u00f3 &#8211; LIRPA\",\"isPartOf\":{\"@id\":\"https:\/\/lirpasilicones.com\/#website\"},\"datePublished\":\"2021-07-23T09:55:11+00:00\",\"dateModified\":\"2021-12-15T15:03:41+00:00\",\"description\":\"Especialistas en moldes para panificaci\u00f3n. M\u00e1s de 30 a\u00f1os de experiencia. \u00a1Pide presupuesto!\",\"breadcrumb\":{\"@id\":\"https:\/\/lirpasilicones.com\/ca\/moldes-panficacion\/#breadcrumb\"},\"inLanguage\":\"es-CA\",\"potentialAction\":[{\"@type\":\"ReadAction\",\"target\":[\"https:\/\/lirpasilicones.com\/ca\/moldes-panficacion\/\"]}]},{\"@type\":\"BreadcrumbList\",\"@id\":\"https:\/\/lirpasilicones.com\/ca\/moldes-panficacion\/#breadcrumb\",\"itemListElement\":[{\"@type\":\"ListItem\",\"position\":1,\"name\":\"Home\",\"item\":\"https:\/\/lirpasilicones.com\/ca\/\"},{\"@type\":\"ListItem\",\"position\":2,\"name\":\"Motlles i carros per a panificaci\u00f3\"}]},{\"@type\":\"WebSite\",\"@id\":\"https:\/\/lirpasilicones.com\/#website\",\"url\":\"https:\/\/lirpasilicones.com\/\",\"name\":\"LIRPA\",\"description\":\"Silicones\",\"publisher\":{\"@id\":\"https:\/\/lirpasilicones.com\/#organization\"},\"potentialAction\":[{\"@type\":\"SearchAction\",\"target\":{\"@type\":\"EntryPoint\",\"urlTemplate\":\"https:\/\/lirpasilicones.com\/?s={search_term_string}\"},\"query-input\":{\"@type\":\"PropertyValueSpecification\",\"valueRequired\":true,\"valueName\":\"search_term_string\"}}],\"inLanguage\":\"es-CA\"},{\"@type\":\"Organization\",\"@id\":\"https:\/\/lirpasilicones.com\/#organization\",\"name\":\"Lirpa Silicones\",\"url\":\"https:\/\/lirpasilicones.com\/\",\"logo\":{\"@type\":\"ImageObject\",\"inLanguage\":\"es-CA\",\"@id\":\"https:\/\/lirpasilicones.com\/#\/schema\/logo\/image\/\",\"url\":\"https:\/\/lirpasilicones.com\/wp-content\/uploads\/2019\/09\/Logo-LIRPA-RGB-color.png\",\"contentUrl\":\"https:\/\/lirpasilicones.com\/wp-content\/uploads\/2019\/09\/Logo-LIRPA-RGB-color.png\",\"width\":439,\"height\":112,\"caption\":\"Lirpa Silicones\"},\"image\":{\"@id\":\"https:\/\/lirpasilicones.com\/#\/schema\/logo\/image\/\"}}]}<\/script>\n<!-- \/ Yoast SEO plugin. -->","yoast_head_json":{"title":"Motlles i carros per a panificaci\u00f3 &#8211; LIRPA","description":"Especialistas en moldes para panificaci\u00f3n. M\u00e1s de 30 a\u00f1os de experiencia. \u00a1Pide presupuesto!","robots":{"index":"index","follow":"follow","max-snippet":"max-snippet:-1","max-image-preview":"max-image-preview:large","max-video-preview":"max-video-preview:-1"},"canonical":"https:\/\/lirpasilicones.com\/ca\/moldes-panficacion\/","og_locale":"es_ES","og_type":"article","og_title":"Motlles i carros per a panificaci\u00f3 &#8211; LIRPA","og_description":"Especialistas en moldes para panificaci\u00f3n. M\u00e1s de 30 a\u00f1os de experiencia. \u00a1Pide presupuesto!","og_url":"https:\/\/lirpasilicones.com\/ca\/moldes-panficacion\/","og_site_name":"LIRPA","article_modified_time":"2021-12-15T15:03:41+00:00","og_image":[{"url":"https:\/\/lirpasilicones.com\/wp-content\/uploads\/2021\/10\/carros2.jpg","type":"","width":"","height":""}],"twitter_card":"summary_large_image","twitter_misc":{"Est. reading time":"4 minutes"},"schema":{"@context":"https:\/\/schema.org","@graph":[{"@type":"WebPage","@id":"https:\/\/lirpasilicones.com\/ca\/moldes-panficacion\/","url":"https:\/\/lirpasilicones.com\/ca\/moldes-panficacion\/","name":"Motlles i carros per a panificaci\u00f3 &#8211; LIRPA","isPartOf":{"@id":"https:\/\/lirpasilicones.com\/#website"},"datePublished":"2021-07-23T09:55:11+00:00","dateModified":"2021-12-15T15:03:41+00:00","description":"Especialistas en moldes para panificaci\u00f3n. M\u00e1s de 30 a\u00f1os de experiencia. \u00a1Pide presupuesto!","breadcrumb":{"@id":"https:\/\/lirpasilicones.com\/ca\/moldes-panficacion\/#breadcrumb"},"inLanguage":"es-CA","potentialAction":[{"@type":"ReadAction","target":["https:\/\/lirpasilicones.com\/ca\/moldes-panficacion\/"]}]},{"@type":"BreadcrumbList","@id":"https:\/\/lirpasilicones.com\/ca\/moldes-panficacion\/#breadcrumb","itemListElement":[{"@type":"ListItem","position":1,"name":"Home","item":"https:\/\/lirpasilicones.com\/ca\/"},{"@type":"ListItem","position":2,"name":"Motlles i carros per a panificaci\u00f3"}]},{"@type":"WebSite","@id":"https:\/\/lirpasilicones.com\/#website","url":"https:\/\/lirpasilicones.com\/","name":"LIRPA","description":"Silicones","publisher":{"@id":"https:\/\/lirpasilicones.com\/#organization"},"potentialAction":[{"@type":"SearchAction","target":{"@type":"EntryPoint","urlTemplate":"https:\/\/lirpasilicones.com\/?s={search_term_string}"},"query-input":{"@type":"PropertyValueSpecification","valueRequired":true,"valueName":"search_term_string"}}],"inLanguage":"es-CA"},{"@type":"Organization","@id":"https:\/\/lirpasilicones.com\/#organization","name":"Lirpa Silicones","url":"https:\/\/lirpasilicones.com\/","logo":{"@type":"ImageObject","inLanguage":"es-CA","@id":"https:\/\/lirpasilicones.com\/#\/schema\/logo\/image\/","url":"https:\/\/lirpasilicones.com\/wp-content\/uploads\/2019\/09\/Logo-LIRPA-RGB-color.png","contentUrl":"https:\/\/lirpasilicones.com\/wp-content\/uploads\/2019\/09\/Logo-LIRPA-RGB-color.png","width":439,"height":112,"caption":"Lirpa Silicones"},"image":{"@id":"https:\/\/lirpasilicones.com\/#\/schema\/logo\/image\/"}}]}},"_links":{"self":[{"href":"https:\/\/lirpasilicones.com\/ca\/wp-json\/wp\/v2\/pages\/3634","targetHints":{"allow":["GET"]}}],"collection":[{"href":"https:\/\/lirpasilicones.com\/ca\/wp-json\/wp\/v2\/pages"}],"about":[{"href":"https:\/\/lirpasilicones.com\/ca\/wp-json\/wp\/v2\/types\/page"}],"author":[{"embeddable":true,"href":"https:\/\/lirpasilicones.com\/ca\/wp-json\/wp\/v2\/users\/1002"}],"replies":[{"embeddable":true,"href":"https:\/\/lirpasilicones.com\/ca\/wp-json\/wp\/v2\/comments?post=3634"}],"version-history":[{"count":23,"href":"https:\/\/lirpasilicones.com\/ca\/wp-json\/wp\/v2\/pages\/3634\/revisions"}],"predecessor-version":[{"id":5082,"href":"https:\/\/lirpasilicones.com\/ca\/wp-json\/wp\/v2\/pages\/3634\/revisions\/5082"}],"wp:attachment":[{"href":"https:\/\/lirpasilicones.com\/ca\/wp-json\/wp\/v2\/media?parent=3634"}],"wp:term":[{"taxonomy":"category","embeddable":true,"href":"https:\/\/lirpasilicones.com\/ca\/wp-json\/wp\/v2\/categories?post=3634"},{"taxonomy":"post_tag","embeddable":true,"href":"https:\/\/lirpasilicones.com\/ca\/wp-json\/wp\/v2\/tags?post=3634"}],"curies":[{"name":"wp","href":"https:\/\/api.w.org\/{rel}","templated":true}]}}