{"id":3449,"date":"2020-10-26T12:23:18","date_gmt":"2020-10-26T10:23:18","guid":{"rendered":"https:\/\/lirpasilicones.com\/bandejas\/"},"modified":"2021-12-15T16:55:18","modified_gmt":"2021-12-15T14:55:18","slug":"bandejas","status":"publish","type":"page","link":"https:\/\/lirpasilicones.com\/ca\/bandejas\/","title":{"rendered":"Safates per a panificaci\u00f3"},"content":{"rendered":"<section id=\"bt_bb_section69d02d9827219\" class=\"bt_bb_section bt_bb_color_scheme_2 bt_bb_layout_boxed_1200 bt_bb_vertical_align_top bt_bb_top_spacing_80 bt_bb_bottom_spacing_large\" style=\"; --section-primary-color:#000000; --section-secondary-color:#ffffff;\" data-bt-override-class=\"null\"><div class=\"bt_bb_port\"><div class=\"bt_bb_cell\"><div class=\"bt_bb_cell_inner\"><div class=\"bt_bb_row \"  data-bt-override-class=\"{}\"><div class=\"bt_bb_row_holder\" ><div  class=\"bt_bb_column col-xxl-8 col-xl-8 col-xs-12 col-sm-12 col-md-12 col-lg-8 bt_bb_vertical_align_top bt_bb_align_left bt_bb_padding_normal bt_bb_animation_fade_in zoom_out animate\" style=\"; --column-width:8;\" data-width=\"8\" data-bt-override-class=\"{&quot;bt_bb_align_&quot;:{&quot;current_class&quot;:&quot;bt_bb_align_left&quot;,&quot;xxl&quot;:&quot;left&quot;,&quot;xl&quot;:&quot;left&quot;}}\"><div class=\"bt_bb_column_content\"><div class=\"bt_bb_column_content_inner\"><div class=\"bt_bb_separator bt_bb_border_style_none bt_bb_top_spacing_medium bt_bb_bottom_spacing_large bt_bb_hidden_xs\" data-bt-override-class=\"null\"><\/div><header class=\"bt_bb_headline header-with-blue-square bt_bb_color_scheme_2 bt_bb_dash_top bt_bb_subheadline bt_bb_size_inherit bt_bb_align_inherit bt_bb_hidden_xs bt_bb_hidden_ms\" style=\"; --headline-primary-color:#000000; --headline-secondary-color:#ffffff;;color:rgb(0,0,0);border-color:rgb(0,0,0);\" data-bt-override-class=\"null\"><h1><span class=\"bt_bb_headline_content\"><span>Safates per a panificaci\u00f3<span class=\"bt_bb_outline_text bt_bb_outline_text_align_inherit bt_bb_outline_text_size_inherit\"><span>Safates<\/span><\/span><\/span><\/span><\/h1><div class=\"bt_bb_headline_subheadline\">Per tal d'oferir una soluci\u00f3 integral al sector de la fleca i brioixeria, LIRPA Silicones ofereix un servei de disseny i construcci\u00f3 personalitzat de safates per a panificaci\u00f3, per cobrir les diferents necessitats de producci\u00f3.<\/p><br \/>\n<p>Disposem de tot tipus de safates, mesures est\u00e0ndard o disseny personalitzat.<\/div><\/header><header class=\"bt_bb_headline bt_bb_color_scheme_2 bt_bb_dash_top bt_bb_subheadline bt_bb_size_large bt_bb_align_inherit bt_bb_hidden_sm bt_bb_hidden_md bt_bb_hidden_lg\" style=\"; --headline-primary-color:#000000; --headline-secondary-color:#ffffff;;color:rgb(0,0,0);border-color:rgb(0,0,0);\" data-bt-override-class=\"null\"><h1><span class=\"bt_bb_headline_content\"><span>Safates per a panificaci\u00f3<\/span><\/span><\/h1><div class=\"bt_bb_headline_subheadline\">Per tal d'oferir una soluci\u00f3 integral al sector de la fleca i brioixeria, LIRPA Silicones ofereix un servei de disseny i construcci\u00f3 personalitzat de safates per a panificaci\u00f3, per cobrir les diferents necessitats de producci\u00f3.<\/p><br \/>\n<p>Disposem de tot tipus de safates, mesures est\u00e0ndard o disseny personalitzat.<\/div><\/header><div class=\"bt_bb_separator bt_bb_border_style_none bt_bb_top_spacing_60 bt_bb_hidden_xs bt_bb_hidden_ms\" data-bt-override-class=\"null\"><\/div><\/div><\/div><\/div><div  class=\"bt_bb_column col-xxl-4 col-xl-4 col-xs-12 col-sm-12 col-md-12 col-lg-4 bt_bb_vertical_align_top bt_bb_align_right bt_bb_padding_40 bt_bb_animation_fade_in zoom_out animate\" style=\"; --column-width:4;\" data-width=\"4\" data-bt-override-class=\"{&quot;bt_bb_align_&quot;:{&quot;current_class&quot;:&quot;bt_bb_align_right&quot;,&quot;xxl&quot;:&quot;right&quot;,&quot;xl&quot;:&quot;right&quot;}}\"><div class=\"bt_bb_column_content\"><div class=\"bt_bb_column_content_inner\"><div class=\"bt_bb_separator bt_bb_border_style_none bt_bb_top_spacing_80 bt_bb_bottom_spacing_20 bt_bb_hidden_xs bt_bb_hidden_ms\" data-bt-override-class=\"null\"><\/div><div class=\"bt_bb_image bt_bb_shape_square bt_bb_align_inherit bt_bb_hover_style_simple bt_bb_content_display_always bt_bb_content_align_middle bt_bb_remove_padding_yes bt_bb_fill_background_color_full bt_bb_hidden_xs bt_bb_hidden_ms\" style=\"margin-top: 100px;\" data-bt-override-class=\"null\"><span><img src = \"https:\/\/lirpasilicones.com\/wp-content\/plugins\/bold-page-builder\/img\/blank.gif\" data-full_image_src=\"https:\/\/lirpasilicones.com\/wp-content\/uploads\/2021\/10\/bandejas-para-panificacion_header.jpg\" data-image_src=\"https:\/\/lirpasilicones.com\/wp-content\/uploads\/2021\/10\/bandejas-para-panificacion_header.jpg\" title=\"bandejas para panificaci\u00f3n_header\" alt=\"Bandejas para panificaci\u00f3n\" class=\"btLazyLoadImage\"><\/span><\/div><div class=\"bt_bb_separator bt_bb_border_style_none bt_bb_top_spacing_80 bt_bb_bottom_spacing_20 bt_bb_hidden_xs bt_bb_hidden_ms\" data-bt-override-class=\"null\"><\/div><\/div><\/div><\/div><\/div><\/div><\/div><!-- cell_inner --><\/div><!-- cell --><\/div><!-- port --><\/section><section id=\"bt_bb_section69d02d9827a1e\" class=\"bt_bb_section bt_bb_layout_boxed_1500 bt_bb_vertical_align_top bt_bb_top_spacing_30 bt_bb_bottom_spacing_30\" style=\";background-color:rgb(241,241,241);\" data-bt-override-class=\"null\"><div class=\"bt_bb_port\"><div class=\"bt_bb_cell\"><div class=\"bt_bb_cell_inner\"><div class=\"bt_bb_row  bt_bb_column_gap_10\" style=\"margin-top: -20px;; --column-gap:10px;\" data-bt-override-class=\"{}\"><div class=\"bt_bb_row_holder\" ><div  class=\"bt_bb_column col-xxl-3 col-xl-3 col-xs-12 col-sm-6 col-md-6 col-lg-3 product-col bt_bb_vertical_align_top bt_bb_align_left bt_bb_padding_text_indent bt_bb_animation_fade_in zoom_out animate\" style=\"; --column-width:3;\" data-width=\"3\" data-bt-override-class=\"{&quot;bt_bb_align_&quot;:{&quot;current_class&quot;:&quot;bt_bb_align_left&quot;,&quot;xxl&quot;:&quot;left&quot;,&quot;xl&quot;:&quot;left&quot;}}\"><div class=\"bt_bb_column_content\" style=\"background-color:rgb(255,255,255);\"><div class=\"bt_bb_column_content_inner\"><div class=\"bt_bb_image bt_bb_shape_square bt_bb_align_inherit bt_bb_hover_style_simple bt_bb_content_display_always bt_bb_content_align_bottom bt_bb_remove_padding_yes bt_bb_fill_background_color_full\" style=\"height:150px; overflow: hidden;\" data-bt-override-class=\"null\"><span><img src = \"https:\/\/lirpasilicones.com\/wp-content\/plugins\/bold-page-builder\/img\/blank.gif\" data-full_image_src=\"https:\/\/lirpasilicones.com\/wp-content\/uploads\/2021\/09\/bandeja_aluminio.png\" data-image_src=\"https:\/\/lirpasilicones.com\/wp-content\/uploads\/2021\/09\/bandeja_aluminio.png\" title=\"bandeja_aluminio\" alt=\"bandeja aluminio\" class=\"btLazyLoadImage\"><\/span><\/div><div class=\"bt_bb_separator bt_bb_border_style_none bt_bb_bottom_spacing_25\" data-bt-override-class=\"null\"><\/div><header class=\"bt_bb_headline bt_bb_dash_none bt_bb_subheadline bt_bb_size_small bt_bb_align_inherit\" data-bt-override-class=\"null\"><h2><span class=\"bt_bb_headline_content\"><span>Safates amb marc d'alumini<\/span><\/span><\/h2><div class=\"bt_bb_headline_subheadline\">Safates amb marc d'alumini amb xapa d'alumini d'1 mm de gruix amb perforat de 1,5 mm de di\u00e0metre, acanalades o planes:<br \/><br \/>\n- Soldada<br \/><br \/>\n- Prisada<br \/><br \/>\n- Amb reblons d'alumini<\/div><\/header><div class=\"bt_bb_separator bt_bb_border_style_none bt_bb_bottom_spacing_25\" data-bt-override-class=\"null\"><\/div><\/div><\/div><\/div><div  class=\"bt_bb_column col-xxl-3 col-xl-3 col-xs-12 col-sm-6 col-md-6 col-lg-3 product-col bt_bb_vertical_align_top bt_bb_align_left bt_bb_padding_text_indent bt_bb_animation_fade_in zoom_out animate\" style=\"; --column-width:3;\" data-width=\"3\" data-bt-override-class=\"{&quot;bt_bb_align_&quot;:{&quot;current_class&quot;:&quot;bt_bb_align_left&quot;,&quot;xxl&quot;:&quot;left&quot;,&quot;xl&quot;:&quot;left&quot;}}\"><div class=\"bt_bb_column_content\" style=\"background-color:rgb(255,255,255);\"><div class=\"bt_bb_column_content_inner\"><div class=\"bt_bb_image bt_bb_shape_square bt_bb_align_inherit bt_bb_hover_style_simple bt_bb_content_display_always bt_bb_content_align_bottom bt_bb_remove_padding_yes bt_bb_fill_background_color_full\" style=\"height:150px; overflow: hidden;\" data-bt-override-class=\"null\"><span><img src = \"https:\/\/lirpasilicones.com\/wp-content\/plugins\/bold-page-builder\/img\/blank.gif\" data-full_image_src=\"https:\/\/lirpasilicones.com\/wp-content\/uploads\/2021\/09\/bandeja_inoxidable.png\" data-image_src=\"https:\/\/lirpasilicones.com\/wp-content\/uploads\/2021\/09\/bandeja_inoxidable.png\" title=\"bandeja_inoxidable\" alt=\"bandeja inoxidable\" class=\"btLazyLoadImage\"><\/span><\/div><div class=\"bt_bb_separator bt_bb_border_style_none bt_bb_bottom_spacing_25\" data-bt-override-class=\"null\"><\/div><header class=\"bt_bb_headline bt_bb_dash_none bt_bb_subheadline bt_bb_size_small bt_bb_align_inherit\" data-bt-override-class=\"null\"><h2><span class=\"bt_bb_headline_content\"><span>Safates amb marc d'acer inoxidable<\/span><\/span><\/h2><div class=\"bt_bb_headline_subheadline\">Safates amb marc d'acer inoxidable amb xapa d'alumini al magnesi de 1,2 mm de gruix amb perforat de 1,3mm \/ 1,5 mm \/ 2 mm de di\u00e0metre, amb protectors laterals, acanalades o planes (dissenyades per a suportar grans contraccions t\u00e8rmiques):<br \/><br \/>\n- soldada<br \/><br \/>\n- amb reblons d'acer inoxidable<\/div><\/header><div class=\"bt_bb_separator bt_bb_border_style_none bt_bb_bottom_spacing_25\" data-bt-override-class=\"null\"><\/div><\/div><\/div><\/div><div  class=\"bt_bb_column col-xxl-3 col-xl-3 col-xs-12 col-sm-6 col-md-6 col-lg-3 product-col bt_bb_vertical_align_top bt_bb_align_left bt_bb_padding_text_indent bt_bb_animation_fade_in zoom_out animate\" style=\"; --column-width:3;\" data-width=\"3\" data-bt-override-class=\"{&quot;bt_bb_align_&quot;:{&quot;current_class&quot;:&quot;bt_bb_align_left&quot;,&quot;xxl&quot;:&quot;left&quot;,&quot;xl&quot;:&quot;left&quot;}}\"><div class=\"bt_bb_column_content\" style=\"background-color:rgb(255,255,255);\"><div class=\"bt_bb_column_content_inner\"><div class=\"bt_bb_image bt_bb_shape_square bt_bb_align_inherit bt_bb_hover_style_simple bt_bb_content_display_always bt_bb_content_align_bottom bt_bb_remove_padding_yes bt_bb_fill_background_color_full\" style=\"height:150px; overflow: hidden;\" data-bt-override-class=\"null\"><span><img src = \"https:\/\/lirpasilicones.com\/wp-content\/plugins\/bold-page-builder\/img\/blank.gif\" data-full_image_src=\"https:\/\/lirpasilicones.com\/wp-content\/uploads\/2021\/09\/bandeja_embutida.png\" data-image_src=\"https:\/\/lirpasilicones.com\/wp-content\/uploads\/2021\/09\/bandeja_embutida-1280x1707.png\" title=\"bandeja_embutida\" alt=\"Bandeja embutida\" class=\"btLazyLoadImage\"><\/span><\/div><div class=\"bt_bb_separator bt_bb_border_style_none bt_bb_bottom_spacing_25\" data-bt-override-class=\"null\"><\/div><header class=\"bt_bb_headline bt_bb_dash_none bt_bb_subheadline bt_bb_size_small bt_bb_align_inherit\" data-bt-override-class=\"null\"><h2><span class=\"bt_bb_headline_content\"><span>Safates embotides<\/span><\/span><\/h2><div class=\"bt_bb_headline_subheadline\">Safates embotides amb xapa d'acer polit o xapa aluminitzada de 0,7mm de gruix, adaptables a qualsevol tipus d'embotici\u00f3, alguns exemples s\u00f3n:<br \/><br \/>\n- Hamburguesa<br \/><br \/>\n- Hot dog<br \/><br \/>\n- Bagel<br \/><br \/>\n- Panets especials<\/div><\/header><div class=\"bt_bb_separator bt_bb_border_style_none bt_bb_bottom_spacing_25\" data-bt-override-class=\"null\"><\/div><\/div><\/div><\/div><div  class=\"bt_bb_column col-xxl-3 col-xl-3 col-xs-12 col-sm-6 col-md-6 col-lg-3 product-col bt_bb_vertical_align_top bt_bb_align_left bt_bb_padding_text_indent bt_bb_animation_fade_in zoom_out animate\" style=\"; --column-width:3;\" data-width=\"3\" data-bt-override-class=\"{&quot;bt_bb_align_&quot;:{&quot;current_class&quot;:&quot;bt_bb_align_left&quot;,&quot;xxl&quot;:&quot;left&quot;,&quot;xl&quot;:&quot;left&quot;}}\"><div class=\"bt_bb_column_content\" style=\"background-color:rgb(255,255,255);\"><div class=\"bt_bb_column_content_inner\"><div class=\"bt_bb_image bt_bb_shape_square bt_bb_align_inherit bt_bb_hover_style_simple bt_bb_content_display_always bt_bb_content_align_bottom bt_bb_remove_padding_yes bt_bb_fill_background_color_full\" style=\"height:150px; overflow: hidden;\" data-bt-override-class=\"null\"><span><img src = \"https:\/\/lirpasilicones.com\/wp-content\/plugins\/bold-page-builder\/img\/blank.gif\" data-full_image_src=\"https:\/\/lirpasilicones.com\/wp-content\/uploads\/2021\/09\/filets.png\" data-image_src=\"https:\/\/lirpasilicones.com\/wp-content\/uploads\/2021\/09\/filets.png\" title=\"filets\" alt=\"Filets\" class=\"btLazyLoadImage\"><\/span><\/div><div class=\"bt_bb_separator bt_bb_border_style_none bt_bb_bottom_spacing_25\" data-bt-override-class=\"null\"><\/div><header class=\"bt_bb_headline bt_bb_dash_none bt_bb_subheadline bt_bb_size_small bt_bb_align_inherit\" data-bt-override-class=\"null\"><h2><span class=\"bt_bb_headline_content\"><span>Filets<\/span><\/span><\/h2><div class=\"bt_bb_headline_subheadline\">Filets fabricats amb marc i malla d'acer inoxidable, acanalats o plans.<br \/><br \/>\n<\/div><\/header><div class=\"bt_bb_separator bt_bb_border_style_none bt_bb_bottom_spacing_25\" data-bt-override-class=\"null\"><\/div><\/div><\/div><\/div><\/div><\/div><\/div><!-- cell_inner --><\/div><!-- cell --><\/div><!-- port --><\/section><section id=\"bt_bb_section69d02d9828dc9\" class=\"bt_bb_section bt_bb_layout_boxed_1200\"  data-bt-override-class=\"null\"><div class=\"bt_bb_port\"><div class=\"bt_bb_cell\"><div class=\"bt_bb_cell_inner\"><div class=\"bt_bb_row \"  data-bt-override-class=\"{}\"><div class=\"bt_bb_row_holder\" ><div  class=\"bt_bb_column col-xxl-8 col-xl-8 col-xs-12 col-sm-12 col-md-12 col-lg-8 bt_bb_vertical_align_top bt_bb_align_left bt_bb_padding_normal bt_bb_animation_fade_in animate\" style=\"; --column-width:8;\" data-width=\"8\" data-bt-override-class=\"{&quot;bt_bb_align_&quot;:{&quot;current_class&quot;:&quot;bt_bb_align_left&quot;,&quot;xxl&quot;:&quot;left&quot;,&quot;xl&quot;:&quot;left&quot;}}\"><div class=\"bt_bb_column_content\"><div class=\"bt_bb_column_content_inner\"><div class=\"bt_bb_separator bt_bb_border_style_none bt_bb_top_spacing_40\" data-bt-override-class=\"null\"><\/div><header class=\"bt_bb_headline bt_bb_dash_none bt_bb_size_normal bt_bb_align_inherit\" data-bt-override-class=\"null\"><h2><span class=\"bt_bb_headline_content\"><span>Preguntes m\u00e9s freq\u00fcents:<span class=\"bt_bb_outline_text bt_bb_outline_text_align_inherit bt_bb_outline_text_size_300\"><span>FAQ<\/span><\/span><\/span><\/span><\/h2><\/header><div class=\"bt_bb_separator bt_bb_border_style_none bt_bb_top_spacing_30\" data-bt-override-class=\"null\"><\/div><div class=\"bt_bb_accordion bt_bb_color_scheme_5 bt_bb_style_simple bt_bb_shape_square\" style=\"; --accordion-primary-color:#000000; --accordion-secondary-color:#003b68;\"><div class=\"bt_bb_accordion_item\"><div class=\"bt_bb_accordion_item_title\">Quin tipus de safata es recomana per certificacions IFS (International Food Standard)?<\/div><div class=\"bt_bb_accordion_item_content\"><div  class=\"bt_bb_text\" ><\/p>\n<p>Com a norma general, recomanem utilitzar safates soldades o qualsevol tipus de safata sense reblons.<\/p>\n<p>\n<\/div><\/div><\/div><div class=\"bt_bb_accordion_item\"><div class=\"bt_bb_accordion_item_title\">Si adquireixo safates amb marc d'acer inoxidable, gastar\u00e9 m\u00e9s energia?<\/div><div class=\"bt_bb_accordion_item_content\"><div  class=\"bt_bb_text\" ><\/p>\n<p><span style=\"font-weight: 400;\">S\u00ed, tindr\u00e0 una mica m\u00e9s de consum energ\u00e8tic, per\u00f2 la difer\u00e8ncia no \u00e9s important, per\u00f2 si tindr\u00e0 m\u00e9s vida \u00fatil una safata amb marc d&#8217;acer inoxidable que una safata amb marc d&#8217;alumini.\u00a0\u00a0\u00a0<\/span><\/p>\n<p>\n<\/div><\/div><\/div><div class=\"bt_bb_accordion_item\"><div class=\"bt_bb_accordion_item_title\">Quin tipus de safata he d'adquirir per poder produir pa d'hamburguesa?<\/div><div class=\"bt_bb_accordion_item_content\"><div  class=\"bt_bb_text\" ><\/p>\n<p><span style=\"font-weight: 400;\">El tipus de safata a escollir dependr\u00e0 del tipus de pa d&#8217;hamburguesa que desitgi produir, si la intenci\u00f3 \u00e9s produir pa d&#8217;hamburguesa convencional, us recomanem que adquireixi safata embotida. En canvi, si desitja produir pa d&#8217;hamburguesa de vidre, li aconsellem utilitzar safates planes amb marc i xapa d&#8217;alumini.<\/span><\/p>\n<p>\n<\/div><\/div><\/div><\/div><\/div><\/div><\/div><div  class=\"bt_bb_column col-xxl-4 col-xl-4 col-xs-12 col-sm-12 col-md-12 col-lg-4 bt_bb_vertical_align_top bt_bb_align_left bt_bb_padding_normal\" style=\"; --column-width:4;\" data-width=\"4\" data-bt-override-class=\"{&quot;bt_bb_align_&quot;:{&quot;current_class&quot;:&quot;bt_bb_align_left&quot;,&quot;xxl&quot;:&quot;left&quot;,&quot;xl&quot;:&quot;left&quot;}}\"><div class=\"bt_bb_column_content\"><div class=\"bt_bb_column_content_inner\"><div class=\"bt_bb_separator bt_bb_border_style_none bt_bb_top_spacing_20\" data-bt-override-class=\"null\"><\/div><div class=\"bt_bb_image bt_bb_shape_square bt_bb_align_inherit bt_bb_hover_style_simple bt_bb_content_display_always bt_bb_content_align_middle bt_bb_remove_padding_yes bt_bb_fill_background_color_full\" data-bt-override-class=\"null\"><span><img src = \"https:\/\/lirpasilicones.com\/wp-content\/plugins\/bold-page-builder\/img\/blank.gif\" data-full_image_src=\"https:\/\/lirpasilicones.com\/wp-content\/uploads\/2021\/10\/Cestas-de-Panes.jpeg\" data-image_src=\"https:\/\/lirpasilicones.com\/wp-content\/uploads\/2021\/10\/Cestas-de-Panes-1280x1280.jpeg\" title=\"Cestas de Panes\" alt=\"Cestas de Panes\" class=\"btLazyLoadImage\"><\/span><\/div><div class=\"bt_bb_separator bt_bb_border_style_none bt_bb_top_spacing_20\" data-bt-override-class=\"null\"><\/div><\/div><\/div><\/div><\/div><\/div><\/div><!-- cell_inner --><\/div><!-- cell --><\/div><!-- port --><\/section>\n","protected":false},"excerpt":{"rendered":"<p>Phosfluorescently engage worldwide methodologies with web-enabled technology. Interactively coordinate proactive e-commerce via process-centric &#8220;outside the box&#8221; thinking. Completely pursue scalable customer service through sustainable potentialities.<\/p>\n","protected":false},"author":1004,"featured_media":0,"parent":0,"menu_order":0,"comment_status":"closed","ping_status":"closed","template":"","meta":{"inline_featured_image":false,"_monsterinsights_skip_tracking":false,"_monsterinsights_sitenote_active":false,"_monsterinsights_sitenote_note":"","_monsterinsights_sitenote_category":0,"footnotes":""},"categories":[],"tags":[],"class_list":["post-3449","page","type-page","status-publish","hentry"],"yoast_head":"<!-- This site is optimized with the Yoast SEO plugin v24.2 - https:\/\/yoast.com\/wordpress\/plugins\/seo\/ -->\n<title>Safates per a panificaci\u00f3 &#8211; LIRPA<\/title>\n<meta name=\"description\" content=\"Expertos en bandejas panificadoras. M\u00e1s de 30 a\u00f1os de experiencia. \u00a1Cont\u00e1ctanos!\" \/>\n<meta name=\"robots\" content=\"index, follow, max-snippet:-1, max-image-preview:large, max-video-preview:-1\" \/>\n<link rel=\"canonical\" href=\"https:\/\/lirpasilicones.com\/ca\/bandejas\/\" \/>\n<meta property=\"og:locale\" content=\"es_ES\" \/>\n<meta property=\"og:type\" content=\"article\" \/>\n<meta property=\"og:title\" content=\"Safates per a panificaci\u00f3 &#8211; LIRPA\" \/>\n<meta property=\"og:description\" content=\"Expertos en bandejas panificadoras. M\u00e1s de 30 a\u00f1os de experiencia. \u00a1Cont\u00e1ctanos!\" \/>\n<meta property=\"og:url\" content=\"https:\/\/lirpasilicones.com\/ca\/bandejas\/\" \/>\n<meta property=\"og:site_name\" content=\"LIRPA\" \/>\n<meta property=\"article:modified_time\" content=\"2021-12-15T14:55:18+00:00\" \/>\n<meta property=\"og:image\" content=\"https:\/\/lirpasilicones.com\/wp-content\/uploads\/2021\/10\/bandejas-para-panificacion_header.jpg\" \/>\n<meta name=\"twitter:card\" content=\"summary_large_image\" \/>\n<meta name=\"twitter:label1\" content=\"Est. reading time\" \/>\n\t<meta name=\"twitter:data1\" content=\"5 minutes\" \/>\n<script type=\"application\/ld+json\" class=\"yoast-schema-graph\">{\"@context\":\"https:\/\/schema.org\",\"@graph\":[{\"@type\":\"WebPage\",\"@id\":\"https:\/\/lirpasilicones.com\/ca\/bandejas\/\",\"url\":\"https:\/\/lirpasilicones.com\/ca\/bandejas\/\",\"name\":\"Safates per a panificaci\u00f3 &#8211; LIRPA\",\"isPartOf\":{\"@id\":\"https:\/\/lirpasilicones.com\/#website\"},\"datePublished\":\"2020-10-26T10:23:18+00:00\",\"dateModified\":\"2021-12-15T14:55:18+00:00\",\"description\":\"Expertos en bandejas panificadoras. M\u00e1s de 30 a\u00f1os de experiencia. \u00a1Cont\u00e1ctanos!\",\"breadcrumb\":{\"@id\":\"https:\/\/lirpasilicones.com\/ca\/bandejas\/#breadcrumb\"},\"inLanguage\":\"es-CA\",\"potentialAction\":[{\"@type\":\"ReadAction\",\"target\":[\"https:\/\/lirpasilicones.com\/ca\/bandejas\/\"]}]},{\"@type\":\"BreadcrumbList\",\"@id\":\"https:\/\/lirpasilicones.com\/ca\/bandejas\/#breadcrumb\",\"itemListElement\":[{\"@type\":\"ListItem\",\"position\":1,\"name\":\"Home\",\"item\":\"https:\/\/lirpasilicones.com\/ca\/\"},{\"@type\":\"ListItem\",\"position\":2,\"name\":\"Safates per a panificaci\u00f3\"}]},{\"@type\":\"WebSite\",\"@id\":\"https:\/\/lirpasilicones.com\/#website\",\"url\":\"https:\/\/lirpasilicones.com\/\",\"name\":\"LIRPA\",\"description\":\"Silicones\",\"publisher\":{\"@id\":\"https:\/\/lirpasilicones.com\/#organization\"},\"potentialAction\":[{\"@type\":\"SearchAction\",\"target\":{\"@type\":\"EntryPoint\",\"urlTemplate\":\"https:\/\/lirpasilicones.com\/?s={search_term_string}\"},\"query-input\":{\"@type\":\"PropertyValueSpecification\",\"valueRequired\":true,\"valueName\":\"search_term_string\"}}],\"inLanguage\":\"es-CA\"},{\"@type\":\"Organization\",\"@id\":\"https:\/\/lirpasilicones.com\/#organization\",\"name\":\"Lirpa Silicones\",\"url\":\"https:\/\/lirpasilicones.com\/\",\"logo\":{\"@type\":\"ImageObject\",\"inLanguage\":\"es-CA\",\"@id\":\"https:\/\/lirpasilicones.com\/#\/schema\/logo\/image\/\",\"url\":\"https:\/\/lirpasilicones.com\/wp-content\/uploads\/2019\/09\/Logo-LIRPA-RGB-color.png\",\"contentUrl\":\"https:\/\/lirpasilicones.com\/wp-content\/uploads\/2019\/09\/Logo-LIRPA-RGB-color.png\",\"width\":439,\"height\":112,\"caption\":\"Lirpa Silicones\"},\"image\":{\"@id\":\"https:\/\/lirpasilicones.com\/#\/schema\/logo\/image\/\"}}]}<\/script>\n<!-- \/ Yoast SEO plugin. -->","yoast_head_json":{"title":"Safates per a panificaci\u00f3 &#8211; LIRPA","description":"Expertos en bandejas panificadoras. M\u00e1s de 30 a\u00f1os de experiencia. \u00a1Cont\u00e1ctanos!","robots":{"index":"index","follow":"follow","max-snippet":"max-snippet:-1","max-image-preview":"max-image-preview:large","max-video-preview":"max-video-preview:-1"},"canonical":"https:\/\/lirpasilicones.com\/ca\/bandejas\/","og_locale":"es_ES","og_type":"article","og_title":"Safates per a panificaci\u00f3 &#8211; LIRPA","og_description":"Expertos en bandejas panificadoras. M\u00e1s de 30 a\u00f1os de experiencia. \u00a1Cont\u00e1ctanos!","og_url":"https:\/\/lirpasilicones.com\/ca\/bandejas\/","og_site_name":"LIRPA","article_modified_time":"2021-12-15T14:55:18+00:00","og_image":[{"url":"https:\/\/lirpasilicones.com\/wp-content\/uploads\/2021\/10\/bandejas-para-panificacion_header.jpg","type":"","width":"","height":""}],"twitter_card":"summary_large_image","twitter_misc":{"Est. reading time":"5 minutes"},"schema":{"@context":"https:\/\/schema.org","@graph":[{"@type":"WebPage","@id":"https:\/\/lirpasilicones.com\/ca\/bandejas\/","url":"https:\/\/lirpasilicones.com\/ca\/bandejas\/","name":"Safates per a panificaci\u00f3 &#8211; LIRPA","isPartOf":{"@id":"https:\/\/lirpasilicones.com\/#website"},"datePublished":"2020-10-26T10:23:18+00:00","dateModified":"2021-12-15T14:55:18+00:00","description":"Expertos en bandejas panificadoras. M\u00e1s de 30 a\u00f1os de experiencia. \u00a1Cont\u00e1ctanos!","breadcrumb":{"@id":"https:\/\/lirpasilicones.com\/ca\/bandejas\/#breadcrumb"},"inLanguage":"es-CA","potentialAction":[{"@type":"ReadAction","target":["https:\/\/lirpasilicones.com\/ca\/bandejas\/"]}]},{"@type":"BreadcrumbList","@id":"https:\/\/lirpasilicones.com\/ca\/bandejas\/#breadcrumb","itemListElement":[{"@type":"ListItem","position":1,"name":"Home","item":"https:\/\/lirpasilicones.com\/ca\/"},{"@type":"ListItem","position":2,"name":"Safates per a panificaci\u00f3"}]},{"@type":"WebSite","@id":"https:\/\/lirpasilicones.com\/#website","url":"https:\/\/lirpasilicones.com\/","name":"LIRPA","description":"Silicones","publisher":{"@id":"https:\/\/lirpasilicones.com\/#organization"},"potentialAction":[{"@type":"SearchAction","target":{"@type":"EntryPoint","urlTemplate":"https:\/\/lirpasilicones.com\/?s={search_term_string}"},"query-input":{"@type":"PropertyValueSpecification","valueRequired":true,"valueName":"search_term_string"}}],"inLanguage":"es-CA"},{"@type":"Organization","@id":"https:\/\/lirpasilicones.com\/#organization","name":"Lirpa Silicones","url":"https:\/\/lirpasilicones.com\/","logo":{"@type":"ImageObject","inLanguage":"es-CA","@id":"https:\/\/lirpasilicones.com\/#\/schema\/logo\/image\/","url":"https:\/\/lirpasilicones.com\/wp-content\/uploads\/2019\/09\/Logo-LIRPA-RGB-color.png","contentUrl":"https:\/\/lirpasilicones.com\/wp-content\/uploads\/2019\/09\/Logo-LIRPA-RGB-color.png","width":439,"height":112,"caption":"Lirpa Silicones"},"image":{"@id":"https:\/\/lirpasilicones.com\/#\/schema\/logo\/image\/"}}]}},"_links":{"self":[{"href":"https:\/\/lirpasilicones.com\/ca\/wp-json\/wp\/v2\/pages\/3449","targetHints":{"allow":["GET"]}}],"collection":[{"href":"https:\/\/lirpasilicones.com\/ca\/wp-json\/wp\/v2\/pages"}],"about":[{"href":"https:\/\/lirpasilicones.com\/ca\/wp-json\/wp\/v2\/types\/page"}],"author":[{"embeddable":true,"href":"https:\/\/lirpasilicones.com\/ca\/wp-json\/wp\/v2\/users\/1004"}],"replies":[{"embeddable":true,"href":"https:\/\/lirpasilicones.com\/ca\/wp-json\/wp\/v2\/comments?post=3449"}],"version-history":[{"count":28,"href":"https:\/\/lirpasilicones.com\/ca\/wp-json\/wp\/v2\/pages\/3449\/revisions"}],"predecessor-version":[{"id":5079,"href":"https:\/\/lirpasilicones.com\/ca\/wp-json\/wp\/v2\/pages\/3449\/revisions\/5079"}],"wp:attachment":[{"href":"https:\/\/lirpasilicones.com\/ca\/wp-json\/wp\/v2\/media?parent=3449"}],"wp:term":[{"taxonomy":"category","embeddable":true,"href":"https:\/\/lirpasilicones.com\/ca\/wp-json\/wp\/v2\/categories?post=3449"},{"taxonomy":"post_tag","embeddable":true,"href":"https:\/\/lirpasilicones.com\/ca\/wp-json\/wp\/v2\/tags?post=3449"}],"curies":[{"name":"wp","href":"https:\/\/api.w.org\/{rel}","templated":true}]}}