{"id":3430,"date":"2020-10-26T12:19:05","date_gmt":"2020-10-26T12:19:05","guid":{"rendered":"https:\/\/lirpasilicones.com\/nosotros\/"},"modified":"2021-12-15T16:57:55","modified_gmt":"2021-12-15T14:57:55","slug":"nosotros","status":"publish","type":"page","link":"https:\/\/lirpasilicones.com\/ca\/nosotros\/","title":{"rendered":"Nosaltres"},"content":{"rendered":"<section id=\"bt_bb_section69d2ef6d313c3\" class=\"bt_bb_section bt_bb_color_scheme_2 bt_bb_layout_boxed_1200 bt_bb_vertical_align_top bt_bb_top_spacing_80 bt_bb_bottom_spacing_normal bt-dark-skin\" style=\"; --section-primary-color:#000000; --section-secondary-color:#ffffff;\" data-bt-override-class=\"null\"><div class=\"bt_bb_port\"><div class=\"bt_bb_cell\"><div class=\"bt_bb_cell_inner\"><div class=\"bt_bb_row \"  data-bt-override-class=\"{}\"><div class=\"bt_bb_row_holder\" ><div  class=\"bt_bb_column col-xxl-8 col-xl-8 col-xs-12 col-sm-12 col-md-12 col-lg-8 bt_bb_vertical_align_top bt_bb_align_left bt_bb_padding_normal bt_bb_animation_fade_in zoom_out animate\" style=\"; --column-width:8;\" data-width=\"8\" data-bt-override-class=\"{}\"><div class=\"bt_bb_column_content\"><div class=\"bt_bb_column_content_inner\"><div class=\"bt_bb_separator bt_bb_border_style_none bt_bb_top_spacing_normal bt_bb_bottom_spacing_large bt_bb_hidden_xs\" data-bt-override-class=\"null\"><\/div><header class=\"bt_bb_headline header-with-blue-square bt_bb_color_scheme_2 bt_bb_dash_top bt_bb_subheadline bt_bb_size_large bt_bb_align_inherit bt_bb_hidden_xs bt_bb_hidden_ms\" style=\"; --headline-primary-color:#000000; --headline-secondary-color:#ffffff;;color:rgb(0,0,0);border-color:rgb(0,0,0);\" data-bt-override-class=\"null\"><h1><span class=\"bt_bb_headline_content\"><span>Qui som<span class=\"bt_bb_outline_text bt_bb_outline_text_align_left bt_bb_outline_text_size_200\"><span>Lirpa Silicones<\/span><\/span><\/span><\/span><\/h1><div class=\"bt_bb_headline_subheadline\">Empresa amb 31 anys d'experi\u00e8ncia, dedicada a la fabricaci\u00f3 de productes i accessoris per a la ind\u00fastria aliment\u00e0ria, especialitzada en l'aplicaci\u00f3 de recobriments antiadherents per al sector del forn i pastisseria.<\/p><br \/>\n<p>Comptem amb una \u00e0mplia gamma d'elast\u00f2mers de silicona i resines, amb les que podem oferir solucions en revestiment antiadherent per a tot tipus de masses: acabades, precuits o congelades.<\/p><br \/>\n<p>Tamb\u00e9 disposem de tallers propis per a la fabricaci\u00f3, manteniment i reparaci\u00f3 de tot tipus de safates, motlles, carros i accessoris per a fleca i pastisseria.<\/div><\/header><header class=\"bt_bb_headline bt_bb_color_scheme_2 bt_bb_dash_top bt_bb_subheadline bt_bb_size_extralarge bt_bb_align_inherit bt_bb_hidden_sm bt_bb_hidden_md bt_bb_hidden_lg\" style=\"; --headline-primary-color:#000000; --headline-secondary-color:#ffffff;;color:rgb(0,0,0);border-color:rgb(0,0,0);\" data-bt-override-class=\"null\"><h1><span class=\"bt_bb_headline_content\"><span>Qui som<\/span><\/span><\/h1><div class=\"bt_bb_headline_subheadline\">Empresa amb 31 anys d'experi\u00e8ncia, dedicada a la fabricaci\u00f3 de productes i accessoris per a la ind\u00fastria aliment\u00e0ria, especialitzada en l'aplicaci\u00f3 de recobriments antiadherents per al sector del forn i pastisseria.<\/p><br \/>\n<p>Comptem amb una \u00e0mplia gamma d'elast\u00f2mers de silicona i resines, amb les que podem oferir solucions en revestiment antiadherent per a tot tipus de masses: acabades, precuits o congelades.<\/p><br \/>\n<p>Tamb\u00e9 disposem de tallers propis per a la fabricaci\u00f3, manteniment i reparaci\u00f3 de tot tipus de safates, motlles, carros i accessoris per a fleca i pastisseria.<\/div><\/header><div class=\"bt_bb_separator bt_bb_border_style_none bt_bb_bottom_spacing_40 bt_bb_hidden_xs bt_bb_hidden_ms\" data-bt-override-class=\"null\"><\/div><\/div><\/div><\/div><div  class=\"bt_bb_column col-xxl-4 col-xl-4 col-xs-12 col-sm-12 col-md-12 col-lg-4 bt_bb_vertical_align_top bt_bb_align_right bt_bb_padding_40 bt_bb_animation_fade_in zoom_out animate\" style=\"; --column-width:4;\" data-width=\"4\" data-bt-override-class=\"{}\"><div class=\"bt_bb_column_content\"><div class=\"bt_bb_column_content_inner\"><\/div><\/div><\/div><\/div><\/div><\/div><!-- cell_inner --><\/div><!-- cell --><\/div><!-- port --><\/section><section id=\"bt_bb_section69d2ef6d318e2\" class=\"bt_bb_section bt_bb_layout_wide bt_bb_vertical_align_top bt_bb_top_spacing_100\" style=\";background-color:rgb(241,241,241);\" data-bt-override-class=\"null\"><div class=\"bt_bb_port\"><div class=\"bt_bb_cell\"><div class=\"bt_bb_cell_inner\"><div class=\"bt_bb_row bt_bb_row_push_right bt_bb_content_wide bt_bb_row_width_boxed_1200 bt_bb_row_width_boxed \"  data-bt-override-class=\"{}\"><div class=\"bt_bb_row_holder\" ><div  class=\"bt_bb_column col-xxl-8 col-xl-8 bt_bb_vertical_align_top bt_bb_align_left bt_bb_padding_normal bt_bb_animation_fade_in animate\" style=\"; --column-width:8;\" data-width=\"8\" data-bt-override-class=\"{}\"><div class=\"bt_bb_column_content\"><div class=\"bt_bb_column_content_inner\"><div class=\" bt_bb_row_inner\"   data-bt-override-class=\"{}\"><div class=\"bt_bb_row_inner_holder\"  ><div  class=\"bt_bb_column_inner col-xxl-9 col-xl-9 bt_bb_vertical_align_top bt_bb_align_left bt_bb_padding_normal\"  data-width=\"9\" data-bt-override-class=\"{}\"><div class=\"bt_bb_column_inner_content\"><header class=\"bt_bb_headline bt_bb_dash_top bt_bb_size_extralarge bt_bb_align_inherit\" data-bt-override-class=\"null\"><h2><span class=\"bt_bb_headline_content\"><span>La nostra Filosof\u00eda<\/span><\/span><\/h2><\/header><div class=\"bt_bb_separator bt_bb_border_style_none bt_bb_bottom_spacing_60\" data-bt-override-class=\"null\"><\/div><\/div><\/div><div  class=\"bt_bb_column_inner col-xxl-3 col-xl-3 bt_bb_vertical_align_top bt_bb_align_left bt_bb_padding_normal\"  data-width=\"3\" data-bt-override-class=\"{}\"><div class=\"bt_bb_column_inner_content\"><\/div><\/div><\/div><\/div><div class=\" bt_bb_row_inner\"   data-bt-override-class=\"{}\"><div class=\"bt_bb_row_inner_holder\"  ><div  class=\"bt_bb_column_inner col-xxl-4 col-xl-4 col-xs-12 col-sm-12 col-md-12 col-lg-4 bt_bb_vertical_align_top bt_bb_align_left bt_bb_padding_normal\"  data-width=\"4\" data-bt-override-class=\"{}\"><div class=\"bt_bb_column_inner_content\"><div class=\"bt_bb_separator bt_bb_border_style_solid bt_bb_bottom_spacing_20 bt_bb_color_dark_transparent\" data-bt-override-class=\"null\"><\/div><header class=\"bt_bb_headline bt_bb_dash_bottom bt_bb_superheadline bt_bb_subheadline bt_bb_size_small bt_bb_align_inherit\" data-bt-override-class=\"null\"><h4><span class=\"bt_bb_headline_superheadline\"><span>01<\/span><\/span><span class=\"bt_bb_headline_content\"><span>Aportar solucions d'adher\u00e8ncia i desemmotllament<\/span><\/span><\/h4><div class=\"bt_bb_headline_subheadline\">Amb la nostra \u00e0mplia gamma de silicones i resines, som capa\u00e7os d'oferir el producte que m\u00e9s s'ajusti a les necessitats de producci\u00f3 dels nostres clients.<\/div><\/header><div class=\"bt_bb_separator bt_bb_border_style_none bt_bb_bottom_spacing_25\" data-bt-override-class=\"null\"><\/div><\/div><\/div><div  class=\"bt_bb_column_inner col-xxl-4 col-xl-4 col-xs-12 col-sm-12 col-md-12 col-lg-4 bt_bb_vertical_align_top bt_bb_align_left bt_bb_padding_normal\"  data-width=\"4\" data-bt-override-class=\"{}\"><div class=\"bt_bb_column_inner_content\"><div class=\"bt_bb_separator bt_bb_border_style_solid bt_bb_bottom_spacing_20 bt_bb_color_dark_transparent\" data-bt-override-class=\"null\"><\/div><header class=\"bt_bb_headline bt_bb_dash_bottom bt_bb_superheadline bt_bb_subheadline bt_bb_size_small bt_bb_align_inherit\" data-bt-override-class=\"null\"><h4><span class=\"bt_bb_headline_superheadline\"><span>02<\/span><\/span><span class=\"bt_bb_headline_content\"><span>Oferir productes frescos de gran qualitat i duradors<\/span><\/span><\/h4><div class=\"bt_bb_headline_subheadline\">Tots els nostres productes compten amb certificaci\u00f3 per estar en contacte amb aliments. A m\u00e9s sotmetem els nostres productes a assajos de migraci\u00f3, per comprovar de manera fefaent que no perjudicaran en cap cas la producci\u00f3 dels nostres clients.<\/div><\/header><div class=\"bt_bb_separator bt_bb_border_style_none bt_bb_bottom_spacing_25\" data-bt-override-class=\"null\"><\/div><\/div><\/div><div  class=\"bt_bb_column_inner col-xxl-4 col-xl-4 col-xs-12 col-sm-12 col-md-12 col-lg-4 bt_bb_vertical_align_top bt_bb_align_left bt_bb_padding_normal\"  data-width=\"4\" data-bt-override-class=\"{}\"><div class=\"bt_bb_column_inner_content\"><div class=\"bt_bb_separator bt_bb_border_style_solid bt_bb_bottom_spacing_20 bt_bb_color_dark_transparent\" data-bt-override-class=\"null\"><\/div><header class=\"bt_bb_headline bt_bb_dash_bottom bt_bb_superheadline bt_bb_subheadline bt_bb_size_small bt_bb_align_inherit\" data-bt-override-class=\"null\"><h4><span class=\"bt_bb_headline_superheadline\"><span>03<\/span><\/span><span class=\"bt_bb_headline_content\"><span>Satisfer les necessitats, requisits i expectatives dels nostres clients<\/span><\/span><\/h4><div class=\"bt_bb_headline_subheadline\">LIRPA, es proposa obtenir la total confian\u00e7a i satisfacci\u00f3 dels seus clients, mantenir-la i augmentar-la al llarg del temps, mitjan\u00e7ant el compliment dels seus requisits i expectatives, aix\u00ed com els requisits legals i reglamentaris.<\/div><\/header><div class=\"bt_bb_separator bt_bb_border_style_none bt_bb_bottom_spacing_25\" data-bt-override-class=\"null\"><\/div><\/div><\/div><\/div><\/div><div class=\" bt_bb_row_inner\"   data-bt-override-class=\"{}\"><div class=\"bt_bb_row_inner_holder\"  ><div  class=\"bt_bb_column_inner col-xxl-4 col-xl-4 col-xs-12 col-sm-12 col-md-12 col-lg-4 bt_bb_vertical_align_top bt_bb_align_left bt_bb_padding_normal\"  data-width=\"4\" data-bt-override-class=\"{}\"><div class=\"bt_bb_column_inner_content\"><div class=\"bt_bb_separator bt_bb_border_style_solid bt_bb_bottom_spacing_20 bt_bb_color_dark_transparent\" data-bt-override-class=\"null\"><\/div><header class=\"bt_bb_headline bt_bb_dash_bottom bt_bb_superheadline bt_bb_subheadline bt_bb_size_small bt_bb_align_inherit\" data-bt-override-class=\"null\"><h4><span class=\"bt_bb_headline_superheadline\"><span>04<\/span><\/span><span class=\"bt_bb_headline_content\"><span>Millorar de manera cont\u00ednua la nostra organitzaci\u00f3, els nostres processos i la tecnologia aplicada<\/span><\/span><\/h4><div class=\"bt_bb_headline_subheadline\">Mitjan\u00e7ant l'automatitzaci\u00f3 de tots els nostres processos de producci\u00f3 hem aconseguit l'homogene\u00eftat en els nostres recobriments, Alhora, aquests processos estan sotmesos a una revisi\u00f3 cont\u00ednua per a la seva millora.<\/div><\/header><div class=\"bt_bb_separator bt_bb_border_style_none bt_bb_bottom_spacing_25\" data-bt-override-class=\"null\"><\/div><\/div><\/div><div  class=\"bt_bb_column_inner col-xxl-4 col-xl-4 col-xs-12 col-sm-12 col-md-12 col-lg-4 bt_bb_vertical_align_top bt_bb_align_left bt_bb_padding_normal\"  data-width=\"4\" data-bt-override-class=\"{}\"><div class=\"bt_bb_column_inner_content\"><div class=\"bt_bb_separator bt_bb_border_style_solid bt_bb_bottom_spacing_20 bt_bb_color_dark_transparent\" data-bt-override-class=\"null\"><\/div><header class=\"bt_bb_headline bt_bb_dash_bottom bt_bb_superheadline bt_bb_subheadline bt_bb_size_small bt_bb_align_inherit\" data-bt-override-class=\"null\"><h4><span class=\"bt_bb_headline_superheadline\"><span>05<\/span><\/span><span class=\"bt_bb_headline_content\"><span>Respectar el medi ambient amb els nostres processos de producci\u00f3<\/span><\/span><\/h4><div class=\"bt_bb_headline_subheadline\">El nostre comprom\u00eds amb el nostre entorn es manifesta en les accions i en la manera de realitzar les activitats i projectes futurs, sempre valorant el component ambiental en el desenvolupament dels mateixos.<\/div><\/header><div class=\"bt_bb_separator bt_bb_border_style_none bt_bb_bottom_spacing_25\" data-bt-override-class=\"null\"><\/div><\/div><\/div><div  class=\"bt_bb_column_inner col-xxl-4 col-xl-4 col-xs-12 col-sm-12 col-md-12 col-lg-4 bt_bb_vertical_align_top bt_bb_align_left bt_bb_padding_normal\"  data-width=\"4\" data-bt-override-class=\"{}\"><div class=\"bt_bb_column_inner_content\"><div class=\"bt_bb_separator bt_bb_border_style_solid bt_bb_bottom_spacing_20 bt_bb_color_dark_transparent\" data-bt-override-class=\"null\"><\/div><header class=\"bt_bb_headline bt_bb_dash_bottom bt_bb_superheadline bt_bb_subheadline bt_bb_size_small bt_bb_align_inherit\" data-bt-override-class=\"null\"><h4><span class=\"bt_bb_headline_superheadline\"><span>06<\/span><\/span><span class=\"bt_bb_headline_content\"><span>Complir les normes legals aplicables a la nostra activitat<\/span><\/span><\/h4><div class=\"bt_bb_headline_subheadline\">A part de complir amb tots els preceptes legals d'obligat compliment, LIRPA \u00e9s l'\u00fanica empresa espanyola de recobriments antiadherents inscrita al Registre sanitari d'ind\u00fastries i productes alimentaris de Catalunya.<\/div><\/header><div class=\"bt_bb_separator bt_bb_border_style_none bt_bb_bottom_spacing_25\" data-bt-override-class=\"null\"><\/div><\/div><\/div><\/div><\/div><div class=\"bt_bb_separator bt_bb_border_style_none bt_bb_bottom_spacing_70 bt_bb_hidden_xs bt_bb_hidden_ms bt_bb_hidden_sm\" data-bt-override-class=\"null\"><\/div><\/div><\/div><\/div><div  class=\"bt_bb_column col-xxl-4 col-xl-4 bt_bb_vertical_align_middle bt_bb_align_left bt_bb_padding_normal bt_bb_animation_fade_in animate\" style=\"; --column-width:4;\" data-width=\"4\" data-bt-override-class=\"{&quot;bt_bb_align_&quot;:{&quot;current_class&quot;:&quot;bt_bb_align_left&quot;,&quot;xxl&quot;:&quot;left&quot;,&quot;xl&quot;:&quot;left&quot;}}\"><div class=\"bt_bb_column_content\"><div class=\"bt_bb_column_content_inner\"><div class=\"bt_bb_image bt_bb_shape_square bt_bb_align_inherit bt_bb_hover_style_simple bt_bb_content_display_always bt_bb_content_align_bottom bt_bb_remove_padding_yes bt_bb_fill_background_color_full bt_bb_content_exists\" data-bt-override-class=\"null\"><span><img src = \"https:\/\/lirpasilicones.com\/wp-content\/plugins\/bold-page-builder\/img\/blank.gif\" data-full_image_src=\"https:\/\/lirpasilicones.com\/wp-content\/uploads\/2021\/10\/panes_v1.png\" data-image_src=\"https:\/\/lirpasilicones.com\/wp-content\/uploads\/2021\/10\/panes_v1.png\" title=\"panes_v1\" alt=\"https:\/\/lirpasilicones.com\/wp-content\/uploads\/2021\/10\/panes_v1.png\" class=\"btLazyLoadImage\"><\/span><div class=\"bt_bb_image_content\"><div class=\"bt_bb_image_content_flex\"><div class=\"bt_bb_image_content_inner\"><div class=\"bt_bb_button bt_bb_color_scheme_6 bt_bb_icon_position_right bt_bb_style_with_huge_icon bt_bb_size_normal bt_bb_width_inline bt_bb_shape_inherit bt_bb_target_self bt_bb_align_inherit bt_bb_icon_color_scheme_2\" style=\"; --primary-color:#ffffff; --secondary-color:#003b68;; --icon-primary-color:#000000; --icon-secondary-color:#ffffff;\" data-bt-override-class=\"{&quot;bt_bb_size_&quot;:{&quot;current_class&quot;:&quot;bt_bb_size_normal&quot;,&quot;xxl&quot;:&quot;normal&quot;,&quot;xl&quot;:&quot;normal&quot;},&quot;bt_bb_align_&quot;:{&quot;current_class&quot;:&quot;bt_bb_align_inherit&quot;,&quot;xxl&quot;:&quot;inherit&quot;,&quot;xl&quot;:&quot;inherit&quot;}}\"><a href=\"\/ca\/contacto\/\" target=\"_self\" class=\"bt_bb_link\" title=\"Contacta amb nosaltres\"><span class=\"bt_bb_button_text\" >Contacta amb nosaltres<\/span><span  data-ico-fontawesome=\"&#xf105;\" class=\"bt_bb_icon_holder\"><\/span><\/a><\/div><\/div><\/div><\/div><\/div><\/div><\/div><\/div><\/div><\/div><\/div><!-- cell_inner --><\/div><!-- cell --><\/div><!-- port --><\/section>\n","protected":false},"excerpt":{"rendered":"<p>Interactively procrastinate high-payoff content without backward-compatible data. Quickly cultivate optimal processes and tactical architectures. Completely iterate covalent strategic theme areas via accurate e-markets.<\/p>\n","protected":false},"author":1004,"featured_media":0,"parent":0,"menu_order":0,"comment_status":"closed","ping_status":"closed","template":"","meta":{"inline_featured_image":false,"_monsterinsights_skip_tracking":false,"_monsterinsights_sitenote_active":false,"_monsterinsights_sitenote_note":"","_monsterinsights_sitenote_category":0,"footnotes":""},"categories":[],"tags":[],"class_list":["post-3430","page","type-page","status-publish","hentry"],"yoast_head":"<!-- This site is optimized with the Yoast SEO plugin v24.2 - https:\/\/yoast.com\/wordpress\/plugins\/seo\/ -->\n<title>Nosaltres &#8211; LIRPA<\/title>\n<meta name=\"description\" content=\"En Lirpa ofrecemos la fabricaci\u00f3n, mantenimiento y reparaci\u00f3n de todo tipo de bandejas, bater\u00edas, carros y accesorios para panader\u00eda y pasteler\u00eda.\" \/>\n<meta name=\"robots\" content=\"index, follow, max-snippet:-1, max-image-preview:large, max-video-preview:-1\" \/>\n<link rel=\"canonical\" href=\"https:\/\/lirpasilicones.com\/ca\/nosotros\/\" \/>\n<meta property=\"og:locale\" content=\"es_ES\" \/>\n<meta property=\"og:type\" content=\"article\" \/>\n<meta property=\"og:title\" content=\"Nosaltres &#8211; LIRPA\" \/>\n<meta property=\"og:description\" content=\"En Lirpa ofrecemos la fabricaci\u00f3n, mantenimiento y reparaci\u00f3n de todo tipo de bandejas, bater\u00edas, carros y accesorios para panader\u00eda y pasteler\u00eda.\" \/>\n<meta property=\"og:url\" content=\"https:\/\/lirpasilicones.com\/ca\/nosotros\/\" \/>\n<meta property=\"og:site_name\" content=\"LIRPA\" \/>\n<meta property=\"article:modified_time\" content=\"2021-12-15T14:57:55+00:00\" \/>\n<meta property=\"og:image\" content=\"https:\/\/lirpasilicones.com\/wp-content\/uploads\/2021\/10\/panes_v1.png\" \/>\n<meta name=\"twitter:card\" content=\"summary_large_image\" \/>\n<meta name=\"twitter:label1\" content=\"Est. reading time\" \/>\n\t<meta name=\"twitter:data1\" content=\"5 minutes\" \/>\n<script type=\"application\/ld+json\" class=\"yoast-schema-graph\">{\"@context\":\"https:\/\/schema.org\",\"@graph\":[{\"@type\":\"WebPage\",\"@id\":\"https:\/\/lirpasilicones.com\/ca\/nosotros\/\",\"url\":\"https:\/\/lirpasilicones.com\/ca\/nosotros\/\",\"name\":\"Nosaltres &#8211; LIRPA\",\"isPartOf\":{\"@id\":\"https:\/\/lirpasilicones.com\/#website\"},\"datePublished\":\"2020-10-26T12:19:05+00:00\",\"dateModified\":\"2021-12-15T14:57:55+00:00\",\"description\":\"En Lirpa ofrecemos la fabricaci\u00f3n, mantenimiento y reparaci\u00f3n de todo tipo de bandejas, bater\u00edas, carros y accesorios para panader\u00eda y pasteler\u00eda.\",\"breadcrumb\":{\"@id\":\"https:\/\/lirpasilicones.com\/ca\/nosotros\/#breadcrumb\"},\"inLanguage\":\"es-CA\",\"potentialAction\":[{\"@type\":\"ReadAction\",\"target\":[\"https:\/\/lirpasilicones.com\/ca\/nosotros\/\"]}]},{\"@type\":\"BreadcrumbList\",\"@id\":\"https:\/\/lirpasilicones.com\/ca\/nosotros\/#breadcrumb\",\"itemListElement\":[{\"@type\":\"ListItem\",\"position\":1,\"name\":\"Home\",\"item\":\"https:\/\/lirpasilicones.com\/ca\/\"},{\"@type\":\"ListItem\",\"position\":2,\"name\":\"Nosaltres\"}]},{\"@type\":\"WebSite\",\"@id\":\"https:\/\/lirpasilicones.com\/#website\",\"url\":\"https:\/\/lirpasilicones.com\/\",\"name\":\"LIRPA\",\"description\":\"Silicones\",\"publisher\":{\"@id\":\"https:\/\/lirpasilicones.com\/#organization\"},\"potentialAction\":[{\"@type\":\"SearchAction\",\"target\":{\"@type\":\"EntryPoint\",\"urlTemplate\":\"https:\/\/lirpasilicones.com\/?s={search_term_string}\"},\"query-input\":{\"@type\":\"PropertyValueSpecification\",\"valueRequired\":true,\"valueName\":\"search_term_string\"}}],\"inLanguage\":\"es-CA\"},{\"@type\":\"Organization\",\"@id\":\"https:\/\/lirpasilicones.com\/#organization\",\"name\":\"Lirpa Silicones\",\"url\":\"https:\/\/lirpasilicones.com\/\",\"logo\":{\"@type\":\"ImageObject\",\"inLanguage\":\"es-CA\",\"@id\":\"https:\/\/lirpasilicones.com\/#\/schema\/logo\/image\/\",\"url\":\"https:\/\/lirpasilicones.com\/wp-content\/uploads\/2019\/09\/Logo-LIRPA-RGB-color.png\",\"contentUrl\":\"https:\/\/lirpasilicones.com\/wp-content\/uploads\/2019\/09\/Logo-LIRPA-RGB-color.png\",\"width\":439,\"height\":112,\"caption\":\"Lirpa Silicones\"},\"image\":{\"@id\":\"https:\/\/lirpasilicones.com\/#\/schema\/logo\/image\/\"}}]}<\/script>\n<!-- \/ Yoast SEO plugin. -->","yoast_head_json":{"title":"Nosaltres &#8211; LIRPA","description":"En Lirpa ofrecemos la fabricaci\u00f3n, mantenimiento y reparaci\u00f3n de todo tipo de bandejas, bater\u00edas, carros y accesorios para panader\u00eda y pasteler\u00eda.","robots":{"index":"index","follow":"follow","max-snippet":"max-snippet:-1","max-image-preview":"max-image-preview:large","max-video-preview":"max-video-preview:-1"},"canonical":"https:\/\/lirpasilicones.com\/ca\/nosotros\/","og_locale":"es_ES","og_type":"article","og_title":"Nosaltres &#8211; LIRPA","og_description":"En Lirpa ofrecemos la fabricaci\u00f3n, mantenimiento y reparaci\u00f3n de todo tipo de bandejas, bater\u00edas, carros y accesorios para panader\u00eda y pasteler\u00eda.","og_url":"https:\/\/lirpasilicones.com\/ca\/nosotros\/","og_site_name":"LIRPA","article_modified_time":"2021-12-15T14:57:55+00:00","og_image":[{"url":"https:\/\/lirpasilicones.com\/wp-content\/uploads\/2021\/10\/panes_v1.png","type":"","width":"","height":""}],"twitter_card":"summary_large_image","twitter_misc":{"Est. reading time":"5 minutes"},"schema":{"@context":"https:\/\/schema.org","@graph":[{"@type":"WebPage","@id":"https:\/\/lirpasilicones.com\/ca\/nosotros\/","url":"https:\/\/lirpasilicones.com\/ca\/nosotros\/","name":"Nosaltres &#8211; LIRPA","isPartOf":{"@id":"https:\/\/lirpasilicones.com\/#website"},"datePublished":"2020-10-26T12:19:05+00:00","dateModified":"2021-12-15T14:57:55+00:00","description":"En Lirpa ofrecemos la fabricaci\u00f3n, mantenimiento y reparaci\u00f3n de todo tipo de bandejas, bater\u00edas, carros y accesorios para panader\u00eda y pasteler\u00eda.","breadcrumb":{"@id":"https:\/\/lirpasilicones.com\/ca\/nosotros\/#breadcrumb"},"inLanguage":"es-CA","potentialAction":[{"@type":"ReadAction","target":["https:\/\/lirpasilicones.com\/ca\/nosotros\/"]}]},{"@type":"BreadcrumbList","@id":"https:\/\/lirpasilicones.com\/ca\/nosotros\/#breadcrumb","itemListElement":[{"@type":"ListItem","position":1,"name":"Home","item":"https:\/\/lirpasilicones.com\/ca\/"},{"@type":"ListItem","position":2,"name":"Nosaltres"}]},{"@type":"WebSite","@id":"https:\/\/lirpasilicones.com\/#website","url":"https:\/\/lirpasilicones.com\/","name":"LIRPA","description":"Silicones","publisher":{"@id":"https:\/\/lirpasilicones.com\/#organization"},"potentialAction":[{"@type":"SearchAction","target":{"@type":"EntryPoint","urlTemplate":"https:\/\/lirpasilicones.com\/?s={search_term_string}"},"query-input":{"@type":"PropertyValueSpecification","valueRequired":true,"valueName":"search_term_string"}}],"inLanguage":"es-CA"},{"@type":"Organization","@id":"https:\/\/lirpasilicones.com\/#organization","name":"Lirpa Silicones","url":"https:\/\/lirpasilicones.com\/","logo":{"@type":"ImageObject","inLanguage":"es-CA","@id":"https:\/\/lirpasilicones.com\/#\/schema\/logo\/image\/","url":"https:\/\/lirpasilicones.com\/wp-content\/uploads\/2019\/09\/Logo-LIRPA-RGB-color.png","contentUrl":"https:\/\/lirpasilicones.com\/wp-content\/uploads\/2019\/09\/Logo-LIRPA-RGB-color.png","width":439,"height":112,"caption":"Lirpa Silicones"},"image":{"@id":"https:\/\/lirpasilicones.com\/#\/schema\/logo\/image\/"}}]}},"_links":{"self":[{"href":"https:\/\/lirpasilicones.com\/ca\/wp-json\/wp\/v2\/pages\/3430","targetHints":{"allow":["GET"]}}],"collection":[{"href":"https:\/\/lirpasilicones.com\/ca\/wp-json\/wp\/v2\/pages"}],"about":[{"href":"https:\/\/lirpasilicones.com\/ca\/wp-json\/wp\/v2\/types\/page"}],"author":[{"embeddable":true,"href":"https:\/\/lirpasilicones.com\/ca\/wp-json\/wp\/v2\/users\/1004"}],"replies":[{"embeddable":true,"href":"https:\/\/lirpasilicones.com\/ca\/wp-json\/wp\/v2\/comments?post=3430"}],"version-history":[{"count":22,"href":"https:\/\/lirpasilicones.com\/ca\/wp-json\/wp\/v2\/pages\/3430\/revisions"}],"predecessor-version":[{"id":5081,"href":"https:\/\/lirpasilicones.com\/ca\/wp-json\/wp\/v2\/pages\/3430\/revisions\/5081"}],"wp:attachment":[{"href":"https:\/\/lirpasilicones.com\/ca\/wp-json\/wp\/v2\/media?parent=3430"}],"wp:term":[{"taxonomy":"category","embeddable":true,"href":"https:\/\/lirpasilicones.com\/ca\/wp-json\/wp\/v2\/categories?post=3430"},{"taxonomy":"post_tag","embeddable":true,"href":"https:\/\/lirpasilicones.com\/ca\/wp-json\/wp\/v2\/tags?post=3430"}],"curies":[{"name":"wp","href":"https:\/\/api.w.org\/{rel}","templated":true}]}}