{"id":3425,"date":"2020-10-26T12:20:25","date_gmt":"2020-10-26T12:20:25","guid":{"rendered":"https:\/\/lirpasilicones.com\/footer\/"},"modified":"2021-11-18T16:47:48","modified_gmt":"2021-11-18T14:47:48","slug":"footer","status":"publish","type":"page","link":"https:\/\/lirpasilicones.com\/ca\/footer\/","title":{"rendered":"Footer"},"content":{"rendered":"<section id=\"bt_bb_section69d004e1bd4ca\" class=\"bt_bb_section bt_bb_color_scheme_1 bt_bb_layout_wide bt_bb_vertical_align_top\" style=\"; --section-primary-color:#ffffff; --section-secondary-color:#000000;;background-color:rgb(0,59,104);\" data-bt-override-class=\"null\"><div class=\"bt_bb_port\"><div class=\"bt_bb_cell\"><div class=\"bt_bb_cell_inner\"><div class=\"bt_bb_row bt_bb_row_push_right bt_bb_row_push_left bt_bb_row_width_boxed_1200 bt_bb_row_width_boxed \"  data-bt-override-class=\"{}\"><div class=\"bt_bb_row_holder\" ><div  class=\"bt_bb_column col-xxl-3 col-xl-3 btLightSkin bt_bb_vertical_align_top bt_bb_align_left bt_bb_padding_10\" style=\"background-color:rgba(241, 241, 241, 1);; --column-width:3;\" data-width=\"3\" data-bt-override-class=\"{}\"><div class=\"bt_bb_column_content\"><div class=\"bt_bb_column_content_inner\"><div class=\"bt_bb_separator bt_bb_border_style_none bt_bb_bottom_spacing_40\" data-bt-override-class=\"null\"><\/div><div class=\"bt_bb_separator bt_bb_border_style_none bt_bb_bottom_spacing_40 bt_bb_hidden_xs bt_bb_hidden_ms bt_bb_hidden_sm\" data-bt-override-class=\"null\"><\/div><div class=\"bt_bb_image bt_bb_shape_square bt_bb_align_inherit bt_bb_hover_style_simple bt_bb_content_display_always bt_bb_content_align_middle bt_bb_remove_padding_yes bt_bb_fill_background_color_full\" style=\"max-width: 195px;\" data-bt-override-class=\"null\"><span><img src = \"https:\/\/lirpasilicones.com\/wp-content\/plugins\/bold-page-builder\/img\/blank.gif\" data-full_image_src=\"https:\/\/lirpasilicones.com\/wp-content\/uploads\/2019\/09\/Logo-LIRPA-RGB-color.png\" data-image_src=\"https:\/\/lirpasilicones.com\/wp-content\/uploads\/2019\/09\/Logo-LIRPA-RGB-color.png\" title=\"Logo-LIRPA\" alt=\"https:\/\/lirpasilicones.com\/wp-content\/uploads\/2019\/09\/Logo-LIRPA-RGB-color.png\" class=\"btLazyLoadImage\"><\/span><\/div><div class=\"bt_bb_separator bt_bb_border_style_none bt_bb_bottom_spacing_40\" data-bt-override-class=\"null\"><\/div><div  class=\"bt_bb_text\" ><\/p>\n<p><strong>LIRPA Silicones<\/strong> &#8211; Especialistes en solucions antiadherents<\/p>\n<p>\n<\/div><div class=\"bt_bb_separator bt_bb_border_style_none bt_bb_bottom_spacing_45\" data-bt-override-class=\"null\"><\/div><div class=\"bt_bb_icon bt_bb_color_scheme_3 bt_bb_style_borderless bt_bb_size_small bt_bb_shape_circle bt_bb_target_blank bt_bb_text_empty bt_bb_align_inherit\" style=\"; --primary-color:#003b68; --secondary-color:#000000;\" data-bt-override-class=\"{&quot;bt_bb_size_&quot;:{&quot;current_class&quot;:&quot;bt_bb_size_small&quot;,&quot;xxl&quot;:&quot;small&quot;,&quot;xl&quot;:&quot;small&quot;},&quot;bt_bb_align_&quot;:{&quot;current_class&quot;:&quot;bt_bb_align_inherit&quot;,&quot;xxl&quot;:&quot;inherit&quot;,&quot;xl&quot;:&quot;inherit&quot;}}\"><a href=\"https:\/\/www.facebook.com\/lirpasilicones\/\"  target=\"_blank\"   data-ico-fontawesome5brands=\"&#xf39e;\" class=\"bt_bb_icon_holder\"><\/a><\/div><div class=\"bt_bb_icon bt_bb_color_scheme_3 bt_bb_style_borderless bt_bb_size_small bt_bb_shape_circle bt_bb_target_blank bt_bb_text_empty bt_bb_align_inherit\" style=\"margin-left: .65em;; --primary-color:#003b68; --secondary-color:#000000;\" data-bt-override-class=\"{&quot;bt_bb_size_&quot;:{&quot;current_class&quot;:&quot;bt_bb_size_small&quot;,&quot;xxl&quot;:&quot;small&quot;,&quot;xl&quot;:&quot;small&quot;},&quot;bt_bb_align_&quot;:{&quot;current_class&quot;:&quot;bt_bb_align_inherit&quot;,&quot;xxl&quot;:&quot;inherit&quot;,&quot;xl&quot;:&quot;inherit&quot;}}\"><a href=\"https:\/\/www.instagram.com\/lirpasilicones\/\"  target=\"_blank\"   data-ico-fontawesome5brands=\"&#xf16d;\" class=\"bt_bb_icon_holder\"><\/a><\/div><div class=\"bt_bb_separator bt_bb_border_style_none bt_bb_bottom_spacing_40\" data-bt-override-class=\"null\"><\/div><div class=\"bt_bb_separator bt_bb_border_style_none bt_bb_bottom_spacing_40 bt_bb_hidden_xs bt_bb_hidden_ms bt_bb_hidden_sm\" data-bt-override-class=\"null\"><\/div><\/div><\/div><\/div><div  class=\"bt_bb_column col-xxl-9 col-xl-9 center-content-column bt_bb_vertical_align_top bt_bb_align_left bt_bb_padding_10\" style=\"background-color:rgb(0,59,104);; --column-width:9;\" data-width=\"9\" data-bt-override-class=\"{&quot;bt_bb_align_&quot;:{&quot;current_class&quot;:&quot;bt_bb_align_left&quot;,&quot;xxl&quot;:&quot;left&quot;,&quot;xl&quot;:&quot;left&quot;}}\"><div class=\"bt_bb_column_content\"><div class=\"bt_bb_column_content_inner\"><div class=\"bt_bb_separator bt_bb_border_style_none bt_bb_bottom_spacing_40\" data-bt-override-class=\"null\"><\/div><div class=\"bt_bb_separator bt_bb_border_style_none bt_bb_bottom_spacing_50 bt_bb_hidden_xs bt_bb_hidden_ms bt_bb_hidden_sm\" data-bt-override-class=\"null\"><\/div><div class=\" bt_bb_row_inner bt_bb_column_inner_gap_40\"   data-bt-override-class=\"{}\"><div class=\"bt_bb_row_inner_holder\"  ><div  class=\"bt_bb_column_inner col-xxl-4 col-xl-4 col-xs-12 col-sm-12 col-md-12 col-lg-4 bt_bb_vertical_align_top bt_bb_align_left bt_bb_padding_normal\"  data-width=\"4\" data-bt-override-class=\"{&quot;bt_bb_align_&quot;:{&quot;current_class&quot;:&quot;bt_bb_align_left&quot;,&quot;xxl&quot;:&quot;left&quot;,&quot;xl&quot;:&quot;left&quot;}}\"><div class=\"bt_bb_column_inner_content\"><header class=\"bt_bb_headline bt_bb_dash_none bt_bb_size_small bt_bb_align_inherit\" data-bt-override-class=\"null\"><h4><span class=\"bt_bb_headline_content\"><span>P\u00e0gines<\/span><\/span><\/h4><\/header><div class=\"bt_bb_separator bt_bb_border_style_none bt_bb_bottom_spacing_40\" data-bt-override-class=\"null\"><\/div><div class=\"bt_bb_custom_menu btBulletedMenu btDarkBullets btLightFontMenu bt_bb_direction_vertical\"><div class=\"menu-sidebarcat-container\"><ul id=\"menu-sidebarcat\" class=\"menu\"><li id=\"menu-item-3715\" class=\"menu-item menu-item-type-post_type menu-item-object-page menu-item-home menu-item-3715\"><a href=\"https:\/\/lirpasilicones.com\/ca\/\">Inici<\/a><\/li>\n<li id=\"menu-item-3716\" class=\"menu-item menu-item-type-post_type menu-item-object-page menu-item-3716\"><a href=\"https:\/\/lirpasilicones.com\/ca\/recubrimientos-antiadherentes\/\">Recobriments antiadherents<\/a><\/li>\n<li id=\"menu-item-3717\" class=\"menu-item menu-item-type-post_type menu-item-object-page menu-item-3717\"><a href=\"https:\/\/lirpasilicones.com\/ca\/bandejas\/\">Safates per a panificaci\u00f3<\/a><\/li>\n<li id=\"menu-item-3718\" class=\"menu-item menu-item-type-post_type menu-item-object-page menu-item-3718\"><a href=\"https:\/\/lirpasilicones.com\/ca\/moldes-panficacion\/\">Motlles i carros per a panificaci\u00f3<\/a><\/li>\n<li id=\"menu-item-4623\" class=\"menu-item menu-item-type-post_type menu-item-object-page menu-item-4623\"><a href=\"https:\/\/lirpasilicones.com\/ca\/accesorios-para-panificacion\/\">Accessoris per a panificaci\u00f3<\/a><\/li>\n<li id=\"menu-item-3720\" class=\"menu-item menu-item-type-post_type menu-item-object-page menu-item-3720\"><a href=\"https:\/\/lirpasilicones.com\/ca\/nosotros\/\">Nosaltres<\/a><\/li>\n<li id=\"menu-item-3721\" class=\"menu-item menu-item-type-post_type menu-item-object-page menu-item-3721\"><a href=\"https:\/\/lirpasilicones.com\/ca\/contacto\/\">Contacte<\/a><\/li>\n<\/ul><\/div><\/div><div class=\"bt_bb_separator bt_bb_border_style_none bt_bb_bottom_spacing_40\" data-bt-override-class=\"null\"><\/div><\/div><\/div><div  class=\"bt_bb_column_inner col-xxl-4 col-xl-4 col-xs-12 col-sm-12 col-md-12 col-lg-4 bt_bb_vertical_align_top bt_bb_align_left bt_bb_padding_normal\"  data-width=\"4\" data-bt-override-class=\"{&quot;bt_bb_align_&quot;:{&quot;current_class&quot;:&quot;bt_bb_align_left&quot;,&quot;xxl&quot;:&quot;left&quot;,&quot;xl&quot;:&quot;left&quot;}}\"><div class=\"bt_bb_column_inner_content\"><header class=\"bt_bb_headline bt_bb_dash_none bt_bb_size_small bt_bb_align_inherit\" data-bt-override-class=\"null\"><h4><span class=\"bt_bb_headline_content\"><span>Contacta<\/span><\/span><\/h4><\/header><div class=\"bt_bb_separator bt_bb_border_style_none bt_bb_bottom_spacing_40\" data-bt-override-class=\"null\"><\/div><div class=\"bt_bb_icon bt_bb_align_icon_top btFooterDarkIcon bt_bb_color_scheme_1 bt_bb_style_borderless bt_bb_size_small bt_bb_shape_circle bt_bb_target_self bt_bb_align_inherit\" style=\"; --primary-color:#ffffff; --secondary-color:#000000;\" data-bt-override-class=\"{&quot;bt_bb_size_&quot;:{&quot;current_class&quot;:&quot;bt_bb_size_small&quot;,&quot;xxl&quot;:&quot;small&quot;,&quot;xl&quot;:&quot;small&quot;},&quot;bt_bb_align_&quot;:{&quot;current_class&quot;:&quot;bt_bb_align_inherit&quot;,&quot;xxl&quot;:&quot;inherit&quot;,&quot;xl&quot;:&quot;inherit&quot;}}\"><span  data-ico-fontawesome5solid=\"&#xf3c5;\" class=\"bt_bb_icon_holder\"><span>C\/Industria n\u00ba113 naves L-M. Pol\u00edgono Industrial Can Castells 08420 \u2013 Canovelles BARCELONA (Espa\u00f1a)<\/span><\/span><\/div><div class=\"bt_bb_separator bt_bb_border_style_none bt_bb_bottom_spacing_15\" data-bt-override-class=\"null\"><\/div><div class=\"bt_bb_icon btFooterDarkIcon bt_bb_color_scheme_1 bt_bb_style_borderless bt_bb_size_small bt_bb_shape_circle bt_bb_target_self bt_bb_align_inherit\" style=\"; --primary-color:#ffffff; --secondary-color:#000000;\" data-bt-override-class=\"{&quot;bt_bb_size_&quot;:{&quot;current_class&quot;:&quot;bt_bb_size_small&quot;,&quot;xxl&quot;:&quot;small&quot;,&quot;xl&quot;:&quot;small&quot;},&quot;bt_bb_align_&quot;:{&quot;current_class&quot;:&quot;bt_bb_align_inherit&quot;,&quot;xxl&quot;:&quot;inherit&quot;,&quot;xl&quot;:&quot;inherit&quot;}}\"><a href=\"tel:938498646\"  target=\"_self\"  title=\"+34 938 498 646\"  data-ico-fontawesome5solid=\"&#xf095;\" class=\"bt_bb_icon_holder\"><span>+34 938 498 646<\/span><\/a><\/div><div class=\"bt_bb_separator bt_bb_border_style_none bt_bb_bottom_spacing_15\" data-bt-override-class=\"null\"><\/div><div class=\"bt_bb_icon btFooterDarkIcon bt_bb_color_scheme_1 bt_bb_style_borderless bt_bb_size_small bt_bb_shape_circle bt_bb_target_self bt_bb_align_inherit\" style=\"; --primary-color:#ffffff; --secondary-color:#000000;\" data-bt-override-class=\"{&quot;bt_bb_size_&quot;:{&quot;current_class&quot;:&quot;bt_bb_size_small&quot;,&quot;xxl&quot;:&quot;small&quot;,&quot;xl&quot;:&quot;small&quot;},&quot;bt_bb_align_&quot;:{&quot;current_class&quot;:&quot;bt_bb_align_inherit&quot;,&quot;xxl&quot;:&quot;inherit&quot;,&quot;xl&quot;:&quot;inherit&quot;}}\"><a href=\"mailto:info@lirpasilicones.com\"  target=\"_self\"  title=\"info@lirpasilicones.com\"  data-ico-fontawesome=\"&#xf0e0;\" class=\"bt_bb_icon_holder\"><span>info@lirpasilicones.com<\/span><\/a><\/div><div class=\"bt_bb_separator bt_bb_border_style_none bt_bb_bottom_spacing_15\" data-bt-override-class=\"null\"><\/div><div class=\"bt_bb_icon btFooterDarkIcon bt_bb_color_scheme_1 bt_bb_style_borderless bt_bb_size_small bt_bb_shape_circle bt_bb_target_self bt_bb_align_inherit\" style=\"; --primary-color:#ffffff; --secondary-color:#000000;\" data-bt-override-class=\"{&quot;bt_bb_size_&quot;:{&quot;current_class&quot;:&quot;bt_bb_size_small&quot;,&quot;xxl&quot;:&quot;small&quot;,&quot;xl&quot;:&quot;small&quot;},&quot;bt_bb_align_&quot;:{&quot;current_class&quot;:&quot;bt_bb_align_inherit&quot;,&quot;xxl&quot;:&quot;inherit&quot;,&quot;xl&quot;:&quot;inherit&quot;}}\"><span  data-ico-fontawesome=\"&#xf1ac;\" class=\"bt_bb_icon_holder\"><span>+34 93 849 84 22<\/span><\/span><\/div><\/div><\/div><div  class=\"bt_bb_column_inner col-xxl-4 col-xl-4 col-xs-12 col-sm-12 col-md-12 col-lg-4 bt_bb_vertical_align_top bt_bb_align_left bt_bb_padding_normal\"  data-width=\"4\" data-bt-override-class=\"{&quot;bt_bb_align_&quot;:{&quot;current_class&quot;:&quot;bt_bb_align_left&quot;,&quot;xxl&quot;:&quot;left&quot;,&quot;xl&quot;:&quot;left&quot;}}\"><div class=\"bt_bb_column_inner_content\"><div class=\"bt_bb_separator bt_bb_border_style_none bt_bb_top_spacing_30 bt_bb_hidden_sm bt_bb_hidden_md bt_bb_hidden_lg\" data-bt-override-class=\"null\"><\/div><header class=\"bt_bb_headline bt_bb_dash_none bt_bb_size_small bt_bb_align_inherit\" data-bt-override-class=\"null\"><h4><span class=\"bt_bb_headline_content\"><span>Legal<\/span><\/span><\/h4><\/header><div class=\"bt_bb_separator bt_bb_border_style_none bt_bb_bottom_spacing_40\" data-bt-override-class=\"null\"><\/div><div class=\"bt_bb_custom_menu bt_bb_direction_vertical\"><div class=\"menu-footer-services-catala-container\"><ul id=\"menu-footer-services-catala\" class=\"menu\"><li id=\"menu-item-3736\" class=\"menu-item menu-item-type-post_type menu-item-object-page menu-item-3736\"><a href=\"https:\/\/lirpasilicones.com\/ca\/politica-de-privacidad\/\">Pol\u00edtica de Privacitat<\/a><\/li>\n<li id=\"menu-item-3743\" class=\"menu-item menu-item-type-post_type menu-item-object-page menu-item-3743\"><a href=\"https:\/\/lirpasilicones.com\/ca\/aviso-legal\/\">Avis legal<\/a><\/li>\n<li id=\"menu-item-3744\" class=\"menu-item menu-item-type-post_type menu-item-object-page menu-item-3744\"><a href=\"https:\/\/lirpasilicones.com\/ca\/politica-cookies\/\">Pol\u00edtica de Cookies<\/a><\/li>\n<\/ul><\/div><\/div><div class=\"bt_bb_separator bt_bb_border_style_none bt_bb_top_spacing_40\" data-bt-override-class=\"null\"><\/div><\/div><\/div><\/div><\/div><div class=\"bt_bb_separator bt_bb_border_style_none bt_bb_bottom_spacing_40 bt_bb_hidden_xs bt_bb_hidden_ms bt_bb_hidden_sm\" data-bt-override-class=\"null\"><\/div><\/div><\/div><\/div><\/div><\/div><\/div><!-- cell_inner --><\/div><!-- cell --><\/div><!-- port --><\/section>\n","protected":false},"excerpt":{"rendered":"LIRPA Silicones &#8211; Especialistes en solucions antiadherents P\u00e0ginesInici Recobriments antiadherents Safates per a panificaci\u00f3 Motlles i carros per a panificaci\u00f3 Accessoris per a panificaci\u00f3 Nosaltres Contacte ContactaC\/Industria n\u00ba113 naves L-M. Pol\u00edgono Industrial Can Castells 08420 \u2013 Canovelles BARCELONA (Espa\u00f1a)+34 938 498 646info@lirpasilicones.com+34 93 849 84 22LegalPol\u00edtica de Privacitat Avis legal Pol\u00edtica de Cookies","protected":false},"author":1004,"featured_media":0,"parent":0,"menu_order":0,"comment_status":"closed","ping_status":"closed","template":"","meta":{"inline_featured_image":false,"_monsterinsights_skip_tracking":false,"_monsterinsights_sitenote_active":false,"_monsterinsights_sitenote_note":"","_monsterinsights_sitenote_category":0,"footnotes":""},"categories":[],"tags":[],"class_list":["post-3425","page","type-page","status-publish","hentry"],"yoast_head":"<!-- This site is optimized with the Yoast SEO plugin v24.2 - https:\/\/yoast.com\/wordpress\/plugins\/seo\/ -->\n<title>Footer &#8211; LIRPA<\/title>\n<meta name=\"robots\" content=\"index, follow, max-snippet:-1, max-image-preview:large, max-video-preview:-1\" \/>\n<link rel=\"canonical\" href=\"https:\/\/lirpasilicones.com\/ca\/footer\/\" \/>\n<meta property=\"og:locale\" content=\"es_ES\" \/>\n<meta property=\"og:type\" content=\"article\" \/>\n<meta property=\"og:title\" content=\"Footer &#8211; LIRPA\" \/>\n<meta property=\"og:url\" content=\"https:\/\/lirpasilicones.com\/ca\/footer\/\" \/>\n<meta property=\"og:site_name\" content=\"LIRPA\" \/>\n<meta property=\"article:modified_time\" content=\"2021-11-18T14:47:48+00:00\" \/>\n<meta name=\"twitter:card\" content=\"summary_large_image\" \/>\n<meta name=\"twitter:label1\" content=\"Est. reading time\" \/>\n\t<meta name=\"twitter:data1\" content=\"3 minutes\" \/>\n<script type=\"application\/ld+json\" class=\"yoast-schema-graph\">{\"@context\":\"https:\/\/schema.org\",\"@graph\":[{\"@type\":\"WebPage\",\"@id\":\"https:\/\/lirpasilicones.com\/ca\/footer\/\",\"url\":\"https:\/\/lirpasilicones.com\/ca\/footer\/\",\"name\":\"Footer &#8211; LIRPA\",\"isPartOf\":{\"@id\":\"https:\/\/lirpasilicones.com\/#website\"},\"datePublished\":\"2020-10-26T12:20:25+00:00\",\"dateModified\":\"2021-11-18T14:47:48+00:00\",\"breadcrumb\":{\"@id\":\"https:\/\/lirpasilicones.com\/ca\/footer\/#breadcrumb\"},\"inLanguage\":\"es-CA\",\"potentialAction\":[{\"@type\":\"ReadAction\",\"target\":[\"https:\/\/lirpasilicones.com\/ca\/footer\/\"]}]},{\"@type\":\"BreadcrumbList\",\"@id\":\"https:\/\/lirpasilicones.com\/ca\/footer\/#breadcrumb\",\"itemListElement\":[{\"@type\":\"ListItem\",\"position\":1,\"name\":\"Home\",\"item\":\"https:\/\/lirpasilicones.com\/ca\/\"},{\"@type\":\"ListItem\",\"position\":2,\"name\":\"Footer\"}]},{\"@type\":\"WebSite\",\"@id\":\"https:\/\/lirpasilicones.com\/#website\",\"url\":\"https:\/\/lirpasilicones.com\/\",\"name\":\"LIRPA\",\"description\":\"Silicones\",\"publisher\":{\"@id\":\"https:\/\/lirpasilicones.com\/#organization\"},\"potentialAction\":[{\"@type\":\"SearchAction\",\"target\":{\"@type\":\"EntryPoint\",\"urlTemplate\":\"https:\/\/lirpasilicones.com\/?s={search_term_string}\"},\"query-input\":{\"@type\":\"PropertyValueSpecification\",\"valueRequired\":true,\"valueName\":\"search_term_string\"}}],\"inLanguage\":\"es-CA\"},{\"@type\":\"Organization\",\"@id\":\"https:\/\/lirpasilicones.com\/#organization\",\"name\":\"Lirpa Silicones\",\"url\":\"https:\/\/lirpasilicones.com\/\",\"logo\":{\"@type\":\"ImageObject\",\"inLanguage\":\"es-CA\",\"@id\":\"https:\/\/lirpasilicones.com\/#\/schema\/logo\/image\/\",\"url\":\"https:\/\/lirpasilicones.com\/wp-content\/uploads\/2019\/09\/Logo-LIRPA-RGB-color.png\",\"contentUrl\":\"https:\/\/lirpasilicones.com\/wp-content\/uploads\/2019\/09\/Logo-LIRPA-RGB-color.png\",\"width\":439,\"height\":112,\"caption\":\"Lirpa Silicones\"},\"image\":{\"@id\":\"https:\/\/lirpasilicones.com\/#\/schema\/logo\/image\/\"}}]}<\/script>\n<!-- \/ Yoast SEO plugin. -->","yoast_head_json":{"title":"Footer &#8211; LIRPA","robots":{"index":"index","follow":"follow","max-snippet":"max-snippet:-1","max-image-preview":"max-image-preview:large","max-video-preview":"max-video-preview:-1"},"canonical":"https:\/\/lirpasilicones.com\/ca\/footer\/","og_locale":"es_ES","og_type":"article","og_title":"Footer &#8211; LIRPA","og_url":"https:\/\/lirpasilicones.com\/ca\/footer\/","og_site_name":"LIRPA","article_modified_time":"2021-11-18T14:47:48+00:00","twitter_card":"summary_large_image","twitter_misc":{"Est. reading time":"3 minutes"},"schema":{"@context":"https:\/\/schema.org","@graph":[{"@type":"WebPage","@id":"https:\/\/lirpasilicones.com\/ca\/footer\/","url":"https:\/\/lirpasilicones.com\/ca\/footer\/","name":"Footer &#8211; LIRPA","isPartOf":{"@id":"https:\/\/lirpasilicones.com\/#website"},"datePublished":"2020-10-26T12:20:25+00:00","dateModified":"2021-11-18T14:47:48+00:00","breadcrumb":{"@id":"https:\/\/lirpasilicones.com\/ca\/footer\/#breadcrumb"},"inLanguage":"es-CA","potentialAction":[{"@type":"ReadAction","target":["https:\/\/lirpasilicones.com\/ca\/footer\/"]}]},{"@type":"BreadcrumbList","@id":"https:\/\/lirpasilicones.com\/ca\/footer\/#breadcrumb","itemListElement":[{"@type":"ListItem","position":1,"name":"Home","item":"https:\/\/lirpasilicones.com\/ca\/"},{"@type":"ListItem","position":2,"name":"Footer"}]},{"@type":"WebSite","@id":"https:\/\/lirpasilicones.com\/#website","url":"https:\/\/lirpasilicones.com\/","name":"LIRPA","description":"Silicones","publisher":{"@id":"https:\/\/lirpasilicones.com\/#organization"},"potentialAction":[{"@type":"SearchAction","target":{"@type":"EntryPoint","urlTemplate":"https:\/\/lirpasilicones.com\/?s={search_term_string}"},"query-input":{"@type":"PropertyValueSpecification","valueRequired":true,"valueName":"search_term_string"}}],"inLanguage":"es-CA"},{"@type":"Organization","@id":"https:\/\/lirpasilicones.com\/#organization","name":"Lirpa Silicones","url":"https:\/\/lirpasilicones.com\/","logo":{"@type":"ImageObject","inLanguage":"es-CA","@id":"https:\/\/lirpasilicones.com\/#\/schema\/logo\/image\/","url":"https:\/\/lirpasilicones.com\/wp-content\/uploads\/2019\/09\/Logo-LIRPA-RGB-color.png","contentUrl":"https:\/\/lirpasilicones.com\/wp-content\/uploads\/2019\/09\/Logo-LIRPA-RGB-color.png","width":439,"height":112,"caption":"Lirpa Silicones"},"image":{"@id":"https:\/\/lirpasilicones.com\/#\/schema\/logo\/image\/"}}]}},"_links":{"self":[{"href":"https:\/\/lirpasilicones.com\/ca\/wp-json\/wp\/v2\/pages\/3425","targetHints":{"allow":["GET"]}}],"collection":[{"href":"https:\/\/lirpasilicones.com\/ca\/wp-json\/wp\/v2\/pages"}],"about":[{"href":"https:\/\/lirpasilicones.com\/ca\/wp-json\/wp\/v2\/types\/page"}],"author":[{"embeddable":true,"href":"https:\/\/lirpasilicones.com\/ca\/wp-json\/wp\/v2\/users\/1004"}],"replies":[{"embeddable":true,"href":"https:\/\/lirpasilicones.com\/ca\/wp-json\/wp\/v2\/comments?post=3425"}],"version-history":[{"count":7,"href":"https:\/\/lirpasilicones.com\/ca\/wp-json\/wp\/v2\/pages\/3425\/revisions"}],"predecessor-version":[{"id":5008,"href":"https:\/\/lirpasilicones.com\/ca\/wp-json\/wp\/v2\/pages\/3425\/revisions\/5008"}],"wp:attachment":[{"href":"https:\/\/lirpasilicones.com\/ca\/wp-json\/wp\/v2\/media?parent=3425"}],"wp:term":[{"taxonomy":"category","embeddable":true,"href":"https:\/\/lirpasilicones.com\/ca\/wp-json\/wp\/v2\/categories?post=3425"},{"taxonomy":"post_tag","embeddable":true,"href":"https:\/\/lirpasilicones.com\/ca\/wp-json\/wp\/v2\/tags?post=3425"}],"curies":[{"name":"wp","href":"https:\/\/api.w.org\/{rel}","templated":true}]}}